{"id":3113,"date":"2018-06-14T08:38:07","date_gmt":"2018-06-14T08:38:07","guid":{"rendered":"https:\/\/lasallecadiz.es\/mirandilla\/?page_id=3113"},"modified":"2025-03-11T10:51:58","modified_gmt":"2025-03-11T10:51:58","slug":"politica-de-privacidad","status":"publish","type":"page","link":"https:\/\/lasallecadiz.es\/mirandilla\/politica-de-privacidad\/","title":{"rendered":"Pol\u00edtica de privacidad"},"content":{"rendered":"<div id=\"content\">\n<div id=\"post-200\" class=\"post page clearfix post-200 type-page status-publish hentry\">\n<h2 class=\"title\">Pol\u00edtica de Cookies y Privacidad<\/h2>\n<div class=\"entry clearfix\">\n<p>El presente aviso e informaci\u00f3n legales (en adelante, el \u201cAviso Legal\u201d) regula el uso del servicio web <a href=\"https:\/\/www.lasallefelipebenito.es\/\" target=\"_blank\" rel=\"noopener\">www.lasallecadiz.es\/mirandilla<\/a>\u00a0(en adelante, WEB) del que es titular HERMANOS DE LAS ESCUELAS CRISTIANAS (LA SALLE MIRANDILLA Y LA SALLE VI\u00d1A)\u00a0(en adelante,LA SALLE CADIZ), con domicilio en C\/Mart\u00ednez Campos n\u00ba 4, 11002 C\u00e1diz, direcci\u00f3n electr\u00f3nica dirvina@lasalleandalucia.net, inscrita en el Registro del Ministerio de Justicia. N\u00ba de Inscripci\u00f3n: 1193-a\/0-SE\/B. Fecha de Inscripci\u00f3n: 05\/07\/1982.<\/p>\n<h3>Pol\u00edtica de Privacidad<\/h3>\n<ol>\n<li>LA SALLE CADIZ crear\u00e1 y asignar\u00e1 los usuarios que considere oportunos para la gesti\u00f3n de la p\u00e1gina web y sus contenidos. El tratamiento de sus datos de car\u00e1cter personal est\u00e1n de acuerdo a lo establecido por el Reglamento General de Protecci\u00f3n de Datos (UE) 2016\/679, de Protecci\u00f3n de Datos de Car\u00e1cter Personal y dem\u00e1s normativa de aplicaci\u00f3n.<\/li>\n<li>Cookies. El acceso a Sallenet puede implicar la utilizaci\u00f3n de cookies. Las cookies son peque\u00f1as cantidades de informaci\u00f3n que se almacenan en el navegador utilizado por cada usuario para que el servidor recuerde\u00a0dicha\u00a0informaci\u00f3n, que posteriormente pueda utilizar. Esta informaci\u00f3n permite identificarle a usted como un usuario concreto y permite guardar sus preferencias personales, as\u00ed como informaci\u00f3n t\u00e9cnica de su experencia en la web. Aquellos usuarios que no deseen recibir\u00a0Cookies pueden configurar su navegador a tal efecto.<\/li>\n<li>La utilizaci\u00f3n de la p\u00e1gina WEB , as\u00ed como de los servicios generales de informaci\u00f3n que se ofrecen por LA SALLE\u00a0CADIZ en dicha p\u00e1gina WEB est\u00e1n ofrecidos por la instituci\u00f3n y sin perjuicio de que esta circunstancia pueda variar de acuerdo con la Cl\u00e1usula d\u00e9cimo quinta de estas Condiciones Generales o por las Condiciones Generales de Uso que regulen particularmente cualquiera de los servicios incluidos ofrecidos por LA SALLE CADIZ.<\/li>\n<li>Por el mero uso de la p\u00e1gina WEB de LA SALLE CADIZ , el usuario manifiesta su aceptaci\u00f3n sin reservas de las presentes condiciones generales.<\/li>\n<li>El usuario se obliga a no utilizar la p\u00e1gina WEB ni los servicios ofertados en ella por LA SALLE\u00a0CADIZ para la realizaci\u00f3n de actividades contrarias a las leyes, a la moral, al orden p\u00fablico y, en general, a hacer un uso conforme a las presentes condiciones generales. Se obliga, as\u00ed mismo, a no realizar actividades publicitarias o de explotaci\u00f3n comercial y a no remitir mensajes utilizando una identidad falsa, as\u00ed como a no ocultar en manera alguna el origen del mensaje.<\/li>\n<li>LA SALLE\u00a0CADIZ act\u00faa exclusivamente como responsable de la p\u00e1gina WEB, prestadora de un servicio de informaci\u00f3n sobre sus propios servicios, no haci\u00e9ndose responsable de los contenidos que, en contravenci\u00f3n a las presentes condiciones generales, los usuarios pudieran enviar o publicar, siendo el usuario el \u00fanico responsable de la veracidad y licitud de los mismos.<\/li>\n<li>El usuario se obliga a respetar las restricciones de uso de la p\u00e1gina WEB y de los servicios ofertados por LA SALLE\u00a0CADIZ en cada momento.<\/li>\n<li>LA SALLE\u00a0CADIZ no ser\u00e1 responsable de los fallos que pudieran producirse en las comunicaciones, incluido el borrado, transmisi\u00f3n incompleta o retrasos en la remisi\u00f3n, no comprometi\u00e9ndose tampoco a que la red de transmisi\u00f3n est\u00e9 operativa en todo momento. Tampoco responder\u00e1 LA SALLE\u00a0CADIZ en caso de que un tercero, quebrantando las medidas de seguridad establecidas, acceda a mensajes o los utilice para la remisi\u00f3n de virus inform\u00e1ticos.<\/li>\n<li>LA SALLE\u00a0CADIZ ha adoptado todas las medidas de seguridad legalmente exigidas para la protecci\u00f3n de los datos personales suministrados por el usuario. No obstante, no puede garantizar la invulnerabilidad absoluta de sus sistemas de seguridad, ni puede garantizar la seguridad o inviolabilidad de dichos datos en su transmisi\u00f3n a trav\u00e9s de la red por circunstancias ajenas a la instituci\u00f3n.<\/li>\n<li>Le informamos de la implementaci\u00f3n de las medidas de seguridad sobre los datos legalmente establecidas, as\u00ed como de la posibilidad de que ejerza los derechos de acceso, rectificaci\u00f3n, cancelaci\u00f3n y oposici\u00f3n de sus datos de car\u00e1cter personal, mediante comunicaci\u00f3n escrita dirigida a Hermanos de las Escuelas Cristianas (La Salle C\u00e1diz), con domicilio en C\/ Mart\u00ednez Campos n\u00ba 4, 11002 &#8211; C\u00e1diz.<\/li>\n<li>LA SALLE CADIZ no garantiza la licitud, fiabilidad y utilidad de los contenidos que los usuarios transmitan con la utilizaci\u00f3n de la p\u00e1gina WEB de los servicios en \u00e9l ofertados, as\u00ed como tampoco su veracidad o exactitud.<\/li>\n<li>LA SALLE CADIZ no controla la utilizaci\u00f3n que los usuarios hacen de la p\u00e1gina WEB, ni garantiza que lo hagan de forma conforme a las presentes Condiciones Generales.<\/li>\n<li>Todos los contenidos y derechos intelectuales (dise\u00f1os, marcas comerciales, fotograf\u00edas\u2026) habidos en la p\u00e1gina WEB, est\u00e1n protegidos por los derechos de autor y otros derechos sobre la propiedad intelectual de LA SALLE\u00a0CADIZ y de los dem\u00e1s titulares de los derechos.<\/li>\n<li>LA SALLE\u00a0CADIZ no controla ni garantiza la ausencia de virus inform\u00e1ticos en los servicios prestados por terceros a trav\u00e9s de la p\u00e1gina\u00a0WEB que puedan producir alteraciones en su sistema inform\u00e1tico (software y hardware) o en los documentos y ficheros electr\u00f3nicos almacenados en su sistema inform\u00e1tico. Los dispositivos de enlace que la p\u00e1gina WEB\u00a0pone a disposici\u00f3n de los usuarios tienen por \u00fanico objeto facilitar a los mismos la b\u00fasqueda de la informaci\u00f3n disponible en Internet.<\/li>\n<li>LA SALLE\u00a0CADIZ podr\u00e1 interrumpir el servicio de la p\u00e1gina WEB que est\u00e9 siendo utilizada por el usuario y resolver de modo inmediato la relaci\u00f3n con el usuario si detecta un uso de dicha web o de cualquiera de los servicios que en el mismo se ofertan que pueda considerar contrario al presente aviso legal.<\/li>\n<li>LA SALLE CADIZ\u00a0 se reserva el derecho de dejar de prestar cualquiera de los servicios ofrecidos, bastando para ello comunicarlo en la pantalla de acceso al servicio con un pre-aviso de QUINCE (15) d\u00edas. Se reserva, as\u00ed mismo, el derecho de modificar unilateralmente, en cualquier momento y sin previo aviso, la presentaci\u00f3n y condiciones de la p\u00e1gina WEB, as\u00ed como los servicios ofertados y las condiciones requeridas para su utilizaci\u00f3n.<\/li>\n<li>LA SALLE CADIZ\u00a0 podr\u00e1, en cualquier momento, modificar el presente Aviso Legal o introducir nuevas condiciones de uso de la p\u00e1gina web y\/o de los servicios en ella ofertados, incluido el cese de la gratuidad. Dichas modificaciones solo ser\u00e1n de aplicaci\u00f3n a partir de su entrada en vigor.<\/li>\n<li>El presente Aviso Legal se rige en todos y cada uno de sus extremos por la legislaci\u00f3n espa\u00f1ola. LA SALLE CADIZ\u00a0 y el usuario, con renuncia expresa a cualquier otro fuero que pudiera corresponderles, se someten a la jurisdicci\u00f3n de los Juzgados y Tribunales de C\u00e1diz, para cualquier controversia, litigio o discrepancia que pudiera suscitarse o acciones derivadas de la prestaci\u00f3n del servicio de esta p\u00e1gina WEB y de sus servicios y contenidos, y sobre la interpretaci\u00f3n, aplicaci\u00f3n, cumplimiento o incumplimiento de los t\u00e9rminos aqu\u00ed establecidos.<\/li>\n<li>En cumplimiento de lo establecido en la\u00a0 Reglamento General de Protecci\u00f3n de Datos (UE) 2016\/679, de Protecci\u00f3n de Datos de Car\u00e1cter Personal, le informamos de que los datos de car\u00e1cter personal que usted nos facilite en esta\u00a0p\u00e1gina WEB con ocasi\u00f3n de solicitar informaci\u00f3n adicional sobre nuestros servicios, quedar\u00e1n incorporados y ser\u00e1n tratados en los ficheros responsabilidad de LA SALLE C\u00c1DIZ, inscritos en el Registro General de la Agencia Espa\u00f1ola de Protecci\u00f3n de Datos, con el fin de poder prestarle la informaci\u00f3n solicitada.<\/li>\n<li>En cualquier caso, el titular de los datos resulta informado y consiente en la comunicaci\u00f3n de dichos datos bajo las debidas condiciones de seguridad y privacidad, por el per\u00edodo que resulte necesario para la finalidad para la que son recabados y tratados.<\/li>\n<li>Obligaci\u00f3n de hacer un uso correcto del Servicio: El Usuario se compromete a utilizar el Servicio de conformidad con la ley, estas Condiciones Generales, as\u00ed como con la moral y buenas costumbres generalmente aceptadas y el orden p\u00fablico.<\/li>\n<\/ol>\n<h3>Compromisos de los Usuarios:<\/h3>\n<p>El Usuario se obliga a abstenerse de utilizar el Servicio con fines o efectos il\u00edcitos, contrarios a lo establecido en las Condiciones Generales, lesivos de los derechos e intereses de terceros, o que de cualquier forma puedan da\u00f1ar, inutilizar, sobrecargar o deteriorar el Servicio o impedir la normal utilizaci\u00f3n o disfrute del Servicio por parte de los Usuarios.<\/p>\n<p>En particular, y a t\u00edtulo meramente indicativo y no exhaustivo, el Usuario se compromete a no transmitir, difundir o poner a disposici\u00f3n de terceros informaciones, nombres de usuario o contrase\u00f1as, mensajes, gr\u00e1ficos, archivos de sonido y\/o imagen, fotograf\u00edas, grabaciones, software y en general cualquier clase de material, datos o contenidos que:<\/p>\n<p>a) contravengan, menosprecien o atenten contra los derechos fundamentales y libertades p\u00fablicas reconocidas constitucionalmente, en los tratados internacionales y en el resto del ordenamiento jur\u00eddico;<\/p>\n<p>b) induzcan, inciten o promuevan actuaciones delictivas, denigratorias, difamatorias, infamantes, violentas o, en general, contrarias a la ley, a la moral y buenas costumbres generalmente aceptadas o al orden p\u00fablico;<\/p>\n<p>c) induzcan, inciten o promuevan actuaciones, actitudes o ideas discriminatorias por raz\u00f3n de nacimiento, raza, sexo, religi\u00f3n, opini\u00f3n o cualquier otra condici\u00f3n o circunstancia personal o social;<\/p>\n<p>d) incorporen mensajes delictivos, violentos, pornogr\u00e1ficos, degradantes o, en general, contrarios a la ley, a la moral y buenas costumbres generalmente aceptadas o al orden p\u00fablico;<\/p>\n<p>e) induzcan o puedan inducir a un estado inaceptable de ansiedad o temor;<\/p>\n<p>f) induzcan o inciten a involucrarse en pr\u00e1cticas peligrosas, de riesgo o nocivas para la salud y el equilibrio ps\u00edquico;<\/p>\n<p>g) sean falsos, ambiguos, inexactos, exagerados o extempor\u00e1neos, de forma que puedan inducir a error sobre su objeto o sobre las intenciones o prop\u00f3sitos del comunicante;<\/p>\n<p>h) se encuentren protegidos por cualesquiera derechos de propiedad intelectual o industrial pertenecientes a terceros, sin que el Usuario haya obtenido previamente de sus titulares la autorizaci\u00f3n necesaria para llevar a cabo el uso que efect\u00faa o pretende efectuar;<\/p>\n<p>i) sean contrarios al derecho al honor, a la intimidad personal y familiar o a la propia imagen de las personas;<\/p>\n<p>j) infrinjan la normativa sobre secreto de las comunicaciones;<\/p>\n<p>k) constituyan publicidad il\u00edcita, enga\u00f1osa o desleal y, en general, que constituyan competencia desleal;<\/p>\n<p>l) provoquen, por sus caracter\u00edsticas (tales como formato, extensi\u00f3n, etc.), dificultades en el normal funcionamiento del Servicio.<\/p>\n<h3>Responsabilidad por da\u00f1os y perjuicios.<\/h3>\n<p>El Usuario responder\u00e1 de los da\u00f1os y perjuicios de toda naturaleza que LA SALLE CADIZ pueda sufrir como consecuencia del incumplimiento de cualesquiera de las obligaciones a las que queda sometido por virtud de estas Condiciones Generales o de la ley en relaci\u00f3n con la utilizaci\u00f3n del Servicio.<\/p>\n<\/div>\n<\/div>\n<\/div>\n<div id=\"sidebar-primary\">\n<div class=\"textwidget\"><\/div>\n<\/div>\n","protected":false},"excerpt":{"rendered":"<p>Pol\u00edtica de Cookies y Privacidad El presente aviso e informaci\u00f3n legales (en adelante, el \u201cAviso Legal\u201d) regula el uso del servicio web www.lasallecadiz.es\/mirandilla\u00a0(en adelante, WEB) del que es titular HERMANOS DE LAS ESCUELAS CRISTIANAS (LA SALLE MIRANDILLA Y LA SALLE VI\u00d1A)\u00a0(en adelante,LA SALLE CADIZ), con domicilio en C\/Mart\u00ednez Campos n\u00ba 4, 11002 C\u00e1diz, direcci\u00f3n electr\u00f3nica &#8230; <a title=\"Pol\u00edtica de privacidad\" class=\"read-more\" href=\"https:\/\/lasallecadiz.es\/mirandilla\/politica-de-privacidad\/\" aria-label=\"Leer m\u00e1s sobre Pol\u00edtica de privacidad\">Leer m\u00e1s<\/a><\/p>\n","protected":false},"author":25,"featured_media":0,"parent":0,"menu_order":0,"comment_status":"closed","ping_status":"closed","template":"","meta":{"_eb_attr":"","footnotes":""},"class_list":["post-3113","page","type-page","status-publish"],"_links":{"self":[{"href":"https:\/\/lasallecadiz.es\/mirandilla\/wp-json\/wp\/v2\/pages\/3113","targetHints":{"allow":["GET"]}}],"collection":[{"href":"https:\/\/lasallecadiz.es\/mirandilla\/wp-json\/wp\/v2\/pages"}],"about":[{"href":"https:\/\/lasallecadiz.es\/mirandilla\/wp-json\/wp\/v2\/types\/page"}],"author":[{"embeddable":true,"href":"https:\/\/lasallecadiz.es\/mirandilla\/wp-json\/wp\/v2\/users\/25"}],"replies":[{"embeddable":true,"href":"https:\/\/lasallecadiz.es\/mirandilla\/wp-json\/wp\/v2\/comments?post=3113"}],"version-history":[{"count":1,"href":"https:\/\/lasallecadiz.es\/mirandilla\/wp-json\/wp\/v2\/pages\/3113\/revisions"}],"predecessor-version":[{"id":3116,"href":"https:\/\/lasallecadiz.es\/mirandilla\/wp-json\/wp\/v2\/pages\/3113\/revisions\/3116"}],"wp:attachment":[{"href":"https:\/\/lasallecadiz.es\/mirandilla\/wp-json\/wp\/v2\/media?parent=3113"}],"curies":[{"name":"wp","href":"https:\/\/api.w.org\/{rel}","templated":true}]}}