{"id":6317,"date":"2020-11-18T22:21:39","date_gmt":"2020-11-18T22:21:39","guid":{"rendered":"https:\/\/lasallecadiz.es\/mirandilla\/?page_id=6317"},"modified":"2025-03-11T09:48:06","modified_gmt":"2025-03-11T09:48:06","slug":"catequesis-de-infancia","status":"publish","type":"page","link":"https:\/\/lasallecadiz.es\/mirandilla\/catequesis-de-infancia\/","title":{"rendered":"Catequesis de infancia"},"content":{"rendered":"\n<p>En La Salle entendemos la catequesis como un&nbsp;<strong>proceso<\/strong>&nbsp;en el que el ni\u00f1o o la ni\u00f1a va descubriendo qui\u00e9n es el Dios de Jes\u00fas y c\u00f3mo \u00c9l va a ir transformando su vida. La Catequesis en La Salle no est\u00e1 pensada s\u00f3lo para que los ni\u00f1os\/as reciban la Primera Comuni\u00f3n, sino que pretende acompa\u00f1ar el resto de su proceso de&nbsp;<strong>crecimiento en la fe<\/strong>.<\/p>\n\n\n\n<h3 class=\"wp-block-heading\" id=\"h.yr7cj930euly\"><a href=\"https:\/\/sites.google.com\/lasalleandalucia.net\/cf-iniciacion-sanlucar\/inicio?authuser=0#h.yr7cj930euly\"><\/a><strong>El estilo lasaliano<\/strong><\/h3>\n\n\n\n<p>Siguiendo las ense\u00f1anzas de San Juan Bautista de La Salle, nos centramos en vertebrar la catequesis en tres ejes fundamentales:<\/p>\n\n\n\n<ul class=\"wp-block-list\"><li><strong>Pedagog\u00eda lasaliana.<\/strong> Una pedagog\u00eda cercana al ni\u00f1o\/a, comprendiendo su sensibilidad y acerc\u00e1ndole la Buena Noticia con actividades sencillas, juegos, din\u00e1micas, etc.<\/li><li><strong>La Palabra.<\/strong> La Buena Noticia nos enamora. Es nuestra referencia primera y esencial. En torno a ella gira toda nuestra acci\u00f3n evangelizadora.<\/li><li><strong>Catecismo.<\/strong> El catecismo engloba los elementos fundamentales de nuestra fe. Nos acercaremos a \u00e9l con rigor y respeto.<\/li><\/ul>\n\n\n\n<h3 class=\"wp-block-heading\" id=\"h.b4ovrpbzlru\"><a href=\"https:\/\/sites.google.com\/lasalleandalucia.net\/cf-iniciacion-sanlucar\/inicio?authuser=0#h.b4ovrpbzlru\"><\/a><strong>El compromiso de la familia<\/strong><\/h3>\n\n\n\n<p>Entendemos que la primera educaci\u00f3n en la Fe debe surgir en la familia.<\/p>\n\n\n\n<p>Inscribir a nuestro hijo\/a en catequesis implica tener una voluntad profunda de educarle en la Fe y que participe de los Sacramentos seg\u00fan las ense\u00f1anzas de la Iglesia.<\/p>\n\n\n\n<p>Para ello, ser\u00e1 fundamental: la asistencia activa, la puntualidad en la entrada y salida, la participaci\u00f3n en las celebraciones y actividades que se programen y la confianza en el grupo de catequistas.<\/p>\n\n\n\n<div class=\"wp-block-image\"><figure class=\"aligncenter size-large\"><img fetchpriority=\"high\" decoding=\"async\" width=\"1024\" height=\"707\" src=\"https:\/\/lasallecadiz.es\/mirandilla\/wp-content\/uploads\/sites\/5\/2021\/12\/La-Salle-ninos-1024x707.png\" alt=\"\" class=\"wp-image-8798\" srcset=\"https:\/\/lasallecadiz.es\/mirandilla\/wp-content\/uploads\/sites\/5\/2021\/12\/La-Salle-ninos-1024x707.png 1024w, https:\/\/lasallecadiz.es\/mirandilla\/wp-content\/uploads\/sites\/5\/2021\/12\/La-Salle-ninos-300x207.png 300w, https:\/\/lasallecadiz.es\/mirandilla\/wp-content\/uploads\/sites\/5\/2021\/12\/La-Salle-ninos-768x530.png 768w, https:\/\/lasallecadiz.es\/mirandilla\/wp-content\/uploads\/sites\/5\/2021\/12\/La-Salle-ninos.png 1280w\" sizes=\"(max-width: 1024px) 100vw, 1024px\" \/><\/figure><\/div>\n","protected":false},"excerpt":{"rendered":"<p>En La Salle entendemos la catequesis como un&nbsp;proceso&nbsp;en el que el ni\u00f1o o la ni\u00f1a va descubriendo qui\u00e9n es el Dios de Jes\u00fas y c\u00f3mo \u00c9l va a ir transformando su vida. La Catequesis en La Salle no est\u00e1 pensada s\u00f3lo para que los ni\u00f1os\/as reciban la Primera Comuni\u00f3n, sino que pretende acompa\u00f1ar el resto &#8230; <a title=\"Catequesis de infancia\" class=\"read-more\" href=\"https:\/\/lasallecadiz.es\/mirandilla\/catequesis-de-infancia\/\" aria-label=\"Leer m\u00e1s sobre Catequesis de infancia\">Leer m\u00e1s<\/a><\/p>\n","protected":false},"author":25,"featured_media":0,"parent":0,"menu_order":0,"comment_status":"closed","ping_status":"closed","template":"","meta":{"_eb_attr":"","footnotes":""},"class_list":["post-6317","page","type-page","status-publish"],"_links":{"self":[{"href":"https:\/\/lasallecadiz.es\/mirandilla\/wp-json\/wp\/v2\/pages\/6317","targetHints":{"allow":["GET"]}}],"collection":[{"href":"https:\/\/lasallecadiz.es\/mirandilla\/wp-json\/wp\/v2\/pages"}],"about":[{"href":"https:\/\/lasallecadiz.es\/mirandilla\/wp-json\/wp\/v2\/types\/page"}],"author":[{"embeddable":true,"href":"https:\/\/lasallecadiz.es\/mirandilla\/wp-json\/wp\/v2\/users\/25"}],"replies":[{"embeddable":true,"href":"https:\/\/lasallecadiz.es\/mirandilla\/wp-json\/wp\/v2\/comments?post=6317"}],"version-history":[{"count":2,"href":"https:\/\/lasallecadiz.es\/mirandilla\/wp-json\/wp\/v2\/pages\/6317\/revisions"}],"predecessor-version":[{"id":8800,"href":"https:\/\/lasallecadiz.es\/mirandilla\/wp-json\/wp\/v2\/pages\/6317\/revisions\/8800"}],"wp:attachment":[{"href":"https:\/\/lasallecadiz.es\/mirandilla\/wp-json\/wp\/v2\/media?parent=6317"}],"curies":[{"name":"wp","href":"https:\/\/api.w.org\/{rel}","templated":true}]}}