{"id":6324,"date":"2020-11-18T22:46:15","date_gmt":"2020-11-18T22:46:15","guid":{"rendered":"https:\/\/lasallecadiz.es\/mirandilla\/?page_id=6324"},"modified":"2025-03-11T10:51:50","modified_gmt":"2025-03-11T10:51:50","slug":"nuestra-ong-proyde","status":"publish","type":"page","link":"https:\/\/lasallecadiz.es\/mirandilla\/nuestra-ong-proyde\/","title":{"rendered":"Nuestra ONG PROyDE"},"content":{"rendered":"\n<h2 class=\"wp-block-heading\">La ONG de La Salle para la promoci\u00f3n y el desarrollo<\/h2>\n\n\n\n<div class=\"wp-block-media-text alignwide has-media-on-the-right is-stacked-on-mobile is-vertically-aligned-center\"><figure class=\"wp-block-media-text__media\"><img fetchpriority=\"high\" decoding=\"async\" width=\"1024\" height=\"853\" src=\"https:\/\/lasallecadiz.es\/mirandilla\/wp-content\/uploads\/sites\/5\/2020\/11\/30_aniversario_Nota_Informativa_B-1024x853.jpg\" alt=\"\" class=\"wp-image-6326\" srcset=\"https:\/\/lasallecadiz.es\/mirandilla\/wp-content\/uploads\/sites\/5\/2020\/11\/30_aniversario_Nota_Informativa_B-1024x853.jpg 1024w, https:\/\/lasallecadiz.es\/mirandilla\/wp-content\/uploads\/sites\/5\/2020\/11\/30_aniversario_Nota_Informativa_B-300x250.jpg 300w, https:\/\/lasallecadiz.es\/mirandilla\/wp-content\/uploads\/sites\/5\/2020\/11\/30_aniversario_Nota_Informativa_B-768x639.jpg 768w, https:\/\/lasallecadiz.es\/mirandilla\/wp-content\/uploads\/sites\/5\/2020\/11\/30_aniversario_Nota_Informativa_B.jpg 1201w\" sizes=\"(max-width: 1024px) 100vw, 1024px\" \/><\/figure><div class=\"wp-block-media-text__content\">\n<p>La Asociaci\u00f3n PROYDE (Promoci\u00f3n y Desarrollo) es una ONGD sin \u00e1nimo de lucro, fundada en el a\u00f1o 1988 por los Hermanos de las Escuelas Cristianas de La Salle con un objetivo social prioritario:&nbsp;La Cooperaci\u00f3n al Desarrollo. Seg\u00fan consta en sus&nbsp;<strong><a href=\"http:\/\/www.proyde.org\/pdf\/ESTATUTOS_2013_visados.pdf\">estatutos<\/a><\/strong>, el fin de la Asociaci\u00f3n es la promoci\u00f3n y el desarrollo de las personas en los pa\u00edses empobrecidos, mediante la realizaci\u00f3n de Proyectos y Programas de Desarrollo.<\/p>\n\n\n\n<p>Para hacer esto posible, Proyde trabaja en:&nbsp;<\/p>\n\n\n\n<ul class=\"wp-block-list\"><li>Programas y Proyectos de Desarrollo en los pa\u00edses empobrecidos, especialmente en el \u00e1mbito del derecho a la educaci\u00f3n.<\/li><li>La transformaci\u00f3n de las estructuras sociales, pol\u00edticas y econ\u00f3micas que est\u00e1n en el origen de la desigualdad, la injusticia y la exclusi\u00f3n. Tambi\u00e9n por el cambio de los antivalores que contribuyen a mantener estas estructuras. Lo har\u00e1 mediante la Educaci\u00f3n para el Desarrollo y Sensibilizaci\u00f3n, las campa\u00f1as de Incidencia Pol\u00edtica, la promoci\u00f3n del Voluntariado y el compromiso con el Comercio Justo y el Consumo Responsable.<\/li><\/ul>\n\n\n\n<p>Por su vinculaci\u00f3n a los&nbsp;Hermanos de las Escuelas Cristianas \u2013 La Salle, PROYDE se propone a todos los miembros de la familia lasaliana, y a trav\u00e9s de ellos a toda la sociedad, como cauce privilegiado para la solidaridad tanto en el entorno pr\u00f3ximo como en los pa\u00edses empobrecidos. La fraternidad, el derecho a la educaci\u00f3n y la conversi\u00f3n personal, est\u00e1n en la base de esta vinculaci\u00f3n.<\/p>\n<\/div><\/div>\n\n\n\n<figure class=\"wp-block-embed-youtube aligncenter wp-block-embed is-type-rich is-provider-gestor-del-servicio wp-embed-aspect-16-9 wp-has-aspect-ratio\"><div class=\"wp-block-embed__wrapper\">\n<iframe title=\"\u00bfC\u00f3mo hacerse socio de Proyde?\" width=\"1200\" height=\"675\" src=\"https:\/\/www.youtube.com\/embed\/8iPxqlWxrgU?feature=oembed\" frameborder=\"0\" allow=\"accelerometer; autoplay; clipboard-write; encrypted-media; gyroscope; picture-in-picture\" allowfullscreen><\/iframe>\n<\/div><figcaption>VIDEO |&nbsp;\u00bfC\u00f3mo hacerse socio de PROYDE?<\/figcaption><\/figure>\n\n\n\n<h2 class=\"wp-block-heading\"><strong>Un Colegio La Salle en Rumbek<\/strong><\/h2>\n\n\n\n<p>Los Hermanos de La Salle en \u00c1frica, siguiendo una propuesta del \u00faltimo Cap\u00edtulo General, se han comprometido a dar un paso hacia \u201cm\u00e1s all\u00e1 de las fronteras\u201d y lo han concretado en Rumbek.<\/p>\n\n\n\n<div class=\"wp-block-image\"><figure class=\"alignright size-large\"><img decoding=\"async\" width=\"500\" height=\"375\" src=\"https:\/\/lasallecadiz.es\/mirandilla\/wp-content\/uploads\/sites\/5\/2020\/11\/Rumbek_29.jpg\" alt=\"\" class=\"wp-image-6328\" srcset=\"https:\/\/lasallecadiz.es\/mirandilla\/wp-content\/uploads\/sites\/5\/2020\/11\/Rumbek_29.jpg 500w, https:\/\/lasallecadiz.es\/mirandilla\/wp-content\/uploads\/sites\/5\/2020\/11\/Rumbek_29-300x225.jpg 300w\" sizes=\"(max-width: 500px) 100vw, 500px\" \/><figcaption>FOTO |&nbsp;Colegio Rumbek<\/figcaption><\/figure><\/div>\n\n\n\n<p>El centro urbano de Rumbek, est\u00e1 compuesto de casas bajas, casi todos de una sola planta. As\u00ed que la ciudad se extiende mucho. Las calles no est\u00e1n asfaltadas, cualquier coche o moto en movimiento, va seguido de una nube de polvo. Menos mal que no hay mucho movimiento de veh\u00edculos. A penas los todoterreno de las ONG que operan en la zona. Cuando sales del n\u00facleo urbano de Rumbek, te encuentras con un mont\u00f3n de centros escolares. Pareciera que todos los centros educativos se hubieran concentrado en la salida hacia noroeste, por la carretera A43. Pero enseguida, aparece el campo. Los dinkas son normalmente ganaderos, as\u00ed que se ven m\u00e1s campos de pasto con reba\u00f1os de vacas-ceb\u00fa que campos de cultivo.<\/p>\n\n\n\n<p>El Colegio La Salle de Rumbek estar\u00e1 a unos 11 kil\u00f3metros del centro urbano. En este momento est\u00e1 en obras. Se prev\u00e9 que estar\u00e1 plenamente operativo en tres a\u00f1os. Pero ya hay un grupo de alumnos que se consideran los \u201cprimeros alumnos lasalianos de Sud\u00e1n del Sur\u201d. Y estuve con ellos.<\/p>\n\n\n\n<p>Las Hermanas de la Bienaventurada Virgen Mar\u00eda, m\u00e1s conocidas como Hermanas de Loreto y en Espa\u00f1a como \u201clas Irlandesas\u201d, han comenzado a apoyar la labor de los Hermanos de La Salle en Rumbek. Las Hermanas, tienen ya una trayectoria de 10 a\u00f1os en Rumbek. Comenzaron con un Centro se Secundaria solo para ni\u00f1as, en su compromiso institucional por promocionar a las ni\u00f1as y a las mujeres. Siguiendo el consejo de las autoridades locales, ampliaron su oferta educativa con una Escuela de Primaria mixta y este mismo curso, comenzaba a funcionar un Centro de Salud pedi\u00e1trico, para la atenci\u00f3n de las mujeres y sus hijos\/as.<\/p>\n\n\n\n<div class=\"wp-block-image\"><figure class=\"alignleft size-large\"><img decoding=\"async\" width=\"500\" height=\"365\" src=\"https:\/\/lasallecadiz.es\/mirandilla\/wp-content\/uploads\/sites\/5\/2020\/11\/Rumbek_84-1.jpg\" alt=\"\" class=\"wp-image-6330\" srcset=\"https:\/\/lasallecadiz.es\/mirandilla\/wp-content\/uploads\/sites\/5\/2020\/11\/Rumbek_84-1.jpg 500w, https:\/\/lasallecadiz.es\/mirandilla\/wp-content\/uploads\/sites\/5\/2020\/11\/Rumbek_84-1-300x219.jpg 300w\" sizes=\"(max-width: 500px) 100vw, 500px\" \/><\/figure><\/div>\n\n\n\n<p>En este marco de actuaci\u00f3n se ha establecido una colaboraci\u00f3n estrecha entre el colegio de Nuestra Se\u00f1ora de Loreto y el que ser\u00e1 el Colegio La Salle. Por el momento han cedido aulas y profesorado para el primer grupo de alumnos de La Salle. Cuando est\u00e9n disponibles las nuevas aulas, a unos 5 kil\u00f3metros, se trasladar\u00e1n a ellas.<br>Tambi\u00e9n se comparte la experiencia acumulada por las Hermanas en los 10 a\u00f1os que llevan all\u00ed, especialmente en lo referente a la promoci\u00f3n de las ni\u00f1as y j\u00f3venes; la relaci\u00f3n con las autoridades locales y su inter\u00e9s en la promoci\u00f3n educativa del entorno.<\/p>\n\n\n\n<p>En estos momentos, se est\u00e1 poniendo en marcha todo el proyecto: documentos de propiedad, vallado del terreno, afloramiento del agua para la construcci\u00f3n y luego para consumo y los primeros aportes de materiales de construcci\u00f3n. As\u00ed que, en sucesivas fases, se ir\u00e1 concretando la aportaci\u00f3n educativa lasaliana en Sud\u00e1n del Sur. Para comenzar, un Colegio de Secundaria para ni\u00f1os, que completa la oferta educativa que las Hermanas de Loreto llevan haciendo desde hace tiempo en la zona. Y posibilidades de ampliaci\u00f3n, en el futuro, hacia la formaci\u00f3n profesional de ni\u00f1os y ni\u00f1as.<\/p>\n\n\n\n<h1 class=\"has-text-align-center wp-block-heading\"><strong>Un proyecto en el 30 Aniversario de PROYDE<\/strong><\/h1>\n\n\n\n<p class=\"has-text-align-center\">Este a\u00f1o estamos celebrando el 30 Aniversario de PROYDE y la Junta Directiva decidi\u00f3 que sea este Proyecto Educativo en Rumbek, Sud\u00e1n del Sur, el que nos sirva de sensibilizaci\u00f3n en todas las Delegaciones Locales y Territoriales. Nos sumamos a la misma iniciativa que apoyan las otras ONGD Lasalianas del Distrito ARLEP y del mismo Distrito que, entre las iniciativas puestas en marcha para la celebraci\u00f3n del 300 Aniversario de la muerte de Juan Batista de La Salle, est\u00e1 el apoyo a la construcci\u00f3n del Colegio La Salle de Rumbek.<\/p>\n\n\n\n<p class=\"has-text-align-center\">Agradecemos a todos su&nbsp;aportaci\u00f3n pues, como dice nuestro lema:<\/p>\n\n\n\n<p class=\"has-text-align-center\">\u201cMucha gente peque\u00f1a, haciendo cosas peque\u00f1as, puede cambiar el mundo\u201d.<\/p>\n\n\n\n<h2 class=\"has-text-align-center wp-block-heading\"><a rel=\"noreferrer noopener\" href=\"https:\/\/www.proyde.org\/\" target=\"_blank\">Accede a la web de PROYDE\u00a0haciendo clic\u00a0&#8230;<\/a><\/h2>\n\n\n\n<p><\/p>\n","protected":false},"excerpt":{"rendered":"<p>La ONG de La Salle para la promoci\u00f3n y el desarrollo La Asociaci\u00f3n PROYDE (Promoci\u00f3n y Desarrollo) es una ONGD sin \u00e1nimo de lucro, fundada en el a\u00f1o 1988 por los Hermanos de las Escuelas Cristianas de La Salle con un objetivo social prioritario:&nbsp;La Cooperaci\u00f3n al Desarrollo. Seg\u00fan consta en sus&nbsp;estatutos, el fin de la &#8230; <a title=\"Nuestra ONG PROyDE\" class=\"read-more\" href=\"https:\/\/lasallecadiz.es\/mirandilla\/nuestra-ong-proyde\/\" aria-label=\"Leer m\u00e1s sobre Nuestra ONG PROyDE\">Leer m\u00e1s<\/a><\/p>\n","protected":false},"author":25,"featured_media":0,"parent":0,"menu_order":0,"comment_status":"closed","ping_status":"closed","template":"","meta":{"_eb_attr":"","footnotes":""},"class_list":["post-6324","page","type-page","status-publish"],"_links":{"self":[{"href":"https:\/\/lasallecadiz.es\/mirandilla\/wp-json\/wp\/v2\/pages\/6324","targetHints":{"allow":["GET"]}}],"collection":[{"href":"https:\/\/lasallecadiz.es\/mirandilla\/wp-json\/wp\/v2\/pages"}],"about":[{"href":"https:\/\/lasallecadiz.es\/mirandilla\/wp-json\/wp\/v2\/types\/page"}],"author":[{"embeddable":true,"href":"https:\/\/lasallecadiz.es\/mirandilla\/wp-json\/wp\/v2\/users\/25"}],"replies":[{"embeddable":true,"href":"https:\/\/lasallecadiz.es\/mirandilla\/wp-json\/wp\/v2\/comments?post=6324"}],"version-history":[{"count":2,"href":"https:\/\/lasallecadiz.es\/mirandilla\/wp-json\/wp\/v2\/pages\/6324\/revisions"}],"predecessor-version":[{"id":6333,"href":"https:\/\/lasallecadiz.es\/mirandilla\/wp-json\/wp\/v2\/pages\/6324\/revisions\/6333"}],"wp:attachment":[{"href":"https:\/\/lasallecadiz.es\/mirandilla\/wp-json\/wp\/v2\/media?parent=6324"}],"curies":[{"name":"wp","href":"https:\/\/api.w.org\/{rel}","templated":true}]}}