{"id":7188,"date":"2021-02-28T18:55:14","date_gmt":"2021-02-28T18:55:14","guid":{"rendered":"https:\/\/lasallecadiz.es\/mirandilla\/?page_id=7188"},"modified":"2025-03-28T08:59:28","modified_gmt":"2025-03-28T08:59:28","slug":"orientacion","status":"publish","type":"page","link":"https:\/\/lasallecadiz.es\/mirandilla\/orientacion\/","title":{"rendered":"Orientaci\u00f3n:"},"content":{"rendered":"\n<p>El Departamento de Orientaci\u00f3n es un servicio que ofrece el Centro para acompa\u00f1ar al alumnado a lo largo de su vida escolar y para orientarlo en el \u00e1mbito personal y acad\u00e9mico, tanto de forma individual y como grupal. Funciones del Equipo de Orientaci\u00f3n:<\/p>\n\n\n\n<h5 class=\"wp-block-heading\"><strong>Orientadora de la etapa de Infantil y  Primaria:<\/strong>\u00a0Nerea Merino Paco.<\/h5>\n\n\n\n<h5 class=\"wp-block-heading\"><strong>Logopeda del centro y coordinadora de Aula de Familia:<\/strong>\u00a0Nerea Merino Paco.<\/h5>\n\n\n\n<h5 class=\"wp-block-heading\"><strong>Profesorado de apoyo a la integraci\u00f3n:<\/strong>\u00a0Irene Morales Marente, Priscila Boubeta Puig y Juan Manuel S\u00e1nchez Mar\u00edn. <\/h5>\n\n\n\n<h5 class=\"wp-block-heading\"><\/h5>\n\n\n\n<h5 class=\"wp-block-heading\"><\/h5>\n\n\n\n<div class=\"wp-block-columns is-layout-flex wp-container-core-columns-is-layout-9d6595d7 wp-block-columns-is-layout-flex\">\n<div class=\"wp-block-column is-layout-flow wp-block-column-is-layout-flow\"><\/div>\n\n\n\n<div class=\"wp-block-column is-layout-flow wp-block-column-is-layout-flow\"><\/div>\n\n\n\n<div class=\"wp-block-column is-layout-flow wp-block-column-is-layout-flow\"><\/div>\n<\/div>\n\n\n\n<p><\/p>\n","protected":false},"excerpt":{"rendered":"<p>El Departamento de Orientaci\u00f3n es un servicio que ofrece el Centro para acompa\u00f1ar al alumnado a lo largo de su vida escolar y para orientarlo en el \u00e1mbito personal y acad\u00e9mico, tanto de forma individual y como grupal. Funciones del Equipo de Orientaci\u00f3n: Orientadora de la etapa de Infantil y Primaria:\u00a0Nerea Merino Paco. Logopeda del &#8230; <a title=\"Orientaci\u00f3n:\" class=\"read-more\" href=\"https:\/\/lasallecadiz.es\/mirandilla\/orientacion\/\" aria-label=\"Leer m\u00e1s sobre Orientaci\u00f3n:\">Leer m\u00e1s<\/a><\/p>\n","protected":false},"author":25,"featured_media":0,"parent":0,"menu_order":0,"comment_status":"closed","ping_status":"closed","template":"","meta":{"_eb_attr":"","footnotes":""},"class_list":["post-7188","page","type-page","status-publish"],"_links":{"self":[{"href":"https:\/\/lasallecadiz.es\/mirandilla\/wp-json\/wp\/v2\/pages\/7188","targetHints":{"allow":["GET"]}}],"collection":[{"href":"https:\/\/lasallecadiz.es\/mirandilla\/wp-json\/wp\/v2\/pages"}],"about":[{"href":"https:\/\/lasallecadiz.es\/mirandilla\/wp-json\/wp\/v2\/types\/page"}],"author":[{"embeddable":true,"href":"https:\/\/lasallecadiz.es\/mirandilla\/wp-json\/wp\/v2\/users\/25"}],"replies":[{"embeddable":true,"href":"https:\/\/lasallecadiz.es\/mirandilla\/wp-json\/wp\/v2\/comments?post=7188"}],"version-history":[{"count":4,"href":"https:\/\/lasallecadiz.es\/mirandilla\/wp-json\/wp\/v2\/pages\/7188\/revisions"}],"predecessor-version":[{"id":16558,"href":"https:\/\/lasallecadiz.es\/mirandilla\/wp-json\/wp\/v2\/pages\/7188\/revisions\/16558"}],"wp:attachment":[{"href":"https:\/\/lasallecadiz.es\/mirandilla\/wp-json\/wp\/v2\/media?parent=7188"}],"curies":[{"name":"wp","href":"https:\/\/api.w.org\/{rel}","templated":true}]}}