{"id":7626,"date":"2021-05-10T18:05:12","date_gmt":"2021-05-10T18:05:12","guid":{"rendered":"https:\/\/lasallecadiz.es\/mirandilla\/?page_id=7626"},"modified":"2025-03-18T16:23:55","modified_gmt":"2025-03-18T16:23:55","slug":"sallenet-y-correos-electronicos","status":"publish","type":"page","link":"https:\/\/lasallecadiz.es\/mirandilla\/sallenet-y-correos-electronicos\/","title":{"rendered":"Recuperaci\u00f3n contrase\u00f1as"},"content":{"rendered":"\n\n\n<hr class=\"wp-block-separator has-text-color has-accent-color has-alpha-channel-opacity has-accent-background-color has-background\" \/>\n\n\n\n<p class=\"has-text-align-center\">Atenderemos su petici\u00f3n, pero es probable que la <strong>respuesta no sea inmediata.<\/strong><\/p>\n\n\n\n<hr class=\"wp-block-separator has-text-color has-accent-color has-alpha-channel-opacity has-accent-background-color has-background is-style-wide\" \/>\n\n\n\n<p>Si le urge siempre podr\u00e1<strong> acudir presencialmente en horario de secretar\u00eda, <\/strong>solicitando previamente <strong>cita previa <\/strong>a trav\u00e9s de la p\u00e1gina web:<\/p>\n\n\n\n<div class=\"wp-block-columns is-layout-flex wp-container-core-columns-is-layout-9d6595d7 wp-block-columns-is-layout-flex\">\n<div class=\"wp-block-column is-layout-flow wp-block-column-is-layout-flow\">\n<figure class=\"wp-block-image size-medium\"><a href=\"https:\/\/calendly.com\/secretariamirandilla\/secretaria-la-salle-mirandilla?month=2022-10\" target=\"_blank\" rel=\"noreferrer noopener\"><img fetchpriority=\"high\" decoding=\"async\" width=\"300\" height=\"300\" src=\"https:\/\/lasallecadiz.es\/mirandilla\/wp-content\/uploads\/sites\/5\/2022\/10\/Nuevo-boton-Mirandilla-300x300.jpg\" alt=\"\" class=\"wp-image-10421\" srcset=\"https:\/\/lasallecadiz.es\/mirandilla\/wp-content\/uploads\/sites\/5\/2022\/10\/Nuevo-boton-Mirandilla-300x300.jpg 300w, https:\/\/lasallecadiz.es\/mirandilla\/wp-content\/uploads\/sites\/5\/2022\/10\/Nuevo-boton-Mirandilla-150x150.jpg 150w, https:\/\/lasallecadiz.es\/mirandilla\/wp-content\/uploads\/sites\/5\/2022\/10\/Nuevo-boton-Mirandilla.jpg 500w\" sizes=\"(max-width: 300px) 100vw, 300px\" \/><\/a><\/figure>\n<\/div>\n\n\n\n<div class=\"wp-block-column is-vertically-aligned-center is-layout-flow wp-block-column-is-layout-flow\"><\/div>\n\n\n\n<div class=\"wp-block-column is-layout-flow wp-block-column-is-layout-flow\"><\/div>\n<\/div>\n\n\n\n<hr class=\"wp-block-separator has-text-color has-accent-color has-alpha-channel-opacity has-accent-background-color has-background\" \/>\n\n\n\n<div class=\"wp-block-columns is-layout-flex wp-container-core-columns-is-layout-9d6595d7 wp-block-columns-is-layout-flex\">\n<div class=\"wp-block-column is-layout-flow wp-block-column-is-layout-flow\" style=\"flex-basis:33.33%\"><div class=\"wp-block-image\">\n<figure class=\"aligncenter size-full is-resized\"><img decoding=\"async\" width=\"512\" height=\"512\" src=\"https:\/\/lasallecadiz.es\/mirandilla\/wp-content\/uploads\/sites\/5\/2022\/10\/chat.png\" alt=\"\" class=\"wp-image-10394\" style=\"width:228px;height:228px\" srcset=\"https:\/\/lasallecadiz.es\/mirandilla\/wp-content\/uploads\/sites\/5\/2022\/10\/chat.png 512w, https:\/\/lasallecadiz.es\/mirandilla\/wp-content\/uploads\/sites\/5\/2022\/10\/chat-300x300.png 300w, https:\/\/lasallecadiz.es\/mirandilla\/wp-content\/uploads\/sites\/5\/2022\/10\/chat-150x150.png 150w\" sizes=\"(max-width: 512px) 100vw, 512px\" \/><\/figure>\n<\/div><\/div>\n\n\n\n<div class=\"wp-block-column is-vertically-aligned-center is-layout-flow wp-block-column-is-layout-flow\" style=\"flex-basis:66.66%\">\n<p><strong>*Ayudamos presencialmente a su configuraci\u00f3n en el dispositivo m\u00f3vil*<\/strong><\/p>\n<\/div>\n<\/div>\n","protected":false},"excerpt":{"rendered":"<p>Atenderemos su petici\u00f3n, pero es probable que la respuesta no sea inmediata. Si le urge siempre podr\u00e1 acudir presencialmente en horario de secretar\u00eda, solicitando previamente cita previa a trav\u00e9s de la p\u00e1gina web: *Ayudamos presencialmente a su configuraci\u00f3n en el dispositivo m\u00f3vil*<\/p>\n","protected":false},"author":25,"featured_media":0,"parent":0,"menu_order":0,"comment_status":"closed","ping_status":"closed","template":"","meta":{"_eb_attr":"","footnotes":""},"class_list":["post-7626","page","type-page","status-publish"],"_links":{"self":[{"href":"https:\/\/lasallecadiz.es\/mirandilla\/wp-json\/wp\/v2\/pages\/7626","targetHints":{"allow":["GET"]}}],"collection":[{"href":"https:\/\/lasallecadiz.es\/mirandilla\/wp-json\/wp\/v2\/pages"}],"about":[{"href":"https:\/\/lasallecadiz.es\/mirandilla\/wp-json\/wp\/v2\/types\/page"}],"author":[{"embeddable":true,"href":"https:\/\/lasallecadiz.es\/mirandilla\/wp-json\/wp\/v2\/users\/25"}],"replies":[{"embeddable":true,"href":"https:\/\/lasallecadiz.es\/mirandilla\/wp-json\/wp\/v2\/comments?post=7626"}],"version-history":[{"count":6,"href":"https:\/\/lasallecadiz.es\/mirandilla\/wp-json\/wp\/v2\/pages\/7626\/revisions"}],"predecessor-version":[{"id":16358,"href":"https:\/\/lasallecadiz.es\/mirandilla\/wp-json\/wp\/v2\/pages\/7626\/revisions\/16358"}],"wp:attachment":[{"href":"https:\/\/lasallecadiz.es\/mirandilla\/wp-json\/wp\/v2\/media?parent=7626"}],"curies":[{"name":"wp","href":"https:\/\/api.w.org\/{rel}","templated":true}]}}