{"id":7638,"date":"2021-05-10T18:45:19","date_gmt":"2021-05-10T18:45:19","guid":{"rendered":"https:\/\/lasallecadiz.es\/mirandilla\/?page_id=7638"},"modified":"2025-06-25T17:52:27","modified_gmt":"2025-06-25T17:52:27","slug":"matriculacion-educacion-primaria","status":"publish","type":"page","link":"https:\/\/lasallecadiz.es\/mirandilla\/matriculacion-educacion-primaria\/","title":{"rendered":"Matriculaci\u00f3n: Educaci\u00f3n Primaria"},"content":{"rendered":"\n<p>El plazo oficial de matriculaci\u00f3n para el curso 2025\/2026 en la ense\u00f1anza de Educaci\u00f3n Primaria es del&nbsp;<strong>1 al 08 de junio<\/strong>&nbsp;de 2025, plazo improrrogable para <strong>Cumplimentar el impreso de matr\u00edcula de la Junta de Andaluc\u00eda<\/strong> y lo entregamos en Secretar\u00eda (familias de nueva incorporaci\u00f3n al centro) o al tutor\/a de vuestro hijo\/a.<\/p>\n\n\n\n<p>Adem\u00e1s, <strong>es indispensable<\/strong> que todos los <strong>padres\/madres accedan<\/strong> a nuestra plataforma educativa <strong>Sallenet <\/strong>para rellenar el resto de apartados, para lo que se dispone <strong><strong> hasta el <strong><strong>30 de <\/strong><\/strong><\/strong>Septiembre.<\/strong> <em>(La plataforma os ir\u00e1 recordando si queda alg\u00fan tr\u00e1mite por concluir de forma autom\u00e1tica, en el momento que lo cumpliment\u00e9is deja de enviar el recordatorio de la Matr\u00edcula Online).<\/em><\/p>\n\n\n\n<p>A continuaci\u00f3n detallamos <strong>los pasos para efectuar de forma satisfactoria la matr\u00edcula <\/strong>de su hijo\/a.<\/p>\n\n\n\n<p>Recuerden que siempre que necesiten soporte\/ayuda tenemos <strong>habilitado el correo electr\u00f3nico de Secretar\u00eda: <\/strong>secretaria@lasallecadiz.es<\/p>\n\n\n\n<hr class=\"wp-block-separator has-text-color has-luminous-vivid-amber-color has-css-opacity has-luminous-vivid-amber-background-color has-background is-style-wide\"\/>\n\n\n\n<div class=\"wp-block-columns is-layout-flex wp-container-core-columns-is-layout-9d6595d7 wp-block-columns-is-layout-flex\">\n<div class=\"wp-block-column is-layout-flow wp-block-column-is-layout-flow\"><div class=\"wp-block-image\">\n<figure class=\"aligncenter size-full\"><a href=\"https:\/\/lasallecadiz.sallenet.org\/mod\/sallenet\/inscripciones\/solicitud.php?key=xfzK(!PT9hb7kpY@CZ3yVrQJNBj6g4qXvGdmDtHM)LRw\" target=\"_blank\" rel=\" noreferrer noopener\"><img fetchpriority=\"high\" decoding=\"async\" width=\"500\" height=\"500\" src=\"https:\/\/lasallecadiz.es\/mirandilla\/wp-content\/uploads\/sites\/5\/2025\/06\/1-1.jpg\" alt=\"\" class=\"wp-image-16674\" srcset=\"https:\/\/lasallecadiz.es\/mirandilla\/wp-content\/uploads\/sites\/5\/2025\/06\/1-1.jpg 500w, https:\/\/lasallecadiz.es\/mirandilla\/wp-content\/uploads\/sites\/5\/2025\/06\/1-1-300x300.jpg 300w, https:\/\/lasallecadiz.es\/mirandilla\/wp-content\/uploads\/sites\/5\/2025\/06\/1-1-150x150.jpg 150w\" sizes=\"(max-width: 500px) 100vw, 500px\" \/><\/a><\/figure>\n<\/div>\n\n\n<p class=\"has-text-align-center\"><strong>&#8211; Paso 1 &#8211;<\/strong><\/p>\n<\/div>\n\n\n\n<div class=\"wp-block-column is-layout-flow wp-block-column-is-layout-flow\"><div class=\"wp-block-image\">\n<figure class=\"aligncenter size-full\"><a href=\"https:\/\/lasallecadiz.sallenet.org\/mod\/sallenet\/inscripciones\/solicitud.php?key=Zy)kL2QCjqVmWKNgcJ@tThrG8D7bP9HXv4pnf3MxRBwY\" target=\"_blank\" rel=\" noreferrer noopener\"><img decoding=\"async\" width=\"500\" height=\"500\" src=\"https:\/\/lasallecadiz.es\/mirandilla\/wp-content\/uploads\/sites\/5\/2025\/06\/2-1.jpg\" alt=\"\" class=\"wp-image-16675\" srcset=\"https:\/\/lasallecadiz.es\/mirandilla\/wp-content\/uploads\/sites\/5\/2025\/06\/2-1.jpg 500w, https:\/\/lasallecadiz.es\/mirandilla\/wp-content\/uploads\/sites\/5\/2025\/06\/2-1-300x300.jpg 300w, https:\/\/lasallecadiz.es\/mirandilla\/wp-content\/uploads\/sites\/5\/2025\/06\/2-1-150x150.jpg 150w\" sizes=\"(max-width: 500px) 100vw, 500px\" \/><\/a><\/figure>\n<\/div>\n\n\n<p class=\"has-text-align-center\"><strong>&#8211; Paso 2 &#8211;<\/strong><\/p>\n<\/div>\n\n\n\n<div class=\"wp-block-column is-layout-flow wp-block-column-is-layout-flow\"><div class=\"wp-block-image\">\n<figure class=\"aligncenter size-full\"><a href=\"https:\/\/lasallecadiz.sallenet.org\/mod\/sallenet\/inscripciones\/solicitud.php?key=cyB8TfGwQkWLgM2ZNdDmvr6C!9qnKpHhYVj7(FRXtzb4\" target=\"_blank\" rel=\" noreferrer noopener\"><img decoding=\"async\" width=\"500\" height=\"500\" src=\"https:\/\/lasallecadiz.es\/mirandilla\/wp-content\/uploads\/sites\/5\/2025\/06\/3-1.jpg\" alt=\"\" class=\"wp-image-16676\" srcset=\"https:\/\/lasallecadiz.es\/mirandilla\/wp-content\/uploads\/sites\/5\/2025\/06\/3-1.jpg 500w, https:\/\/lasallecadiz.es\/mirandilla\/wp-content\/uploads\/sites\/5\/2025\/06\/3-1-300x300.jpg 300w, https:\/\/lasallecadiz.es\/mirandilla\/wp-content\/uploads\/sites\/5\/2025\/06\/3-1-150x150.jpg 150w\" sizes=\"(max-width: 500px) 100vw, 500px\" \/><\/a><\/figure>\n<\/div>\n\n\n<p class=\"has-text-align-center\"><strong>&#8211; Paso 3 &#8211;<\/strong><\/p>\n<\/div>\n<\/div>\n\n\n\n<div class=\"wp-block-columns is-layout-flex wp-container-core-columns-is-layout-9d6595d7 wp-block-columns-is-layout-flex\">\n<div class=\"wp-block-column is-layout-flow wp-block-column-is-layout-flow\"><div class=\"wp-block-image\">\n<figure class=\"aligncenter size-full\"><a href=\"https:\/\/lasallecadiz.sallenet.org\/mod\/sallenet\/inscripciones\/solicitud.php?key=cHY89nrjm(fdzVFB!Xvw432GChJqKD6kyZQg)P7xbLp\" target=\"_blank\" rel=\" noreferrer noopener\"><img loading=\"lazy\" decoding=\"async\" width=\"500\" height=\"500\" src=\"https:\/\/lasallecadiz.es\/mirandilla\/wp-content\/uploads\/sites\/5\/2025\/06\/4-1.jpg\" alt=\"\" class=\"wp-image-16680\" srcset=\"https:\/\/lasallecadiz.es\/mirandilla\/wp-content\/uploads\/sites\/5\/2025\/06\/4-1.jpg 500w, https:\/\/lasallecadiz.es\/mirandilla\/wp-content\/uploads\/sites\/5\/2025\/06\/4-1-300x300.jpg 300w, https:\/\/lasallecadiz.es\/mirandilla\/wp-content\/uploads\/sites\/5\/2025\/06\/4-1-150x150.jpg 150w\" sizes=\"(max-width: 500px) 100vw, 500px\" \/><\/a><\/figure>\n<\/div>\n\n\n<p class=\"has-text-align-center\"><strong>&#8211; Paso 4 &#8211;<\/strong><\/p>\n<\/div>\n\n\n\n<div class=\"wp-block-column is-layout-flow wp-block-column-is-layout-flow\"><div class=\"wp-block-image\">\n<figure class=\"aligncenter size-full\"><a href=\"https:\/\/lasallecadiz.sallenet.org\/mod\/sallenet\/inscripciones\/solicitud.php?key=hqNzVYHcRZ(gXBJG4rpkxDWTd!KFy6M9b7mvPCf)Q2t\" target=\"_blank\" rel=\" noreferrer noopener\"><img loading=\"lazy\" decoding=\"async\" width=\"500\" height=\"500\" src=\"https:\/\/lasallecadiz.es\/mirandilla\/wp-content\/uploads\/sites\/5\/2025\/06\/5-2.jpg\" alt=\"\" class=\"wp-image-16678\" srcset=\"https:\/\/lasallecadiz.es\/mirandilla\/wp-content\/uploads\/sites\/5\/2025\/06\/5-2.jpg 500w, https:\/\/lasallecadiz.es\/mirandilla\/wp-content\/uploads\/sites\/5\/2025\/06\/5-2-300x300.jpg 300w, https:\/\/lasallecadiz.es\/mirandilla\/wp-content\/uploads\/sites\/5\/2025\/06\/5-2-150x150.jpg 150w\" sizes=\"(max-width: 500px) 100vw, 500px\" \/><\/a><\/figure>\n<\/div>\n\n\n<p class=\"has-text-align-center\"><strong>&#8211; Voluntario &#8211;<\/strong><\/p>\n<\/div>\n\n\n\n<div class=\"wp-block-column is-layout-flow wp-block-column-is-layout-flow\"><div class=\"wp-block-image\">\n<figure class=\"aligncenter size-full\"><a href=\"https:\/\/lasallecadiz.es\/mirandilla\/cita-previa-2\/\" target=\"_blank\" rel=\" noreferrer noopener\"><img loading=\"lazy\" decoding=\"async\" width=\"500\" height=\"500\" src=\"https:\/\/lasallecadiz.es\/mirandilla\/wp-content\/uploads\/sites\/5\/2025\/06\/Sallenet.png\" alt=\"\" class=\"wp-image-16682\" srcset=\"https:\/\/lasallecadiz.es\/mirandilla\/wp-content\/uploads\/sites\/5\/2025\/06\/Sallenet.png 500w, https:\/\/lasallecadiz.es\/mirandilla\/wp-content\/uploads\/sites\/5\/2025\/06\/Sallenet-300x300.png 300w, https:\/\/lasallecadiz.es\/mirandilla\/wp-content\/uploads\/sites\/5\/2025\/06\/Sallenet-150x150.png 150w\" sizes=\"(max-width: 500px) 100vw, 500px\" \/><\/a><\/figure>\n<\/div>\n\n\n<p class=\"has-text-align-center\"><\/p>\n<\/div>\n<\/div>\n\n\n\n<hr class=\"wp-block-separator has-text-color has-luminous-vivid-amber-color has-css-opacity has-luminous-vivid-amber-background-color has-background is-style-wide\"\/>\n\n\n\n<p class=\"has-text-align-center\"><strong>\u00a1Enhorabuena! <\/strong>ya ha concluido con el tr\u00e1mite de matriculaci\u00f3n de su hijo\/a.<\/p>\n\n\n\n<hr class=\"wp-block-separator has-text-color has-luminous-vivid-amber-color has-css-opacity has-luminous-vivid-amber-background-color has-background is-style-wide\"\/>\n\n\n\n<p class=\"has-text-align-center\"> Gracias por su confianza, gracias por su colaboraci\u00f3n, gracias por formar parte de nuestra Gran Familia. <\/p>\n\n\n\n<p class=\"has-text-align-center\">\u2b50\u2b50\u2b50\u2b50\u2b50 <strong>\u00a1Somos La Salle! <\/strong>\u2b50\u2b50\u2b50\u2b50\u2b50<\/p>\n\n\n\n<hr class=\"wp-block-separator has-text-color has-luminous-vivid-amber-color has-css-opacity has-luminous-vivid-amber-background-color has-background is-style-wide\"\/>\n\n\n\n<div class=\"wp-block-columns is-layout-flex wp-container-core-columns-is-layout-9d6595d7 wp-block-columns-is-layout-flex\">\n<div class=\"wp-block-column is-layout-flow wp-block-column-is-layout-flow\"><\/div>\n\n\n\n<div class=\"wp-block-column is-layout-flow wp-block-column-is-layout-flow\"><\/div>\n\n\n\n<div class=\"wp-block-column is-layout-flow wp-block-column-is-layout-flow\">\n<div class=\"wp-block-columns is-layout-flex wp-container-core-columns-is-layout-9d6595d7 wp-block-columns-is-layout-flex\">\n<div class=\"wp-block-column is-layout-flow wp-block-column-is-layout-flow\"><\/div>\n\n\n\n<div class=\"wp-block-column is-layout-flow wp-block-column-is-layout-flow\"><\/div>\n\n\n\n<div class=\"wp-block-column is-layout-flow wp-block-column-is-layout-flow\">\n<figure class=\"wp-block-image size-thumbnail\"><a href=\"https:\/\/lasallecadiz.es\/mirandilla\/matriculacion\"><img loading=\"lazy\" decoding=\"async\" width=\"150\" height=\"150\" src=\"https:\/\/lasallecadiz.es\/mirandilla\/wp-content\/uploads\/sites\/5\/2021\/09\/Botones-Web-4-150x150.png\" alt=\"\" class=\"wp-image-8379\" srcset=\"https:\/\/lasallecadiz.es\/mirandilla\/wp-content\/uploads\/sites\/5\/2021\/09\/Botones-Web-4-150x150.png 150w, https:\/\/lasallecadiz.es\/mirandilla\/wp-content\/uploads\/sites\/5\/2021\/09\/Botones-Web-4-300x300.png 300w, https:\/\/lasallecadiz.es\/mirandilla\/wp-content\/uploads\/sites\/5\/2021\/09\/Botones-Web-4.png 500w\" sizes=\"(max-width: 150px) 100vw, 150px\" \/><\/a><\/figure>\n<\/div>\n<\/div>\n<\/div>\n<\/div>\n","protected":false},"excerpt":{"rendered":"<p>El plazo oficial de matriculaci\u00f3n para el curso 2025\/2026 en la ense\u00f1anza de Educaci\u00f3n Primaria es del&nbsp;1 al 08 de junio&nbsp;de 2025, plazo improrrogable para Cumplimentar el impreso de matr\u00edcula de la Junta de Andaluc\u00eda y lo entregamos en Secretar\u00eda (familias de nueva incorporaci\u00f3n al centro) o al tutor\/a de vuestro hijo\/a. Adem\u00e1s, es indispensable &#8230; <a title=\"Matriculaci\u00f3n: Educaci\u00f3n Primaria\" class=\"read-more\" href=\"https:\/\/lasallecadiz.es\/mirandilla\/matriculacion-educacion-primaria\/\" aria-label=\"Leer m\u00e1s sobre Matriculaci\u00f3n: Educaci\u00f3n Primaria\">Leer m\u00e1s<\/a><\/p>\n","protected":false},"author":25,"featured_media":0,"parent":0,"menu_order":0,"comment_status":"closed","ping_status":"closed","template":"","meta":{"_eb_attr":"","footnotes":""},"class_list":["post-7638","page","type-page","status-publish"],"_links":{"self":[{"href":"https:\/\/lasallecadiz.es\/mirandilla\/wp-json\/wp\/v2\/pages\/7638","targetHints":{"allow":["GET"]}}],"collection":[{"href":"https:\/\/lasallecadiz.es\/mirandilla\/wp-json\/wp\/v2\/pages"}],"about":[{"href":"https:\/\/lasallecadiz.es\/mirandilla\/wp-json\/wp\/v2\/types\/page"}],"author":[{"embeddable":true,"href":"https:\/\/lasallecadiz.es\/mirandilla\/wp-json\/wp\/v2\/users\/25"}],"replies":[{"embeddable":true,"href":"https:\/\/lasallecadiz.es\/mirandilla\/wp-json\/wp\/v2\/comments?post=7638"}],"version-history":[{"count":19,"href":"https:\/\/lasallecadiz.es\/mirandilla\/wp-json\/wp\/v2\/pages\/7638\/revisions"}],"predecessor-version":[{"id":16706,"href":"https:\/\/lasallecadiz.es\/mirandilla\/wp-json\/wp\/v2\/pages\/7638\/revisions\/16706"}],"wp:attachment":[{"href":"https:\/\/lasallecadiz.es\/mirandilla\/wp-json\/wp\/v2\/media?parent=7638"}],"curies":[{"name":"wp","href":"https:\/\/api.w.org\/{rel}","templated":true}]}}