{"id":8989,"date":"2022-01-20T10:23:50","date_gmt":"2022-01-20T10:23:50","guid":{"rendered":"https:\/\/lasallecadiz.es\/mirandilla\/?page_id=8989"},"modified":"2025-03-11T09:48:16","modified_gmt":"2025-03-11T09:48:16","slug":"escolarizacion","status":"publish","type":"page","link":"https:\/\/lasallecadiz.es\/mirandilla\/escolarizacion\/","title":{"rendered":"Escolarizacion 2024\/2025"},"content":{"rendered":"\n<div class=\"wp-block-columns is-layout-flex wp-container-core-columns-is-layout-9d6595d7 wp-block-columns-is-layout-flex\">\n<div class=\"wp-block-column is-layout-flow wp-block-column-is-layout-flow\"><div class=\"wp-block-image\">\n<figure class=\"aligncenter size-large\"><img fetchpriority=\"high\" decoding=\"async\" width=\"1024\" height=\"244\" src=\"https:\/\/lasallecadiz.es\/mirandilla\/wp-content\/uploads\/sites\/5\/2023\/01\/Banner-principal-web_2539x606px-Cadiz-1024x244.jpg\" alt=\"\" class=\"wp-image-10895\" srcset=\"https:\/\/lasallecadiz.es\/mirandilla\/wp-content\/uploads\/sites\/5\/2023\/01\/Banner-principal-web_2539x606px-Cadiz-1024x244.jpg 1024w, https:\/\/lasallecadiz.es\/mirandilla\/wp-content\/uploads\/sites\/5\/2023\/01\/Banner-principal-web_2539x606px-Cadiz-300x72.jpg 300w, https:\/\/lasallecadiz.es\/mirandilla\/wp-content\/uploads\/sites\/5\/2023\/01\/Banner-principal-web_2539x606px-Cadiz-768x183.jpg 768w, https:\/\/lasallecadiz.es\/mirandilla\/wp-content\/uploads\/sites\/5\/2023\/01\/Banner-principal-web_2539x606px-Cadiz-1536x367.jpg 1536w, https:\/\/lasallecadiz.es\/mirandilla\/wp-content\/uploads\/sites\/5\/2023\/01\/Banner-principal-web_2539x606px-Cadiz-2048x489.jpg 2048w\" sizes=\"(max-width: 1024px) 100vw, 1024px\" \/><\/figure>\n<\/div>\n\n\n<hr class=\"wp-block-separator has-text-color has-css-opacity has-background\" style=\"background-color:#f9c10a;color:#f9c10a\"\/>\n\n\n\n<p class=\"has-text-align-center has-large-font-size\">Ven a La Salle,<strong>&nbsp;#Laescuelaquemiramasalla<\/strong><\/p>\n\n\n\n<hr class=\"wp-block-separator has-text-color has-css-opacity has-background\" style=\"background-color:#f9c10a;color:#f9c10a\"\/>\n\n\n\n<div class=\"wp-block-columns is-layout-flex wp-container-core-columns-is-layout-9d6595d7 wp-block-columns-is-layout-flex\">\n<div class=\"wp-block-column is-layout-flow wp-block-column-is-layout-flow\">\n<h3 class=\"wp-block-heading\" id=\"lo-que-mas-quieres-en-las-mejores-manos\"><strong>Lo que m\u00e1s quieres en las mejores manos<\/strong><\/h3>\n\n\n\n<p>La primera vez que tenemos que dejar a nuestro hijo\/a en el colegio es un momento&nbsp;<em>duro<\/em>&nbsp;para toda madre o&nbsp;padre. Por eso, tener la certeza de dejarlo en las mejores manos es una tranquilidad vital.<\/p>\n\n\n\n<p>La excelencia educativa de&nbsp;<strong>La Salle C\u00e1diz<\/strong>: <strong>Mirandilla\/Vi\u00f1a&nbsp;<\/strong>es reconocida por los diferentes premios y galardones que hemos recibido en nuestra larga trayectoria en C\u00e1diz (de m\u00e1s de 125 a\u00f1os). Nuestros colegios pertenecen a la RED de Obras La Salle, <\/p>\n\n\n\n<p><strong>La Salle C\u00e1diz: Mirandilla\/Vi\u00f1a<\/strong> desde los 3 a\u00f1os, ofrece una educaci\u00f3n en valores y conocimientos en la que destaca su apuesta por los idiomas, el trabajo cooperativo, la tecnolog\u00eda y la innovaci\u00f3n educativa. <\/p>\n\n\n\n<p>En las etapas de Infantil, Primaria Secundaria y C.F.G.B. de Servicios Administrativos hemos implementado el Nuevo Contexto de Aprendizaje: <strong>NCA<\/strong>, como el mundo evoluciona, la educaci\u00f3n en<strong> La Salle<\/strong> tambi\u00e9n. &nbsp;Es un marco pedag\u00f3gico y pastoral, con identidad propia, se basa en el aprendizaje de los tres saberes: el saber ser, el saber hacer y el saber (o saber pensar). Con ella se posibilita formar a una ciudadan\u00eda competente, que tenga en cuenta las competencias clave que demanda la construcci\u00f3n de una sociedad igualitaria, plural, din\u00e1mica, emprendedora, democr\u00e1tica y solidaria.<\/p>\n\n\n\n<hr class=\"wp-block-separator has-text-color has-css-opacity has-background\" style=\"background-color:#f9c10a;color:#f9c10a\"\/>\n\n\n\n<p class=\"has-text-align-center has-text-color\" style=\"color:#133e03;font-size:19px\">\u00ab.. Acompa\u00f1amos a su hijo\/a desde los 3 a\u00f1os hasta la  <em>universidad o formaci\u00f3n profesional.<\/em>. \u00ab<\/p>\n\n\n\n<hr class=\"wp-block-separator has-text-color has-css-opacity has-background\" style=\"background-color:#f9c10a;color:#f9c10a\"\/>\n\n\n\n<p>Somos centros&nbsp;<strong>concertados con la Consejer\u00eda de Educaci\u00f3n<\/strong>&nbsp;<strong>ofreciendo as\u00ed la <em>gratuidad del estudio<\/em>,<\/strong>&nbsp;en las etapas de<em>&nbsp;Segundo Ciclo de Educaci\u00f3n Infantil (3 a 5 a\u00f1os<\/em>.<em>), Educaci\u00f3n Primaria, Aula de Apoyo a la Integraci\u00f3n, Educaci\u00f3n Secundaria Obligatoria, C.F.G.B. de Servicios Administrativos, y<\/em>&nbsp;para la etapa de Bachillerato presenta&nbsp;<strong>concierto singular<\/strong>.<\/p>\n\n\n\n<h3 class=\"wp-block-heading\" id=\"el-centro-de-nuestra-mirada-es-la-persona\"><strong>\u201cEl centro de nuestra mirada es la persona<\/strong><strong>\u201c<\/strong><\/h3>\n\n\n\n<p>En La Salle creemos en la personalizaci\u00f3n del aprendizaje porque el centro de nuestra mirada es la persona. Conoce todo lo que te ofrecen las Obras Educativas La Salle.<\/p>\n\n\n\n<figure class=\"wp-block-embed aligncenter is-type-video is-provider-youtube wp-block-embed-youtube wp-embed-aspect-16-9 wp-has-aspect-ratio\"><div class=\"wp-block-embed__wrapper\">\n<iframe title=\"La Salle   Campa\u00f1a Imagina\" width=\"1200\" height=\"675\" src=\"https:\/\/www.youtube.com\/embed\/aAaN5gH6LEw?feature=oembed\" frameborder=\"0\" allow=\"accelerometer; autoplay; clipboard-write; encrypted-media; gyroscope; picture-in-picture; web-share\" referrerpolicy=\"strict-origin-when-cross-origin\" allowfullscreen><\/iframe>\n<\/div><\/figure>\n\n\n\n<p><\/p>\n<\/div>\n\n\n\n<div class=\"wp-block-column is-layout-flow wp-block-column-is-layout-flow\">\n<h3 class=\"wp-block-heading\" id=\"tu-primer-pasito-sin-cogerme-la-mano\"><strong>\u201cT<\/strong><strong>u primer pasito sin cogerme la mano\u201d<\/strong><\/h3>\n\n\n\n<p>\u00bfTienes un hijo\/a que escolarizar en Educaci\u00f3n Infantil de 3 a\u00f1os? No dejes de ver este v\u00eddeo.<\/p>\n\n\n\n<figure class=\"wp-block-embed aligncenter is-type-video is-provider-youtube wp-block-embed-youtube wp-embed-aspect-16-9 wp-has-aspect-ratio\"><div class=\"wp-block-embed__wrapper\">\n<iframe title=\"La Salle Campa\u00f1a: \u00bfQuieres?\" width=\"1200\" height=\"675\" src=\"https:\/\/www.youtube.com\/embed\/F9gf78N82Ao?feature=oembed\" frameborder=\"0\" allow=\"accelerometer; autoplay; clipboard-write; encrypted-media; gyroscope; picture-in-picture; web-share\" referrerpolicy=\"strict-origin-when-cross-origin\" allowfullscreen><\/iframe>\n<\/div><\/figure>\n\n\n\n<p><\/p>\n\n\n\n<h3 class=\"wp-block-heading\" id=\"queremos-ser-tu-colegio\"><strong>\u00a1\u00a1Queremos ser tu Colegio!!<\/strong><\/h3>\n\n\n\n<p>Desde La Salle C\u00e1diz apostamos por la atenci\u00f3n personalizada. Si desea conocernos y acudir a las jornadas de puertas abiertas, puede solicitarla a trav\u00e9s de este bot\u00f3n que le facilitamos.<\/p>\n\n\n\n<p><\/p>\n\n\n\n<p><\/p>\n\n\n\n<p><\/p>\n\n\n<div class=\"wp-block-image\">\n<figure class=\"aligncenter size-medium\"><img decoding=\"async\" width=\"300\" height=\"28\" src=\"https:\/\/lasallecadiz.es\/mirandilla\/wp-content\/uploads\/sites\/5\/2022\/01\/enlasmejoresmanos-web-300x28.png\" alt=\"\" class=\"wp-image-8994\" srcset=\"https:\/\/lasallecadiz.es\/mirandilla\/wp-content\/uploads\/sites\/5\/2022\/01\/enlasmejoresmanos-web-300x28.png 300w, https:\/\/lasallecadiz.es\/mirandilla\/wp-content\/uploads\/sites\/5\/2022\/01\/enlasmejoresmanos-web-768x72.png 768w, https:\/\/lasallecadiz.es\/mirandilla\/wp-content\/uploads\/sites\/5\/2022\/01\/enlasmejoresmanos-web.png 960w\" sizes=\"(max-width: 300px) 100vw, 300px\" \/><\/figure>\n<\/div>\n\n<div class=\"wp-block-image is-resized\">\n<figure class=\"aligncenter size-full\"><a href=\"https:\/\/lasallecadiz.es\/mirandilla\/cita-previa-jornada-de-puertas-abiertas\/\"><img decoding=\"async\" width=\"500\" height=\"500\" src=\"https:\/\/lasallecadiz.es\/mirandilla\/wp-content\/uploads\/sites\/5\/2023\/01\/Copia-de-Botones-Web.png\" alt=\"\" class=\"wp-image-10918\" srcset=\"https:\/\/lasallecadiz.es\/mirandilla\/wp-content\/uploads\/sites\/5\/2023\/01\/Copia-de-Botones-Web.png 500w, https:\/\/lasallecadiz.es\/mirandilla\/wp-content\/uploads\/sites\/5\/2023\/01\/Copia-de-Botones-Web-300x300.png 300w, https:\/\/lasallecadiz.es\/mirandilla\/wp-content\/uploads\/sites\/5\/2023\/01\/Copia-de-Botones-Web-150x150.png 150w\" sizes=\"(max-width: 500px) 100vw, 500px\" \/><\/a><\/figure>\n<\/div>\n\n\n<p><\/p>\n\n\n\n<p><\/p>\n\n\n\n<figure class=\"wp-block-embed aligncenter is-type-video is-provider-youtube wp-block-embed-youtube wp-embed-aspect-16-9 wp-has-aspect-ratio\"><div class=\"wp-block-embed__wrapper\">\n<iframe title=\"Campa\u00f1a 2023-2024\" width=\"1200\" height=\"675\" src=\"https:\/\/www.youtube.com\/embed\/SPA2ZHgYrYk?feature=oembed\" frameborder=\"0\" allow=\"accelerometer; autoplay; clipboard-write; encrypted-media; gyroscope; picture-in-picture; web-share\" referrerpolicy=\"strict-origin-when-cross-origin\" allowfullscreen><\/iframe>\n<\/div><\/figure>\n<\/div>\n<\/div>\n\n\n\n<div class=\"wp-block-columns alignwide are-vertically-aligned-center is-layout-flex wp-container-core-columns-is-layout-9d6595d7 wp-block-columns-is-layout-flex\">\n<div class=\"wp-block-column is-vertically-aligned-center is-layout-flow wp-block-column-is-layout-flow\" style=\"flex-basis:33.33%\">\n<div class=\"wp-block-columns is-layout-flex wp-container-core-columns-is-layout-9d6595d7 wp-block-columns-is-layout-flex\">\n<div class=\"wp-block-column is-layout-flow wp-block-column-is-layout-flow\"><div class=\"wp-block-image\">\n<figure class=\"aligncenter size-medium\"><a href=\"https:\/\/lasallecadiz.es\/mirandilla\/caracter-propio-de-las-obras-educativas-la-salle\/\"><img loading=\"lazy\" decoding=\"async\" width=\"300\" height=\"300\" src=\"https:\/\/lasallecadiz.es\/mirandilla\/wp-content\/uploads\/sites\/5\/2023\/01\/1-300x300.png\" alt=\"\" class=\"wp-image-10911\" srcset=\"https:\/\/lasallecadiz.es\/mirandilla\/wp-content\/uploads\/sites\/5\/2023\/01\/1-300x300.png 300w, https:\/\/lasallecadiz.es\/mirandilla\/wp-content\/uploads\/sites\/5\/2023\/01\/1-150x150.png 150w, https:\/\/lasallecadiz.es\/mirandilla\/wp-content\/uploads\/sites\/5\/2023\/01\/1.png 500w\" sizes=\"(max-width: 300px) 100vw, 300px\" \/><\/a><\/figure>\n<\/div><\/div>\n<\/div>\n\n\n\n<div class=\"wp-block-columns is-layout-flex wp-container-core-columns-is-layout-9d6595d7 wp-block-columns-is-layout-flex\">\n<div class=\"wp-block-column is-layout-flow wp-block-column-is-layout-flow\"><div class=\"wp-block-image\">\n<figure class=\"aligncenter size-medium\"><a href=\"https:\/\/lasallecadiz.es\/mirandilla\/nuestros-colegios-2\/\"><img loading=\"lazy\" decoding=\"async\" width=\"300\" height=\"300\" src=\"https:\/\/lasallecadiz.es\/mirandilla\/wp-content\/uploads\/sites\/5\/2023\/01\/Copia-de-Botones-Web-2-300x300.png\" alt=\"\" class=\"wp-image-10927\" srcset=\"https:\/\/lasallecadiz.es\/mirandilla\/wp-content\/uploads\/sites\/5\/2023\/01\/Copia-de-Botones-Web-2-300x300.png 300w, https:\/\/lasallecadiz.es\/mirandilla\/wp-content\/uploads\/sites\/5\/2023\/01\/Copia-de-Botones-Web-2-150x150.png 150w, https:\/\/lasallecadiz.es\/mirandilla\/wp-content\/uploads\/sites\/5\/2023\/01\/Copia-de-Botones-Web-2.png 500w\" sizes=\"(max-width: 300px) 100vw, 300px\" \/><\/a><\/figure>\n<\/div>\n\n<div class=\"wp-block-image\">\n<figure class=\"aligncenter size-medium\"><a href=\"https:\/\/lasallecadiz.es\/mirandilla\/atencion-y-ayuda-escolarizacion\/\"><img loading=\"lazy\" decoding=\"async\" width=\"300\" height=\"300\" src=\"https:\/\/lasallecadiz.es\/mirandilla\/wp-content\/uploads\/sites\/5\/2024\/01\/Botones-Web-300x300.jpg\" alt=\"\" class=\"wp-image-11430\" srcset=\"https:\/\/lasallecadiz.es\/mirandilla\/wp-content\/uploads\/sites\/5\/2024\/01\/Botones-Web-300x300.jpg 300w, https:\/\/lasallecadiz.es\/mirandilla\/wp-content\/uploads\/sites\/5\/2024\/01\/Botones-Web-150x150.jpg 150w, https:\/\/lasallecadiz.es\/mirandilla\/wp-content\/uploads\/sites\/5\/2024\/01\/Botones-Web.jpg 500w\" sizes=\"(max-width: 300px) 100vw, 300px\" \/><\/a><\/figure>\n<\/div><\/div>\n<\/div>\n<\/div>\n\n\n\n<div class=\"wp-block-column is-vertically-aligned-center is-layout-flow wp-block-column-is-layout-flow\"><\/div>\n\n\n\n<div class=\"wp-block-column is-vertically-aligned-center is-layout-flow wp-block-column-is-layout-flow\" style=\"flex-basis:66.66%\">\n<figure class=\"wp-block-embed is-type-video is-provider-youtube wp-block-embed-youtube wp-embed-aspect-16-9 wp-has-aspect-ratio\"><div class=\"wp-block-embed__wrapper\">\n<iframe title=\"Escolarizaci\u00f3n: La Salle C\u00e1diz\" width=\"1200\" height=\"675\" src=\"https:\/\/www.youtube.com\/embed\/cK53AUwUQC0?feature=oembed\" frameborder=\"0\" allow=\"accelerometer; autoplay; clipboard-write; encrypted-media; gyroscope; picture-in-picture; web-share\" referrerpolicy=\"strict-origin-when-cross-origin\" allowfullscreen><\/iframe>\n<\/div><\/figure>\n\n\n\n<div class=\"wp-block-columns is-layout-flex wp-container-core-columns-is-layout-9d6595d7 wp-block-columns-is-layout-flex\">\n<div class=\"wp-block-column is-layout-flow wp-block-column-is-layout-flow\"><div class=\"wp-block-image\">\n<figure class=\"aligncenter size-medium\"><a href=\"https:\/\/lasallecadiz.es\/mirandilla\/presentamos-la-escuela-del-futuro-con-el-nuevo-contexto-de-aprendizaje-nca\/\"><img loading=\"lazy\" decoding=\"async\" width=\"300\" height=\"300\" src=\"https:\/\/lasallecadiz.es\/mirandilla\/wp-content\/uploads\/sites\/5\/2023\/01\/17-300x300.png\" alt=\"\" class=\"wp-image-10913\" srcset=\"https:\/\/lasallecadiz.es\/mirandilla\/wp-content\/uploads\/sites\/5\/2023\/01\/17-300x300.png 300w, https:\/\/lasallecadiz.es\/mirandilla\/wp-content\/uploads\/sites\/5\/2023\/01\/17-150x150.png 150w, https:\/\/lasallecadiz.es\/mirandilla\/wp-content\/uploads\/sites\/5\/2023\/01\/17.png 500w\" sizes=\"(max-width: 300px) 100vw, 300px\" \/><\/a><\/figure>\n<\/div><\/div>\n\n\n\n<div class=\"wp-block-column is-layout-flow wp-block-column-is-layout-flow\"><div class=\"wp-block-image\">\n<figure class=\"aligncenter size-medium\"><a href=\"https:\/\/lasallecadiz.es\/mirandilla\/tour-360\/\"><img loading=\"lazy\" decoding=\"async\" width=\"300\" height=\"300\" src=\"https:\/\/lasallecadiz.es\/mirandilla\/wp-content\/uploads\/sites\/5\/2023\/01\/6-300x300.png\" alt=\"\" class=\"wp-image-10922\" srcset=\"https:\/\/lasallecadiz.es\/mirandilla\/wp-content\/uploads\/sites\/5\/2023\/01\/6-300x300.png 300w, https:\/\/lasallecadiz.es\/mirandilla\/wp-content\/uploads\/sites\/5\/2023\/01\/6-150x150.png 150w, https:\/\/lasallecadiz.es\/mirandilla\/wp-content\/uploads\/sites\/5\/2023\/01\/6.png 500w\" sizes=\"(max-width: 300px) 100vw, 300px\" \/><\/a><\/figure>\n<\/div><\/div>\n<\/div>\n\n\n\n<div class=\"wp-block-columns is-layout-flex wp-container-core-columns-is-layout-9d6595d7 wp-block-columns-is-layout-flex\">\n<div class=\"wp-block-column is-layout-flow wp-block-column-is-layout-flow\"><\/div>\n\n\n\n<div class=\"wp-block-column is-layout-flow wp-block-column-is-layout-flow\"><\/div>\n<\/div>\n<\/div>\n<\/div>\n<\/div>\n<\/div>\n\n\n\n<p><\/p>\n","protected":false},"excerpt":{"rendered":"<p>Ven a La Salle,&nbsp;#Laescuelaquemiramasalla Lo que m\u00e1s quieres en las mejores manos La primera vez que tenemos que dejar a nuestro hijo\/a en el colegio es un momento&nbsp;duro&nbsp;para toda madre o&nbsp;padre. Por eso, tener la certeza de dejarlo en las mejores manos es una tranquilidad vital. La excelencia educativa de&nbsp;La Salle C\u00e1diz: Mirandilla\/Vi\u00f1a&nbsp;es reconocida por &#8230; <a title=\"Escolarizacion 2024\/2025\" class=\"read-more\" href=\"https:\/\/lasallecadiz.es\/mirandilla\/escolarizacion\/\" aria-label=\"Leer m\u00e1s sobre Escolarizacion 2024\/2025\">Leer m\u00e1s<\/a><\/p>\n","protected":false},"author":25,"featured_media":0,"parent":0,"menu_order":0,"comment_status":"closed","ping_status":"closed","template":"","meta":{"_eb_attr":"","footnotes":""},"class_list":["post-8989","page","type-page","status-publish"],"_links":{"self":[{"href":"https:\/\/lasallecadiz.es\/mirandilla\/wp-json\/wp\/v2\/pages\/8989","targetHints":{"allow":["GET"]}}],"collection":[{"href":"https:\/\/lasallecadiz.es\/mirandilla\/wp-json\/wp\/v2\/pages"}],"about":[{"href":"https:\/\/lasallecadiz.es\/mirandilla\/wp-json\/wp\/v2\/types\/page"}],"author":[{"embeddable":true,"href":"https:\/\/lasallecadiz.es\/mirandilla\/wp-json\/wp\/v2\/users\/25"}],"replies":[{"embeddable":true,"href":"https:\/\/lasallecadiz.es\/mirandilla\/wp-json\/wp\/v2\/comments?post=8989"}],"version-history":[{"count":6,"href":"https:\/\/lasallecadiz.es\/mirandilla\/wp-json\/wp\/v2\/pages\/8989\/revisions"}],"predecessor-version":[{"id":16340,"href":"https:\/\/lasallecadiz.es\/mirandilla\/wp-json\/wp\/v2\/pages\/8989\/revisions\/16340"}],"wp:attachment":[{"href":"https:\/\/lasallecadiz.es\/mirandilla\/wp-json\/wp\/v2\/media?parent=8989"}],"curies":[{"name":"wp","href":"https:\/\/api.w.org\/{rel}","templated":true}]}}