{"id":9060,"date":"2022-01-24T08:52:52","date_gmt":"2022-01-24T08:52:52","guid":{"rendered":"https:\/\/lasallecadiz.es\/mirandilla\/?page_id=9060"},"modified":"2025-03-11T10:51:59","modified_gmt":"2025-03-11T10:51:59","slug":"presentamos-la-escuela-del-futuro-con-el-nuevo-contexto-de-aprendizaje-nca","status":"publish","type":"page","link":"https:\/\/lasallecadiz.es\/mirandilla\/presentamos-la-escuela-del-futuro-con-el-nuevo-contexto-de-aprendizaje-nca\/","title":{"rendered":"Presentamos la escuela del futuro con el Nuevo Contexto de Aprendizaje (NCA)"},"content":{"rendered":"\n<hr class=\"wp-block-separator has-text-color has-background\" style=\"background-color:#f9c10a;color:#f9c10a\"\/>\n\n\n\n<h2 class=\"has-text-align-center has-contrast-color has-text-color wp-block-heading\" style=\"font-size:33px\">Como el mundo evoluciona, la educaci\u00f3n en&nbsp;<strong>La Salle&nbsp;<\/strong>tambi\u00e9n.<\/h2>\n\n\n\n<hr class=\"wp-block-separator has-text-color has-background\" style=\"background-color:#f9c10a;color:#f9c10a\"\/>\n\n\n\n<div class=\"wp-block-media-text alignwide is-stacked-on-mobile\" style=\"grid-template-columns:38% auto\"><figure class=\"wp-block-media-text__media\"><img fetchpriority=\"high\" decoding=\"async\" width=\"300\" height=\"183\" src=\"https:\/\/lasallecadiz.es\/mirandilla\/wp-content\/uploads\/sites\/5\/2022\/01\/logo-nca-expandido-300x183.jpg\" alt=\"\" class=\"wp-image-9072 size-medium\" srcset=\"https:\/\/lasallecadiz.es\/mirandilla\/wp-content\/uploads\/sites\/5\/2022\/01\/logo-nca-expandido-300x183.jpg 300w, https:\/\/lasallecadiz.es\/mirandilla\/wp-content\/uploads\/sites\/5\/2022\/01\/logo-nca-expandido-1024x623.jpg 1024w, https:\/\/lasallecadiz.es\/mirandilla\/wp-content\/uploads\/sites\/5\/2022\/01\/logo-nca-expandido-768x467.jpg 768w, https:\/\/lasallecadiz.es\/mirandilla\/wp-content\/uploads\/sites\/5\/2022\/01\/logo-nca-expandido-1536x935.jpg 1536w, https:\/\/lasallecadiz.es\/mirandilla\/wp-content\/uploads\/sites\/5\/2022\/01\/logo-nca-expandido-2048x1247.jpg 2048w\" sizes=\"(max-width: 300px) 100vw, 300px\" \/><\/figure><div class=\"wp-block-media-text__content\">\n<p class=\"has-normal-font-size\">El Nuevo Contexto de Aprendizaje (NCA) es un marco pedag\u00f3gico y pastoral, con identidad propia, que presenta una propuesta organizativa, metodol\u00f3gica y evaluativa clara, que otorga sentido pleno a la educaci\u00f3n de la persona abordando de forma integral sus dimensiones emocional, cognitiva, corporal, social o espiritual, a lo largo de las diferentes etapas de su desarrollo. El alumno se convierte en protagonista de su propio aprendizaje.<\/p>\n<\/div><\/div>\n\n\n\n<div class=\"wp-block-columns is-layout-flex wp-container-core-columns-is-layout-9d6595d7 wp-block-columns-is-layout-flex\">\n<div class=\"wp-block-column is-layout-flow wp-block-column-is-layout-flow\">\n<h2 class=\"wp-block-heading\"><strong>Claves NCA<\/strong><\/h2>\n\n\n\n<h3 class=\"has-text-color wp-block-heading\" style=\"color:#caa425\"><img decoding=\"async\" width=\"18\" height=\"20\" class=\"wp-image-571\" style=\"width: 18px;\" src=\"https:\/\/lasallecadiz.es\/mirandilla\/wp-content\/uploads\/sites\/5\/2017\/01\/icono-salle.png\" alt=\"\"> <strong>Nuevo<\/strong><\/h3>\n\n\n\n<p class=\"has-normal-font-size\">por los medios que se utilizan para aprender para la vida y desde la vida.<\/p>\n\n\n\n<h3 class=\"wp-block-heading\"> <img decoding=\"async\" width=\"18\" height=\"20\" class=\"wp-image-571\" style=\"width: 18px;\" src=\"https:\/\/lasallecadiz.es\/mirandilla\/wp-content\/uploads\/sites\/5\/2017\/01\/icono-salle.png\" alt=\"\"> <strong>Contexto<\/strong><\/h3>\n\n\n\n<p class=\"has-normal-font-size\">porque c\u00f3mo se aprende es tanto o m\u00e1s importante que lo que se aprende.<\/p>\n\n\n\n<h3 class=\"wp-block-heading\"> <img decoding=\"async\" width=\"18\" height=\"20\" class=\"wp-image-571\" style=\"width: 18px;\" src=\"https:\/\/lasallecadiz.es\/mirandilla\/wp-content\/uploads\/sites\/5\/2017\/01\/icono-salle.png\" alt=\"\"> <strong>Aprendizaje<\/strong><\/h3>\n\n\n\n<p>como centro del modelo frente a la ense\u00f1anza tal y como la conocemos.<\/p>\n<\/div>\n\n\n\n<div class=\"wp-block-column is-layout-flow wp-block-column-is-layout-flow\">\n<div class=\"wp-block-group\"><div class=\"wp-block-group__inner-container is-layout-flow wp-block-group-is-layout-flow\">\n<h3 class=\"wp-block-heading\"> <img decoding=\"async\" width=\"18\" height=\"20\" class=\"wp-image-571\" style=\"width: 18px;\" src=\"https:\/\/lasallecadiz.es\/mirandilla\/wp-content\/uploads\/sites\/5\/2017\/01\/icono-salle.png\" alt=\"\"> <strong>Entenderse<\/strong><br><\/h3>\n\n\n\n<hr class=\"wp-block-separator has-text-color has-background has-contrast-3-background-color has-contrast-3-color is-style-default\"\/>\n\n\n\n<h3 class=\"wp-block-heading\"> <img decoding=\"async\" width=\"18\" height=\"20\" class=\"wp-image-571\" style=\"width: 18px;\" src=\"https:\/\/lasallecadiz.es\/mirandilla\/wp-content\/uploads\/sites\/5\/2017\/01\/icono-salle.png\" alt=\"\"> <strong>Entender a los dem\u00e1s<\/strong><\/h3>\n\n\n\n<hr class=\"wp-block-separator has-text-color has-background has-contrast-3-background-color has-contrast-3-color is-style-default\"\/>\n\n\n\n<h3 class=\"has-contrast-color has-text-color wp-block-heading\"><strong> <img decoding=\"async\" width=\"18\" height=\"20\" class=\"wp-image-571\" style=\"width: 18px;\" src=\"https:\/\/lasallecadiz.es\/mirandilla\/wp-content\/uploads\/sites\/5\/2017\/01\/icono-salle.png\" alt=\"\"> Comprender la realidad<\/strong><\/h3>\n\n\n\n<hr class=\"wp-block-separator has-text-color has-background has-contrast-3-background-color has-contrast-3-color is-style-default\"\/>\n\n\n\n<figure class=\"wp-block-image size-full\"><a href=\"https:\/\/colegioslasalle.org\/wp-content\/uploads\/sites\/5\/2020\/06\/triptico-nca-presentacion-general-cas.pdf\" target=\"_blank\" rel=\"noopener\"><img decoding=\"async\" width=\"319\" height=\"114\" src=\"https:\/\/lasallecadiz.es\/mirandilla\/wp-content\/uploads\/sites\/5\/2022\/01\/NCA1.png\" alt=\"\" class=\"wp-image-9113\" srcset=\"https:\/\/lasallecadiz.es\/mirandilla\/wp-content\/uploads\/sites\/5\/2022\/01\/NCA1.png 319w, https:\/\/lasallecadiz.es\/mirandilla\/wp-content\/uploads\/sites\/5\/2022\/01\/NCA1-300x107.png 300w\" sizes=\"(max-width: 319px) 100vw, 319px\" \/><\/a><\/figure>\n<\/div><\/div>\n<\/div>\n<\/div>\n\n\n\n<div class=\"wp-block-columns is-layout-flex wp-container-core-columns-is-layout-9d6595d7 wp-block-columns-is-layout-flex\">\n<div class=\"wp-block-column is-layout-flow wp-block-column-is-layout-flow\">\n<h2 class=\"has-medium-font-size wp-block-heading\"><strong>La respuesta a la escuela de hoy<\/strong><\/h2>\n\n\n\n<p>El mundo est\u00e1 cambiando y la educaci\u00f3n no puede quedarse al margen de esta revoluci\u00f3n en la manera de vivir y adquirir el conocimiento. La Salle ofrece una respuesta a la escuela de hoy, centr\u00e1ndose en la persona, en sus talentos, y buscando la forma de ayudarla a adquirir las habilidades y competencias que le permitan transformar el mundo.<\/p>\n<\/div>\n\n\n\n<div class=\"wp-block-column is-layout-flow wp-block-column-is-layout-flow\">\n<div class=\"wp-block-image\"><figure class=\"aligncenter size-full\"><img loading=\"lazy\" decoding=\"async\" width=\"472\" height=\"354\" src=\"https:\/\/lasallecadiz.es\/mirandilla\/wp-content\/uploads\/sites\/5\/2022\/01\/NCA-1.png\" alt=\"\" class=\"wp-image-9117\" srcset=\"https:\/\/lasallecadiz.es\/mirandilla\/wp-content\/uploads\/sites\/5\/2022\/01\/NCA-1.png 472w, https:\/\/lasallecadiz.es\/mirandilla\/wp-content\/uploads\/sites\/5\/2022\/01\/NCA-1-300x225.png 300w\" sizes=\"(max-width: 472px) 100vw, 472px\" \/><\/figure><\/div>\n<\/div>\n\n\n\n<div class=\"wp-block-column is-layout-flow wp-block-column-is-layout-flow\">\n<h2 class=\"has-medium-font-size wp-block-heading\"><strong>El alumno, centro de su propio aprendizaje<\/strong><\/h2>\n\n\n\n<p>El NCA propone a la persona como protagonista del proceso ense\u00f1anza-aprendizaje a partir de las dimensiones emocional,cognitiva, corporal, social y espiritual.<\/p>\n<\/div>\n<\/div>\n\n\n\n<div class=\"wp-block-columns is-layout-flex wp-container-core-columns-is-layout-9d6595d7 wp-block-columns-is-layout-flex\">\n<div class=\"wp-block-column is-layout-flow wp-block-column-is-layout-flow\">\n<div class=\"wp-block-image\"><figure class=\"aligncenter size-full\"><img loading=\"lazy\" decoding=\"async\" width=\"471\" height=\"564\" src=\"https:\/\/lasallecadiz.es\/mirandilla\/wp-content\/uploads\/sites\/5\/2022\/01\/NCA-2.png\" alt=\"\" class=\"wp-image-9127\" srcset=\"https:\/\/lasallecadiz.es\/mirandilla\/wp-content\/uploads\/sites\/5\/2022\/01\/NCA-2.png 471w, https:\/\/lasallecadiz.es\/mirandilla\/wp-content\/uploads\/sites\/5\/2022\/01\/NCA-2-251x300.png 251w\" sizes=\"(max-width: 471px) 100vw, 471px\" \/><\/figure><\/div>\n<\/div>\n\n\n\n<div class=\"wp-block-column is-layout-flow wp-block-column-is-layout-flow\">\n<h2 class=\"has-medium-font-size wp-block-heading\"><strong>Pilares esenciales del modelo NCA<\/strong><\/h2>\n\n\n\n<h3 class=\"wp-block-heading\"><img loading=\"lazy\" decoding=\"async\" width=\"18\" height=\"20\" class=\"wp-image-6570\" style=\"width: 18px;\" src=\"https:\/\/lasallecadiz.es\/mirandilla\/wp-content\/uploads\/sites\/5\/2020\/11\/icono-salle.png\" alt=\"\">Modelo experiencial<\/h3>\n\n\n\n<p>Vivir experiencias significativas permite, adem\u00e1s de adquirir conocimientos, la construcci\u00f3n de la personalidad.<\/p>\n\n\n\n<h3 class=\"wp-block-heading\" id=\"block-c73354ea-2364-4e60-bfdd-74b423236a88\"><img decoding=\"async\" src=\"https:\/\/lasallecadiz.es\/mirandilla\/wp-content\/uploads\/sites\/5\/2020\/11\/icono-salle.png\" alt=\"\">Modelo relacional<\/h3>\n\n\n\n<p>El aprendizaje cooperativo ayuda a interpretar, integrar, desde el propio aprendizaje, las experiencias de conocimiento.<\/p>\n<\/div>\n\n\n\n<div class=\"wp-block-column is-layout-flow wp-block-column-is-layout-flow\">\n<div class=\"wp-block-image\"><figure class=\"aligncenter size-full\"><img loading=\"lazy\" decoding=\"async\" width=\"469\" height=\"551\" src=\"https:\/\/lasallecadiz.es\/mirandilla\/wp-content\/uploads\/sites\/5\/2022\/01\/NCA-3.png\" alt=\"\" class=\"wp-image-9129\" srcset=\"https:\/\/lasallecadiz.es\/mirandilla\/wp-content\/uploads\/sites\/5\/2022\/01\/NCA-3.png 469w, https:\/\/lasallecadiz.es\/mirandilla\/wp-content\/uploads\/sites\/5\/2022\/01\/NCA-3-255x300.png 255w\" sizes=\"(max-width: 469px) 100vw, 469px\" \/><\/figure><\/div>\n<\/div>\n<\/div>\n\n\n\n<div class=\"wp-block-columns is-layout-flex wp-container-core-columns-is-layout-9d6595d7 wp-block-columns-is-layout-flex\">\n<div class=\"wp-block-column is-layout-flow wp-block-column-is-layout-flow\">\n<h3 class=\"wp-block-heading\" id=\"block-c73354ea-2364-4e60-bfdd-74b423236a88\"><img decoding=\"async\" src=\"https:\/\/lasallecadiz.es\/mirandilla\/wp-content\/uploads\/sites\/5\/2020\/11\/icono-salle.png\" alt=\"\">Ense\u00f1anza-aprendizaje<\/h3>\n\n\n\n<p>El alumno protagoniza su formaci\u00f3n y crecimiento personal dentro de un modelo en continua mejora.<\/p>\n<\/div>\n\n\n\n<div class=\"wp-block-column is-layout-flow wp-block-column-is-layout-flow\">\n<h3 class=\"wp-block-heading\" id=\"block-c73354ea-2364-4e60-bfdd-74b423236a88\"><img decoding=\"async\" src=\"https:\/\/lasallecadiz.es\/mirandilla\/wp-content\/uploads\/sites\/5\/2020\/11\/icono-salle.png\" alt=\"\">Figura del educador<\/h3>\n\n\n\n<p>El educador es el mediador en el proceso de aprendizaje, acompa\u00f1ando al alumno en su propio camino.<\/p>\n<\/div>\n<\/div>\n\n\n\n<div class=\"wp-block-columns is-layout-flex wp-container-core-columns-is-layout-9d6595d7 wp-block-columns-is-layout-flex\">\n<div class=\"wp-block-column is-layout-flow wp-block-column-is-layout-flow\">\n<h2 class=\"has-medium-font-size wp-block-heading\"><strong>Principios pedag\u00f3gicos<\/strong><\/h2>\n\n\n\n<p>Los principios pedag\u00f3gicos son nuestras gu\u00edas, son lo que fundamenta y da sentido a nuestro proyecto. Marcan la diferencia y aportan valor a nuestra propuesta educativa y la sustentan. En definitiva, son la esencia del Nuevo Contexto de Aprendizaje (NCA) como respuesta \u00fanica a las nuevas necesidades que nos demanda la sociedad de hoy.<\/p>\n\n\n\n<div class=\"wp-block-image\"><figure class=\"alignleft size-full\"><a href=\"https:\/\/lasallecadiz.es\/mirandilla\/principios-pedagogicos-nca-infantil\/\"><img loading=\"lazy\" decoding=\"async\" width=\"175\" height=\"62\" src=\"https:\/\/lasallecadiz.es\/mirandilla\/wp-content\/uploads\/sites\/5\/2022\/01\/NCA-infantil.png\" alt=\"\" class=\"wp-image-9138\"\/><\/a><\/figure><\/div>\n\n\n\n<div class=\"wp-block-image\"><figure class=\"alignleft size-full\"><a href=\"https:\/\/lasallecadiz.es\/mirandilla\/principios-pedagogicos-nca-en-educacion-primaria\/\"><img loading=\"lazy\" decoding=\"async\" width=\"186\" height=\"56\" src=\"https:\/\/lasallecadiz.es\/mirandilla\/wp-content\/uploads\/sites\/5\/2022\/01\/NCA-EPO.png\" alt=\"\" class=\"wp-image-9140\"\/><\/a><\/figure><\/div>\n<\/div>\n\n\n\n<div class=\"wp-block-column is-layout-flow wp-block-column-is-layout-flow\">\n<figure class=\"wp-block-image size-full\"><img loading=\"lazy\" decoding=\"async\" width=\"471\" height=\"651\" src=\"https:\/\/lasallecadiz.es\/mirandilla\/wp-content\/uploads\/sites\/5\/2022\/01\/NCA-4.png\" alt=\"\" class=\"wp-image-9136\" srcset=\"https:\/\/lasallecadiz.es\/mirandilla\/wp-content\/uploads\/sites\/5\/2022\/01\/NCA-4.png 471w, https:\/\/lasallecadiz.es\/mirandilla\/wp-content\/uploads\/sites\/5\/2022\/01\/NCA-4-217x300.png 217w\" sizes=\"(max-width: 471px) 100vw, 471px\" \/><\/figure>\n<\/div>\n\n\n\n<div class=\"wp-block-column is-layout-flow wp-block-column-is-layout-flow\">\n<h2 class=\"has-medium-font-size wp-block-heading\"><strong>\u00c1mbitos de aprendizaje<\/strong><\/h2>\n\n\n\n<p>Los \u00e1mbitos de aprendizaje son los entornos did\u00e1cticos que permiten articular el curr\u00edculo de forma integradora y est\u00e1n interconectados entre s\u00ed, asegurando el aprendizaje desde diferentes miradas y a trav\u00e9s de contextos propios haciendo posible una escuela que asume nuevas realidades de conocimiento.<\/p>\n\n\n\n<figure class=\"wp-block-image size-full\"><a href=\"https:\/\/lasallecadiz.es\/mirandilla\/ambitos-de-aprendizaje-nca-en-educacion-infantil\/\"><img loading=\"lazy\" decoding=\"async\" width=\"175\" height=\"62\" src=\"https:\/\/lasallecadiz.es\/mirandilla\/wp-content\/uploads\/sites\/5\/2022\/01\/NCA-infantil.png\" alt=\"\" class=\"wp-image-9138\"\/><\/a><\/figure>\n\n\n\n<figure class=\"wp-block-image size-full\"><a href=\"https:\/\/lasallecadiz.es\/mirandilla\/ambitos-de-aprendizaje-nca-en-educacion-primaria\/\"><img loading=\"lazy\" decoding=\"async\" width=\"186\" height=\"56\" src=\"https:\/\/lasallecadiz.es\/mirandilla\/wp-content\/uploads\/sites\/5\/2022\/01\/NCA-EPO.png\" alt=\"\" class=\"wp-image-9140\"\/><\/a><\/figure>\n<\/div>\n<\/div>\n\n\n\n<h2 class=\"has-medium-font-size wp-block-heading\"><strong>Materiales propios<\/strong><\/h2>\n\n\n\n<div class=\"wp-block-columns is-layout-flex wp-container-core-columns-is-layout-9d6595d7 wp-block-columns-is-layout-flex\">\n<div class=\"wp-block-column is-layout-flow wp-block-column-is-layout-flow\">\n<figure class=\"wp-block-image size-full\"><img loading=\"lazy\" decoding=\"async\" width=\"800\" height=\"800\" src=\"https:\/\/lasallecadiz.es\/mirandilla\/wp-content\/uploads\/sites\/5\/2022\/01\/materialpropio-2020-21-cas.jpg\" alt=\"\" class=\"wp-image-9175\" srcset=\"https:\/\/lasallecadiz.es\/mirandilla\/wp-content\/uploads\/sites\/5\/2022\/01\/materialpropio-2020-21-cas.jpg 800w, https:\/\/lasallecadiz.es\/mirandilla\/wp-content\/uploads\/sites\/5\/2022\/01\/materialpropio-2020-21-cas-300x300.jpg 300w, https:\/\/lasallecadiz.es\/mirandilla\/wp-content\/uploads\/sites\/5\/2022\/01\/materialpropio-2020-21-cas-150x150.jpg 150w, https:\/\/lasallecadiz.es\/mirandilla\/wp-content\/uploads\/sites\/5\/2022\/01\/materialpropio-2020-21-cas-768x768.jpg 768w\" sizes=\"(max-width: 800px) 100vw, 800px\" \/><\/figure>\n<\/div>\n\n\n\n<div class=\"wp-block-column is-layout-flow wp-block-column-is-layout-flow\">\n<p><\/p>\n\n\n\n<p><\/p>\n\n\n\n<p>La Salle ha desarrollado materiales propios que materializan el Nuevo Contexto de Aprendizaje, apostando por una educaci\u00f3n integral, que a\u00fana aprendizaje cooperativo, creatividad y visi\u00f3n solidaria, y que se apoya en nuestros principios pedag\u00f3gicos.<\/p>\n\n\n\n<figure class=\"wp-block-image size-full\"><a href=\"https:\/\/colegioslasalle.org\/wp-content\/uploads\/sites\/5\/2020\/09\/diptico-metodologi%CC%81a-nca-infantil-cas-n.pdf\" target=\"_blank\" rel=\"noopener\"><img loading=\"lazy\" decoding=\"async\" width=\"308\" height=\"152\" src=\"https:\/\/lasallecadiz.es\/mirandilla\/wp-content\/uploads\/sites\/5\/2022\/01\/NCA-HOME-1.png\" alt=\"\" class=\"wp-image-9177\" srcset=\"https:\/\/lasallecadiz.es\/mirandilla\/wp-content\/uploads\/sites\/5\/2022\/01\/NCA-HOME-1.png 308w, https:\/\/lasallecadiz.es\/mirandilla\/wp-content\/uploads\/sites\/5\/2022\/01\/NCA-HOME-1-300x148.png 300w\" sizes=\"(max-width: 308px) 100vw, 308px\" \/><\/a><\/figure>\n\n\n\n<figure class=\"wp-block-image size-full\"><a href=\"https:\/\/colegioslasalle.org\/wp-content\/uploads\/sites\/5\/2020\/09\/diptico-catalogo-nca-familias-primaria-cas.pdf\" target=\"_blank\" rel=\"noopener\"><img loading=\"lazy\" decoding=\"async\" width=\"184\" height=\"53\" src=\"https:\/\/lasallecadiz.es\/mirandilla\/wp-content\/uploads\/sites\/5\/2022\/01\/NCA-HOME-2.png\" alt=\"\" class=\"wp-image-9178\"\/><\/a><\/figure>\n<\/div>\n<\/div>\n\n\n\n<div class=\"wp-block-columns is-layout-flex wp-container-core-columns-is-layout-9d6595d7 wp-block-columns-is-layout-flex\">\n<div class=\"wp-block-column is-layout-flow wp-block-column-is-layout-flow\"><\/div>\n\n\n\n<div class=\"wp-block-column is-layout-flow wp-block-column-is-layout-flow\"><\/div>\n\n\n\n<div class=\"wp-block-column is-layout-flow wp-block-column-is-layout-flow\">\n<div class=\"wp-block-columns is-layout-flex wp-container-core-columns-is-layout-9d6595d7 wp-block-columns-is-layout-flex\">\n<div class=\"wp-block-column is-layout-flow wp-block-column-is-layout-flow\"><\/div>\n\n\n\n<div class=\"wp-block-column is-layout-flow wp-block-column-is-layout-flow\"><\/div>\n\n\n\n<div class=\"wp-block-column is-layout-flow wp-block-column-is-layout-flow\">\n<figure class=\"wp-block-image size-thumbnail\"><a href=\"https:\/\/lasallecadiz.es\/mirandilla\/escolarizacion\"><img loading=\"lazy\" decoding=\"async\" width=\"150\" height=\"150\" src=\"https:\/\/lasallecadiz.es\/mirandilla\/wp-content\/uploads\/sites\/5\/2021\/09\/Botones-Web-4-150x150.png\" alt=\"\" class=\"wp-image-8379\" srcset=\"https:\/\/lasallecadiz.es\/mirandilla\/wp-content\/uploads\/sites\/5\/2021\/09\/Botones-Web-4-150x150.png 150w, https:\/\/lasallecadiz.es\/mirandilla\/wp-content\/uploads\/sites\/5\/2021\/09\/Botones-Web-4-300x300.png 300w, https:\/\/lasallecadiz.es\/mirandilla\/wp-content\/uploads\/sites\/5\/2021\/09\/Botones-Web-4.png 500w\" sizes=\"(max-width: 150px) 100vw, 150px\" \/><\/a><\/figure>\n<\/div>\n<\/div>\n<\/div>\n<\/div>\n","protected":false},"excerpt":{"rendered":"<p>Como el mundo evoluciona, la educaci\u00f3n en&nbsp;La Salle&nbsp;tambi\u00e9n. El Nuevo Contexto de Aprendizaje (NCA) es un marco pedag\u00f3gico y pastoral, con identidad propia, que presenta una propuesta organizativa, metodol\u00f3gica y evaluativa clara, que otorga sentido pleno a la educaci\u00f3n de la persona abordando de forma integral sus dimensiones emocional, cognitiva, corporal, social o espiritual, a &#8230; <a title=\"Presentamos la escuela del futuro con el Nuevo Contexto de Aprendizaje (NCA)\" class=\"read-more\" href=\"https:\/\/lasallecadiz.es\/mirandilla\/presentamos-la-escuela-del-futuro-con-el-nuevo-contexto-de-aprendizaje-nca\/\" aria-label=\"Leer m\u00e1s sobre Presentamos la escuela del futuro con el Nuevo Contexto de Aprendizaje (NCA)\">Leer m\u00e1s<\/a><\/p>\n","protected":false},"author":25,"featured_media":0,"parent":0,"menu_order":0,"comment_status":"closed","ping_status":"closed","template":"","meta":{"_eb_attr":"","footnotes":""},"class_list":["post-9060","page","type-page","status-publish"],"_links":{"self":[{"href":"https:\/\/lasallecadiz.es\/mirandilla\/wp-json\/wp\/v2\/pages\/9060","targetHints":{"allow":["GET"]}}],"collection":[{"href":"https:\/\/lasallecadiz.es\/mirandilla\/wp-json\/wp\/v2\/pages"}],"about":[{"href":"https:\/\/lasallecadiz.es\/mirandilla\/wp-json\/wp\/v2\/types\/page"}],"author":[{"embeddable":true,"href":"https:\/\/lasallecadiz.es\/mirandilla\/wp-json\/wp\/v2\/users\/25"}],"replies":[{"embeddable":true,"href":"https:\/\/lasallecadiz.es\/mirandilla\/wp-json\/wp\/v2\/comments?post=9060"}],"version-history":[{"count":5,"href":"https:\/\/lasallecadiz.es\/mirandilla\/wp-json\/wp\/v2\/pages\/9060\/revisions"}],"predecessor-version":[{"id":9482,"href":"https:\/\/lasallecadiz.es\/mirandilla\/wp-json\/wp\/v2\/pages\/9060\/revisions\/9482"}],"wp:attachment":[{"href":"https:\/\/lasallecadiz.es\/mirandilla\/wp-json\/wp\/v2\/media?parent=9060"}],"curies":[{"name":"wp","href":"https:\/\/api.w.org\/{rel}","templated":true}]}}