{"id":9189,"date":"2022-01-25T11:23:36","date_gmt":"2022-01-25T11:23:36","guid":{"rendered":"https:\/\/lasallecadiz.es\/mirandilla\/?page_id=9189"},"modified":"2025-03-11T09:48:03","modified_gmt":"2025-03-11T09:48:03","slug":"ambitos-de-aprendizaje-nca-en-educacion-infantil","status":"publish","type":"page","link":"https:\/\/lasallecadiz.es\/mirandilla\/ambitos-de-aprendizaje-nca-en-educacion-infantil\/","title":{"rendered":"\u00c1mbitos de aprendizaje NCA en Educaci\u00f3n Infantil"},"content":{"rendered":"\n<hr class=\"wp-block-separator has-text-color has-background\" style=\"background-color:#f9c10a;color:#f9c10a\"\/>\n\n\n\n<p class=\"has-text-align-center\" style=\"font-size:33px\">\u00c1mbitos de aprendizaje NCA en Educaci\u00f3n Infantil<\/p>\n\n\n\n<hr class=\"wp-block-separator has-text-color has-background\" style=\"background-color:#f9c10a;color:#f9c10a\"\/>\n\n\n\n<center><iframe width=\"560\" height=\"315\" src=\"https:\/\/www.youtube.com\/embed\/2X9t0wRK3WA\" title=\"YouTube video player\" frameborder=\"0\" allow=\"accelerometer; autoplay; clipboard-write; encrypted-media; gyroscope; picture-in-picture\" allowfullscreen=\"\"><\/iframe><\/center>\n\n\n\n<hr class=\"wp-block-separator has-text-color has-background\" style=\"background-color:#f9c10a;color:#f9c10a\"\/>\n\n\n\n<h3 class=\"has-medium-font-size wp-block-heading\"><img decoding=\"async\" width=\"18\" height=\"20\" class=\"wp-image-6570\" style=\"width: 18px;\" src=\"https:\/\/lasallecadiz.es\/mirandilla\/wp-content\/uploads\/sites\/5\/2020\/11\/icono-salle.png\" alt=\"\"> Acogida<\/h3>\n\n\n\n<p>Trabajamos la bienvenida a lo que nos espera cada d\u00eda. Momento para acoger al alumnado y para interesarnos por los que est\u00e1n o faltan.<\/p>\n\n\n\n<h3 class=\"has-medium-font-size wp-block-heading\"> <img decoding=\"async\" width=\"18\" height=\"20\" class=\"wp-image-6570\" style=\"width: 18px;\" src=\"https:\/\/lasallecadiz.es\/mirandilla\/wp-content\/uploads\/sites\/5\/2020\/11\/icono-salle.png\" alt=\"\"> Proyecto<\/h3>\n\n\n\n<p>Trabajamos desde la emoci\u00f3n el SABER y el SABER HACER. Aprendemos contenidos y compartimos nuestros aprendizajes.<\/p>\n\n\n\n<h3 class=\"has-medium-font-size wp-block-heading\"> <img decoding=\"async\" width=\"18\" height=\"20\" class=\"wp-image-6570\" style=\"width: 18px;\" src=\"https:\/\/lasallecadiz.es\/mirandilla\/wp-content\/uploads\/sites\/5\/2020\/11\/icono-salle.png\" alt=\"\"> Entorno de nivel<\/h3>\n\n\n\n<p>Trabajamos desde la comprensi\u00f3n el SABER y el SABER SER. Espacio para comunicar, comprender, conectar o descubrir desde la Fe nuestro entorno<\/p>\n\n\n\n<h3 class=\"has-medium-font-size wp-block-heading\"> <img decoding=\"async\" width=\"18\" height=\"20\" class=\"wp-image-6570\" style=\"width: 18px;\" src=\"https:\/\/lasallecadiz.es\/mirandilla\/wp-content\/uploads\/sites\/5\/2020\/11\/icono-salle.png\" alt=\"\"> Entorno de internivel<\/h3>\n\n\n\n<p>Trabajamos el SABER SER compartiendo experiencias. Momento para disfrutar y aprender desde la CREAtividad.<\/p>\n\n\n\n<h3 class=\"has-medium-font-size wp-block-heading\"> <img decoding=\"async\" width=\"18\" height=\"20\" class=\"wp-image-6570\" style=\"width: 18px;\" src=\"https:\/\/lasallecadiz.es\/mirandilla\/wp-content\/uploads\/sites\/5\/2020\/11\/icono-salle.png\" alt=\"\"> Cierre<\/h3>\n\n\n\n<p>Trabajamos la reflexi\u00f3n sobre lo realizado. Momento para revisar, evaluar, celebrar y despedirse.<\/p>\n\n\n\n<figure class=\"wp-block-image size-full\"><a href=\"https:\/\/colegioslasalle.org\/wp-content\/uploads\/sites\/5\/2021\/02\/triptico-nca-ambitos-infantil-cas-2020.pdf\" target=\"_blank\" rel=\"noopener\"><img decoding=\"async\" width=\"191\" height=\"60\" src=\"https:\/\/lasallecadiz.es\/mirandilla\/wp-content\/uploads\/sites\/5\/2022\/01\/Info-General.png\" alt=\"\" class=\"wp-image-9191\"\/><\/a><\/figure>\n\n\n\n<figure class=\"wp-block-image size-full\"><a href=\"https:\/\/colegioslasalle.org\/wp-content\/uploads\/sites\/5\/2020\/07\/triptico-nca-entornos-infantil-cas.pdf\" target=\"_blank\" rel=\"noopener\"><img decoding=\"async\" width=\"171\" height=\"57\" src=\"https:\/\/lasallecadiz.es\/mirandilla\/wp-content\/uploads\/sites\/5\/2022\/01\/Entorno-Nivel.png\" alt=\"\" class=\"wp-image-9192\"\/><\/a><\/figure>\n\n\n\n<div class=\"wp-block-columns is-layout-flex wp-container-core-columns-is-layout-9d6595d7 wp-block-columns-is-layout-flex\">\n<div class=\"wp-block-column is-layout-flow wp-block-column-is-layout-flow\"><\/div>\n\n\n\n<div class=\"wp-block-column is-layout-flow wp-block-column-is-layout-flow\"><\/div>\n\n\n\n<div class=\"wp-block-column is-layout-flow wp-block-column-is-layout-flow\">\n<div class=\"wp-block-columns is-layout-flex wp-container-core-columns-is-layout-9d6595d7 wp-block-columns-is-layout-flex\">\n<div class=\"wp-block-column is-layout-flow wp-block-column-is-layout-flow\"><\/div>\n\n\n\n<div class=\"wp-block-column is-layout-flow wp-block-column-is-layout-flow\"><\/div>\n\n\n\n<div class=\"wp-block-column is-layout-flow wp-block-column-is-layout-flow\">\n<figure class=\"wp-block-image size-thumbnail\"><a href=\"https:\/\/lasallecadiz.es\/mirandilla\/presentamos-la-escuela-del-futuro-con-el-nuevo-contexto-de-aprendizaje-nca\/\"><img loading=\"lazy\" decoding=\"async\" width=\"150\" height=\"150\" src=\"https:\/\/lasallecadiz.es\/mirandilla\/wp-content\/uploads\/sites\/5\/2021\/09\/Botones-Web-4-150x150.png\" alt=\"\" class=\"wp-image-8379\" srcset=\"https:\/\/lasallecadiz.es\/mirandilla\/wp-content\/uploads\/sites\/5\/2021\/09\/Botones-Web-4-150x150.png 150w, https:\/\/lasallecadiz.es\/mirandilla\/wp-content\/uploads\/sites\/5\/2021\/09\/Botones-Web-4-300x300.png 300w, https:\/\/lasallecadiz.es\/mirandilla\/wp-content\/uploads\/sites\/5\/2021\/09\/Botones-Web-4.png 500w\" sizes=\"(max-width: 150px) 100vw, 150px\" \/><\/a><\/figure>\n<\/div>\n<\/div>\n<\/div>\n<\/div>\n","protected":false},"excerpt":{"rendered":"<p>\u00c1mbitos de aprendizaje NCA en Educaci\u00f3n Infantil Acogida Trabajamos la bienvenida a lo que nos espera cada d\u00eda. Momento para acoger al alumnado y para interesarnos por los que est\u00e1n o faltan. Proyecto Trabajamos desde la emoci\u00f3n el SABER y el SABER HACER. Aprendemos contenidos y compartimos nuestros aprendizajes. Entorno de nivel Trabajamos desde la &#8230; <a title=\"\u00c1mbitos de aprendizaje NCA en Educaci\u00f3n Infantil\" class=\"read-more\" href=\"https:\/\/lasallecadiz.es\/mirandilla\/ambitos-de-aprendizaje-nca-en-educacion-infantil\/\" aria-label=\"Leer m\u00e1s sobre \u00c1mbitos de aprendizaje NCA en Educaci\u00f3n Infantil\">Leer m\u00e1s<\/a><\/p>\n","protected":false},"author":25,"featured_media":0,"parent":0,"menu_order":0,"comment_status":"closed","ping_status":"closed","template":"","meta":{"_eb_attr":"","footnotes":""},"class_list":["post-9189","page","type-page","status-publish"],"_links":{"self":[{"href":"https:\/\/lasallecadiz.es\/mirandilla\/wp-json\/wp\/v2\/pages\/9189","targetHints":{"allow":["GET"]}}],"collection":[{"href":"https:\/\/lasallecadiz.es\/mirandilla\/wp-json\/wp\/v2\/pages"}],"about":[{"href":"https:\/\/lasallecadiz.es\/mirandilla\/wp-json\/wp\/v2\/types\/page"}],"author":[{"embeddable":true,"href":"https:\/\/lasallecadiz.es\/mirandilla\/wp-json\/wp\/v2\/users\/25"}],"replies":[{"embeddable":true,"href":"https:\/\/lasallecadiz.es\/mirandilla\/wp-json\/wp\/v2\/comments?post=9189"}],"version-history":[{"count":5,"href":"https:\/\/lasallecadiz.es\/mirandilla\/wp-json\/wp\/v2\/pages\/9189\/revisions"}],"predecessor-version":[{"id":9216,"href":"https:\/\/lasallecadiz.es\/mirandilla\/wp-json\/wp\/v2\/pages\/9189\/revisions\/9216"}],"wp:attachment":[{"href":"https:\/\/lasallecadiz.es\/mirandilla\/wp-json\/wp\/v2\/media?parent=9189"}],"curies":[{"name":"wp","href":"https:\/\/api.w.org\/{rel}","templated":true}]}}