{"id":9198,"date":"2022-01-25T11:32:09","date_gmt":"2022-01-25T11:32:09","guid":{"rendered":"https:\/\/lasallecadiz.es\/mirandilla\/?page_id=9198"},"modified":"2025-03-11T09:48:03","modified_gmt":"2025-03-11T09:48:03","slug":"ambitos-de-aprendizaje-nca-en-educacion-primaria","status":"publish","type":"page","link":"https:\/\/lasallecadiz.es\/mirandilla\/ambitos-de-aprendizaje-nca-en-educacion-primaria\/","title":{"rendered":"\u00c1mbitos de aprendizaje NCA en Educaci\u00f3n Primaria"},"content":{"rendered":"\n<hr class=\"wp-block-separator has-text-color has-background\" style=\"background-color:#f9c10a;color:#f9c10a\"\/>\n\n\n\n<p class=\"has-text-align-center\" style=\"font-size:33px\">\u00c1mbitos de aprendizaje NCA en Educaci\u00f3n Primaria<\/p>\n\n\n\n<hr class=\"wp-block-separator has-text-color has-background\" style=\"background-color:#f9c10a;color:#f9c10a\"\/>\n\n\n\n<center><iframe width=\"560\" height=\"315\" src=\"https:\/\/www.youtube.com\/embed\/_rt9cm-aOFc\" title=\"YouTube video player\" frameborder=\"0\" allow=\"accelerometer; autoplay; clipboard-write; encrypted-media; gyroscope; picture-in-picture\" allowfullscreen=\"\"><\/iframe><\/center>\n\n\n\n<hr class=\"wp-block-separator has-text-color has-background\" style=\"background-color:#f9c10a;color:#f9c10a\"\/>\n\n\n\n<h3 class=\"wp-block-heading\"><img decoding=\"async\" width=\"18\" height=\"20\" class=\"wp-image-6570\" style=\"width: 18px;\" src=\"https:\/\/lasallecadiz.es\/mirandilla\/wp-content\/uploads\/sites\/5\/2020\/11\/icono-salle.png\" alt=\"\"> Acogida<\/h3>\n\n\n\n<p>Es el \u00e1mbito de experiencia que prepara al alumno para lo que va a vivir.<\/p>\n\n\n\n<h3 class=\"wp-block-heading\"> <img decoding=\"async\" width=\"18\" height=\"20\" class=\"wp-image-6570\" style=\"width: 18px;\" src=\"https:\/\/lasallecadiz.es\/mirandilla\/wp-content\/uploads\/sites\/5\/2020\/11\/icono-salle.png\" alt=\"\"> Seminario<\/h3>\n\n\n\n<p>Es el \u00e1mbito donde se produce el encuentro entre persona y conocimiento, donde tienen cabida el contenido curricular. Es el espacio del SABER.<\/p>\n\n\n\n<h3 class=\"wp-block-heading\"> <img decoding=\"async\" width=\"18\" height=\"20\" class=\"wp-image-6570\" style=\"width: 18px;\" src=\"https:\/\/lasallecadiz.es\/mirandilla\/wp-content\/uploads\/sites\/5\/2020\/11\/icono-salle.png\" alt=\"\"> Taller<\/h3>\n\n\n\n<p>Es el \u00e1mbito en el que el alumno se construye a s\u00ed mismo y es protagonista de su aprendizaje. Es el espacio del SER.<\/p>\n\n\n\n<h3 class=\"wp-block-heading\"> <img decoding=\"async\" width=\"18\" height=\"20\" class=\"wp-image-6570\" style=\"width: 18px;\" src=\"https:\/\/lasallecadiz.es\/mirandilla\/wp-content\/uploads\/sites\/5\/2020\/11\/icono-salle.png\" alt=\"\"> Proyecto<\/h3>\n\n\n\n<p>Es el \u00e1mbito donde los alumnos trabajan transversalmente todos los principios NCA, aprendiendo de la experiencia. Es el espacio del HACER.<\/p>\n\n\n\n<h3 class=\"wp-block-heading\"> <img decoding=\"async\" width=\"18\" height=\"20\" class=\"wp-image-6570\" style=\"width: 18px;\" src=\"https:\/\/lasallecadiz.es\/mirandilla\/wp-content\/uploads\/sites\/5\/2020\/11\/icono-salle.png\" alt=\"\"> Cierre<\/h3>\n\n\n\n<p>Es el momento de la evaluaci\u00f3n, la reflexi\u00f3n y la celebraci\u00f3n de lo vivido.<\/p>\n\n\n\n<figure class=\"wp-block-image size-full\"><a href=\"https:\/\/colegioslasalle.org\/wp-content\/uploads\/sites\/5\/2020\/06\/triptico-nca-ambitos-de-aprendizaje-cas.pdf\" target=\"_blank\" rel=\"noopener\"><img decoding=\"async\" width=\"202\" height=\"59\" src=\"https:\/\/lasallecadiz.es\/mirandilla\/wp-content\/uploads\/sites\/5\/2022\/01\/Descargar.png\" alt=\"\" class=\"wp-image-9159\"\/><\/a><\/figure>\n","protected":false},"excerpt":{"rendered":"<p>\u00c1mbitos de aprendizaje NCA en Educaci\u00f3n Primaria Acogida Es el \u00e1mbito de experiencia que prepara al alumno para lo que va a vivir. Seminario Es el \u00e1mbito donde se produce el encuentro entre persona y conocimiento, donde tienen cabida el contenido curricular. Es el espacio del SABER. Taller Es el \u00e1mbito en el que el &#8230; <a title=\"\u00c1mbitos de aprendizaje NCA en Educaci\u00f3n Primaria\" class=\"read-more\" href=\"https:\/\/lasallecadiz.es\/mirandilla\/ambitos-de-aprendizaje-nca-en-educacion-primaria\/\" aria-label=\"Leer m\u00e1s sobre \u00c1mbitos de aprendizaje NCA en Educaci\u00f3n Primaria\">Leer m\u00e1s<\/a><\/p>\n","protected":false},"author":25,"featured_media":0,"parent":0,"menu_order":0,"comment_status":"closed","ping_status":"closed","template":"","meta":{"_eb_attr":"","footnotes":""},"class_list":["post-9198","page","type-page","status-publish"],"_links":{"self":[{"href":"https:\/\/lasallecadiz.es\/mirandilla\/wp-json\/wp\/v2\/pages\/9198","targetHints":{"allow":["GET"]}}],"collection":[{"href":"https:\/\/lasallecadiz.es\/mirandilla\/wp-json\/wp\/v2\/pages"}],"about":[{"href":"https:\/\/lasallecadiz.es\/mirandilla\/wp-json\/wp\/v2\/types\/page"}],"author":[{"embeddable":true,"href":"https:\/\/lasallecadiz.es\/mirandilla\/wp-json\/wp\/v2\/users\/25"}],"replies":[{"embeddable":true,"href":"https:\/\/lasallecadiz.es\/mirandilla\/wp-json\/wp\/v2\/comments?post=9198"}],"version-history":[{"count":2,"href":"https:\/\/lasallecadiz.es\/mirandilla\/wp-json\/wp\/v2\/pages\/9198\/revisions"}],"predecessor-version":[{"id":9206,"href":"https:\/\/lasallecadiz.es\/mirandilla\/wp-json\/wp\/v2\/pages\/9198\/revisions\/9206"}],"wp:attachment":[{"href":"https:\/\/lasallecadiz.es\/mirandilla\/wp-json\/wp\/v2\/media?parent=9198"}],"curies":[{"name":"wp","href":"https:\/\/api.w.org\/{rel}","templated":true}]}}