{"id":15877,"date":"2024-06-07T10:45:38","date_gmt":"2024-06-07T10:45:38","guid":{"rendered":"https:\/\/lasallecadiz.es\/prueba1\/?page_id=15877"},"modified":"2026-01-22T08:34:32","modified_gmt":"2026-01-22T08:34:32","slug":"comercio-justo","status":"publish","type":"page","link":"https:\/\/lasallecadiz.es\/vina\/comercio-justo\/","title":{"rendered":"Comercio justo"},"content":{"rendered":"\t\t<div data-elementor-type=\"wp-page\" data-elementor-id=\"15877\" class=\"elementor elementor-15877\">\n\t\t\t\t<div class=\"elementor-element elementor-element-142127f e-flex e-con-boxed e-con e-parent\" data-id=\"142127f\" data-element_type=\"container\" data-e-type=\"container\">\n\t\t\t\t\t<div class=\"e-con-inner\">\n\t\t\t\t<div class=\"elementor-element elementor-element-e269884 elementor-widget elementor-widget-text-editor\" data-id=\"e269884\" data-element_type=\"widget\" data-e-type=\"widget\" data-widget_type=\"text-editor.default\">\n\t\t\t\t<div class=\"elementor-widget-container\">\n\t\t\t\t\t\t\t\t\t<p style=\"color: #1b2c65;font-family: Quicksand, sans-serif\">Seguro que todos hab\u00e9is o\u00eddo hablar en alg\u00fan momento del comercio justo\u2026 pero \u00bfSabemos qu\u00e9 es y qu\u00e9 tiene que ver con nuestro colegio? Vamos a intentar explicarlo\u00a0 en pocas palabras.<\/p><p style=\"color: #1b2c65;font-family: Quicksand, sans-serif\">El comercio Justo es un comercio que defiende un NO a la explotaci\u00f3n y a la INJUSTICIA. que sufren pa\u00edses del sur. Es una alternativa de comercio para miles de personas, agricultores y artesanos.<\/p><p style=\"color: #1b2c65;font-family: Quicksand, sans-serif\">Su objetivo es un comercio con Justicia, no dar un donativo ni hacer caridad. Su meta es cambiar las reglas que rigen los intercambios comerciales para crear otro modelo de mercado.<\/p><p style=\"color: #1b2c65;font-family: Quicksand, sans-serif\">\u00a0<\/p>\t\t\t\t\t\t\t\t<\/div>\n\t\t\t\t<\/div>\n\t\t\t\t<div class=\"elementor-element elementor-element-fae3a09 elementor-widget elementor-widget-image\" data-id=\"fae3a09\" data-element_type=\"widget\" data-e-type=\"widget\" data-widget_type=\"image.default\">\n\t\t\t\t<div class=\"elementor-widget-container\">\n\t\t\t\t\t\t\t\t\t\t\t\t\t\t\t<img fetchpriority=\"high\" decoding=\"async\" width=\"600\" height=\"400\" src=\"https:\/\/lasallecadiz.es\/vina\/wp-content\/uploads\/sites\/4\/2024\/06\/proyde.jpg\" class=\"attachment-large size-large wp-image-15883\" alt=\"\" srcset=\"https:\/\/lasallecadiz.es\/vina\/wp-content\/uploads\/sites\/4\/2024\/06\/proyde.jpg 600w, https:\/\/lasallecadiz.es\/vina\/wp-content\/uploads\/sites\/4\/2024\/06\/proyde-300x200.jpg 300w\" sizes=\"(max-width: 600px) 100vw, 600px\" \/>\t\t\t\t\t\t\t\t\t\t\t\t\t\t\t<\/div>\n\t\t\t\t<\/div>\n\t\t\t\t\t<\/div>\n\t\t\t\t<\/div>\n\t\t<div class=\"elementor-element elementor-element-baeb536 e-flex e-con-boxed e-con e-parent\" data-id=\"baeb536\" data-element_type=\"container\" data-e-type=\"container\">\n\t\t\t\t\t<div class=\"e-con-inner\">\n\t\t\t\t<div class=\"elementor-element elementor-element-bed99ee elementor-widget elementor-widget-wp-widget-text\" data-id=\"bed99ee\" data-element_type=\"widget\" data-e-type=\"widget\" data-widget_type=\"wp-widget-text.default\">\n\t\t\t\t<div class=\"elementor-widget-container\">\n\t\t\t\t\t\t\t\t<div class=\"textwidget\"><p style=\"color: #1b2c65;font-family: Quicksand, sans-serif\">Hace ya m\u00e1s de 20 a\u00f1os que un grupo de voluntarios del colegio pensaron en la posibilidad de acercar este tipo de consumo a nuestro colegio y crearon la Tienda de Comercio Justo con ayuda de nuestra ONG PROYDE.<\/p>\n<p style=\"color: #1b2c65;font-family: Quicksand, sans-serif\">Desde entonces todas las semanas encontramos en la tienda a la entrada del colegio al equipo de voluntari@s que nos animan, informan y\u00a0 ofrecen los productos de comercio justo y ricas meriendas justas para acabar bien la semana.<\/p>\n<p style=\"color: #1b2c65;font-family: Quicksand, sans-serif\">Y no s\u00f3lo la tienda de los viernes, el equipo ayuda a divulgar el comercio justo con talleres, charlas, formaciones\u2026 y durante todo el a\u00f1o los chicos y chicas de las diferentes secciones montan los puestos de productos de comercio justo en sus recreos y venden los productos, adem\u00e1s de formarse e informar a sus compa\u00f1eros sobre este tipo de consumo.<\/p>\n<p style=\"color: #1b2c65;font-family: Quicksand, sans-serif\">\n<\/div>\n\t\t\t\t\t\t<\/div>\n\t\t\t\t<\/div>\n\t\t\t\t\t<\/div>\n\t\t\t\t<\/div>\n\t\t<div class=\"elementor-element elementor-element-0a1b806 e-flex e-con-boxed e-con e-parent\" data-id=\"0a1b806\" data-element_type=\"container\" data-e-type=\"container\">\n\t\t\t\t\t<div class=\"e-con-inner\">\n\t\t\t\t<div class=\"elementor-element elementor-element-c1b5b3a elementor-widget elementor-widget-image\" data-id=\"c1b5b3a\" data-element_type=\"widget\" data-e-type=\"widget\" data-widget_type=\"image.default\">\n\t\t\t\t<div class=\"elementor-widget-container\">\n\t\t\t\t\t\t\t\t\t\t\t\t\t\t\t<img decoding=\"async\" width=\"600\" height=\"500\" src=\"https:\/\/lasallecadiz.es\/vina\/wp-content\/uploads\/sites\/4\/2022\/10\/310638518_473333814817099_3362552311008689098_n.jpg\" class=\"attachment-large size-large wp-image-10300\" alt=\"\" srcset=\"https:\/\/lasallecadiz.es\/vina\/wp-content\/uploads\/sites\/4\/2022\/10\/310638518_473333814817099_3362552311008689098_n.jpg 600w, https:\/\/lasallecadiz.es\/vina\/wp-content\/uploads\/sites\/4\/2022\/10\/310638518_473333814817099_3362552311008689098_n-300x250.jpg 300w\" sizes=\"(max-width: 600px) 100vw, 600px\" \/>\t\t\t\t\t\t\t\t\t\t\t\t\t\t\t<\/div>\n\t\t\t\t<\/div>\n\t\t\t\t<div class=\"elementor-element elementor-element-b73d71f elementor-widget elementor-widget-wp-widget-text\" data-id=\"b73d71f\" data-element_type=\"widget\" data-e-type=\"widget\" data-widget_type=\"wp-widget-text.default\">\n\t\t\t\t<div class=\"elementor-widget-container\">\n\t\t\t\t\t\t\t\t<div class=\"textwidget\"><p style=\"color: #1b2c65;font-family: Quicksand, sans-serif\">Nos sentimos muy orgullosos de toda esta labor y por todo este trabajo hemos sido reconocidos hace ya 10 a\u00f1os como Centro Educativo por El Comercio Justo de la Red de Comercio Justo de Espa\u00f1a. Juntos seguimos creyendo que un consumo m\u00e1s justo y solidario es posible, donde los derechos sean respetados y podamos hacer que el mundo sea un lugar mejor.<\/p>\n<p style=\"color: #1b2c65;font-family: Quicksand, sans-serif\">Mucha gente peque\u00f1a, en lugares peque\u00f1os, haciendo peque\u00f1as cosas pueden cambiar el mundo.<\/p>\n<\/div>\n\t\t\t\t\t\t<\/div>\n\t\t\t\t<\/div>\n\t\t\t\t<div class=\"elementor-element elementor-element-723f788 elementor-widget elementor-widget-eael-creative-button\" data-id=\"723f788\" data-element_type=\"widget\" data-e-type=\"widget\" data-widget_type=\"eael-creative-button.default\">\n\t\t\t\t<div class=\"elementor-widget-container\">\n\t\t\t\t\t        <div class=\"eael-creative-button-wrapper\">\n\n            <a class=\"eael-creative-button eael-creative-button--default\" href=\"https:\/\/proyde.org\/comercio-justo-y-consumo-responsable\/\" data-text=\"Go!\">\n            \t    \n                <div class=\"creative-button-inner\">\n\n                    \n                    <span class=\"cretive-button-text\">COMERCIO JUSTO<\/span>\n\n                                    <\/div>\n\t                        <\/a>\n        <\/div>\n        \t\t\t\t<\/div>\n\t\t\t\t<\/div>\n\t\t\t\t\t<\/div>\n\t\t\t\t<\/div>\n\t\t\t\t<\/div>\n\t\t","protected":false},"excerpt":{"rendered":"<p>Seguro que todos hab\u00e9is o\u00eddo hablar en alg\u00fan momento del comercio justo\u2026 pero \u00bfSabemos qu\u00e9 es y qu\u00e9 tiene que ver con nuestro colegio? Vamos a intentar explicarlo\u00a0 en pocas palabras. El comercio Justo es un comercio que defiende un NO a la explotaci\u00f3n y a la INJUSTICIA. que sufren pa\u00edses del sur. Es una &#8230; <a title=\"Comercio justo\" class=\"read-more\" href=\"https:\/\/lasallecadiz.es\/vina\/comercio-justo\/\" aria-label=\"Leer m\u00e1s sobre Comercio justo\">Leer m\u00e1s<\/a><\/p>\n","protected":false},"author":123482,"featured_media":0,"parent":0,"menu_order":0,"comment_status":"closed","ping_status":"closed","template":"","meta":{"_eb_attr":"","footnotes":""},"class_list":["post-15877","page","type-page","status-publish"],"_links":{"self":[{"href":"https:\/\/lasallecadiz.es\/vina\/wp-json\/wp\/v2\/pages\/15877","targetHints":{"allow":["GET"]}}],"collection":[{"href":"https:\/\/lasallecadiz.es\/vina\/wp-json\/wp\/v2\/pages"}],"about":[{"href":"https:\/\/lasallecadiz.es\/vina\/wp-json\/wp\/v2\/types\/page"}],"author":[{"embeddable":true,"href":"https:\/\/lasallecadiz.es\/vina\/wp-json\/wp\/v2\/users\/123482"}],"replies":[{"embeddable":true,"href":"https:\/\/lasallecadiz.es\/vina\/wp-json\/wp\/v2\/comments?post=15877"}],"version-history":[{"count":23,"href":"https:\/\/lasallecadiz.es\/vina\/wp-json\/wp\/v2\/pages\/15877\/revisions"}],"predecessor-version":[{"id":16830,"href":"https:\/\/lasallecadiz.es\/vina\/wp-json\/wp\/v2\/pages\/15877\/revisions\/16830"}],"wp:attachment":[{"href":"https:\/\/lasallecadiz.es\/vina\/wp-json\/wp\/v2\/media?parent=15877"}],"curies":[{"name":"wp","href":"https:\/\/api.w.org\/{rel}","templated":true}]}}