{"id":16396,"date":"2025-03-28T09:01:38","date_gmt":"2025-03-28T09:01:38","guid":{"rendered":"https:\/\/lasallecadiz.es\/vina\/?page_id=16396"},"modified":"2026-01-22T08:34:34","modified_gmt":"2026-01-22T08:34:34","slug":"vocacion-lasaliana","status":"publish","type":"page","link":"https:\/\/lasallecadiz.es\/vina\/vocacion-lasaliana\/","title":{"rendered":"Vocaci\u00f3n lasaliana"},"content":{"rendered":"\t\t<div data-elementor-type=\"wp-page\" data-elementor-id=\"16396\" class=\"elementor elementor-16396\">\n\t\t\t\t<div class=\"elementor-element elementor-element-46c35488 e-flex e-con-boxed e-con e-parent\" data-id=\"46c35488\" data-element_type=\"container\" data-e-type=\"container\">\n\t\t\t\t\t<div class=\"e-con-inner\">\n\t\t\t\t<div class=\"elementor-element elementor-element-5b50f701 elementor-widget elementor-widget-text-editor\" data-id=\"5b50f701\" data-element_type=\"widget\" data-e-type=\"widget\" data-widget_type=\"text-editor.default\">\n\t\t\t\t<div class=\"elementor-widget-container\">\n\t\t\t\t\t\t\t\t\t\n<p><strong>El Hermano es un hombre<\/strong>\u00a0que, siguiendo la llamada del Se\u00f1or, se consagra totalmente a \u00e9l con los votos de pobreza, castidad y obediencia, para dedicar toda su vida y todas sus fuerzas a la misi\u00f3n de educar cristianamente a los ni\u00f1os y j\u00f3venes. Es un religioso educador, no un sacerdote.<\/p>\n\n<p><br \/><strong>El Hermano vive en comunidad<\/strong>, hace voto de asociaci\u00f3n con los dem\u00e1s miembros del Instituto y todos se comprometen a \u201csostener juntos y asociados las escuelas cristianas\u201d. Vive unido a Dios. De la oraci\u00f3n saca la fuerza para realizar bien su ministerio de educador. Viviendo en Dios pone a los alumnos en contacto con \u00c9l.<\/p>\n\n<p><br \/><strong>El Hermano es un ap\u00f3stol<\/strong>, que vive para ayudar a los j\u00f3venes en sus necesidades y en sus problemas. Quiere ser, para cada uno, m\u00e1s que un amigo: \u00a1un Hermano! Es un catequista, educador de la fe de sus alumnos. Les habla de Dios, les ense\u00f1a las verdades de la fe y les ayuda en su vida cristiana, ayud\u00e1ndolos a que conozcan y amen a Dios y a que crezcan constantemente en la fe.<\/p>\n\n<p><br \/>El Hermano atiende y cuida de todos los j\u00f3venes que Dios le conf\u00eda, pero ama especialmente a los m\u00e1s pobres y necesitados, porque ellos requieren m\u00e1s ayuda. Es un profesional de la ense\u00f1anza. Por eso se prepara constantemente por el estudio y la reflexi\u00f3n personal para ejercer con competencia su trabajo.<\/p>\n\n<p><br \/>Siguiendo los pasos de San Juan Bautista De La Salle, Fundador del Instituto, 13 Hermanos son Santos, 77 son Beatos y otros 86, entre ellos numerosos m\u00e1rtires, est\u00e1n en la v\u00eda de la santidad con proceso iniciado o en v\u00eda de concluir.<\/p>\n\n<p>La obra emprendida por Juan Bautista de La Salle es hoy continuada por los Hermanos y por infinidad de seglares que viven su espiritualidad y ejercen el ministerio de la educaci\u00f3n, construyendo as\u00ed el futuro de nuestro mundo.<\/p>\n\t\t\t\t\t\t\t\t<\/div>\n\t\t\t\t<\/div>\n\t\t\t\t\t<\/div>\n\t\t\t\t<\/div>\n\t\t\t\t<\/div>\n\t\t","protected":false},"excerpt":{"rendered":"<p>El Hermano es un hombre\u00a0que, siguiendo la llamada del Se\u00f1or, se consagra totalmente a \u00e9l con los votos de pobreza, castidad y obediencia, para dedicar toda su vida y todas sus fuerzas a la misi\u00f3n de educar cristianamente a los ni\u00f1os y j\u00f3venes. Es un religioso educador, no un sacerdote. El Hermano vive en comunidad, &#8230; <a title=\"Vocaci\u00f3n lasaliana\" class=\"read-more\" href=\"https:\/\/lasallecadiz.es\/vina\/vocacion-lasaliana\/\" aria-label=\"Leer m\u00e1s sobre Vocaci\u00f3n lasaliana\">Leer m\u00e1s<\/a><\/p>\n","protected":false},"author":123482,"featured_media":0,"parent":0,"menu_order":0,"comment_status":"closed","ping_status":"closed","template":"","meta":{"_eb_attr":"","footnotes":""},"class_list":["post-16396","page","type-page","status-publish"],"_links":{"self":[{"href":"https:\/\/lasallecadiz.es\/vina\/wp-json\/wp\/v2\/pages\/16396","targetHints":{"allow":["GET"]}}],"collection":[{"href":"https:\/\/lasallecadiz.es\/vina\/wp-json\/wp\/v2\/pages"}],"about":[{"href":"https:\/\/lasallecadiz.es\/vina\/wp-json\/wp\/v2\/types\/page"}],"author":[{"embeddable":true,"href":"https:\/\/lasallecadiz.es\/vina\/wp-json\/wp\/v2\/users\/123482"}],"replies":[{"embeddable":true,"href":"https:\/\/lasallecadiz.es\/vina\/wp-json\/wp\/v2\/comments?post=16396"}],"version-history":[{"count":7,"href":"https:\/\/lasallecadiz.es\/vina\/wp-json\/wp\/v2\/pages\/16396\/revisions"}],"predecessor-version":[{"id":16403,"href":"https:\/\/lasallecadiz.es\/vina\/wp-json\/wp\/v2\/pages\/16396\/revisions\/16403"}],"wp:attachment":[{"href":"https:\/\/lasallecadiz.es\/vina\/wp-json\/wp\/v2\/media?parent=16396"}],"curies":[{"name":"wp","href":"https:\/\/api.w.org\/{rel}","templated":true}]}}