{"id":250,"date":"2017-01-30T18:18:14","date_gmt":"2017-01-30T18:18:14","guid":{"rendered":"https:\/\/lasallecadiz.es\/prueba1\/?page_id=250"},"modified":"2026-01-22T08:34:32","modified_gmt":"2026-01-22T08:34:32","slug":"educacion-secundaria-obligatoria","status":"publish","type":"page","link":"https:\/\/lasallecadiz.es\/vina\/educacion-secundaria-obligatoria\/","title":{"rendered":"Educaci\u00f3n Secundaria Obligatoria"},"content":{"rendered":"\n<div class=\"wp-block-columns is-layout-flex wp-container-core-columns-is-layout-9d6595d7 wp-block-columns-is-layout-flex\">\n<div class=\"wp-block-column is-layout-flow wp-block-column-is-layout-flow\">\n<h2 class=\"wp-block-heading\"><strong>Educaci\u00f3n Secundaria Obligatoria<\/strong><\/h2>\n\n\n\n<p>Nuestro objetivo en esta etapa es hacer que nuestros alumnos sean personas integras y comprometidas no solo con los estudios sino con la sociedad y su entorno.<\/p>\n\n\n\n<p>Creamos en ellos h\u00e1bitos de estudio y de trabajo a la par que les preparamos para su incorporaci\u00f3n a estudios posteriores y para su inserci\u00f3n en el mundo laboral.<\/p>\n\n\n\n<p>Es una etapa clave para el desarrollo del alumnado y unos de los principales objetivos que persigue la etapa es acompa\u00f1ar al alumno en su toma de decisiones tambi\u00e9n ense\u00f1arles sus derechos y obligaciones para su vida adulta.<\/p>\n\n\n\n<p>Les daremos todas las herramientas necesarias para que se desarrollen como alumnos y personas con el prop\u00f3sito de motivarlos y moldearlos para que tangan el futuro que se merecen.<\/p>\n<\/div>\n\n\n\n<div class=\"wp-block-column is-layout-flow wp-block-column-is-layout-flow\">\n<figure class=\"wp-block-image size-full\"><img fetchpriority=\"high\" decoding=\"async\" width=\"549\" height=\"406\" src=\"https:\/\/lasallecadiz.es\/vina\/wp-content\/uploads\/sites\/4\/2025\/05\/Captura-de-pantalla-2025-05-13-113108.png\" alt=\"\" class=\"wp-image-16675\" srcset=\"https:\/\/lasallecadiz.es\/vina\/wp-content\/uploads\/sites\/4\/2025\/05\/Captura-de-pantalla-2025-05-13-113108.png 549w, https:\/\/lasallecadiz.es\/vina\/wp-content\/uploads\/sites\/4\/2025\/05\/Captura-de-pantalla-2025-05-13-113108-300x222.png 300w\" sizes=\"(max-width: 549px) 100vw, 549px\" \/><\/figure>\n<\/div>\n<\/div>\n\n\n\n<div class=\"wp-block-columns is-layout-flex wp-container-core-columns-is-layout-9d6595d7 wp-block-columns-is-layout-flex\">\n<div class=\"wp-block-column is-layout-flow wp-block-column-is-layout-flow\">\n<h3 class=\"wp-block-heading\"><strong>El alumno centro del proceso de aprendizaje<\/strong><\/h3>\n\n\n\n<p>En La Salle creemos fervientemente que el centro del proceso de aprendizaje solo puede ser ocupado por el alumnado ya que para nosotros el es el motor definitivo de todo el espacio educativo. Es por esta creencia que nos volcamos totalmente en ellos  con nuestros educadores y la comunidad educativa siguiendo de cerca el desarrollo del alumno y su desempe\u00f1o en el aula.<\/p>\n<\/div>\n\n\n\n<div class=\"wp-block-column is-layout-flow wp-block-column-is-layout-flow\">\n<figure class=\"wp-block-image size-full\"><img decoding=\"async\" width=\"551\" height=\"409\" src=\"https:\/\/lasallecadiz.es\/vina\/wp-content\/uploads\/sites\/4\/2025\/05\/Captura-de-pantalla-2025-05-13-113647.png\" alt=\"\" class=\"wp-image-16681\" srcset=\"https:\/\/lasallecadiz.es\/vina\/wp-content\/uploads\/sites\/4\/2025\/05\/Captura-de-pantalla-2025-05-13-113647.png 551w, https:\/\/lasallecadiz.es\/vina\/wp-content\/uploads\/sites\/4\/2025\/05\/Captura-de-pantalla-2025-05-13-113647-300x223.png 300w\" sizes=\"(max-width: 551px) 100vw, 551px\" \/><\/figure>\n<\/div>\n\n\n\n<div class=\"wp-block-column is-layout-flow wp-block-column-is-layout-flow\">\n<h3 class=\"wp-block-heading\"><strong>Cultura del esfuerzo<\/strong><\/h3>\n\n\n\n<p>Los grandes triunfadores tienen todos algo en com\u00fan: esfuerzo y constancia, el futuro requiere de hombres y mujeres firmes en su compromiso con el trabajo y la responsabilidad. El \u00e9xito es siempre consecuencia de la dedicaci\u00f3n. Es por ello, por lo que desde La Salle instauramos y creamos una consciencia de entrega y perseverancia en ellos para su triunfo en la sociedad.<\/p>\n<\/div>\n<\/div>\n\n\n\n<div class=\"wp-block-columns is-layout-flex wp-container-core-columns-is-layout-9d6595d7 wp-block-columns-is-layout-flex\">\n<div class=\"wp-block-column is-layout-flow wp-block-column-is-layout-flow\">\n<figure class=\"wp-block-image size-large\"><img decoding=\"async\" width=\"1024\" height=\"768\" src=\"https:\/\/lasallecadiz.es\/vina\/wp-content\/uploads\/sites\/4\/2025\/04\/a7ab5565-3f7c-44ff-be36-d21cb548a315-1024x768.jpg\" alt=\"\" class=\"wp-image-16628\" srcset=\"https:\/\/lasallecadiz.es\/vina\/wp-content\/uploads\/sites\/4\/2025\/04\/a7ab5565-3f7c-44ff-be36-d21cb548a315-1024x768.jpg 1024w, https:\/\/lasallecadiz.es\/vina\/wp-content\/uploads\/sites\/4\/2025\/04\/a7ab5565-3f7c-44ff-be36-d21cb548a315-300x225.jpg 300w, https:\/\/lasallecadiz.es\/vina\/wp-content\/uploads\/sites\/4\/2025\/04\/a7ab5565-3f7c-44ff-be36-d21cb548a315-768x576.jpg 768w, https:\/\/lasallecadiz.es\/vina\/wp-content\/uploads\/sites\/4\/2025\/04\/a7ab5565-3f7c-44ff-be36-d21cb548a315-1536x1152.jpg 1536w, https:\/\/lasallecadiz.es\/vina\/wp-content\/uploads\/sites\/4\/2025\/04\/a7ab5565-3f7c-44ff-be36-d21cb548a315.jpg 1600w\" sizes=\"(max-width: 1024px) 100vw, 1024px\" \/><\/figure>\n<\/div>\n\n\n\n<div class=\"wp-block-column is-layout-flow wp-block-column-is-layout-flow\">\n<h3 class=\"wp-block-heading\"><strong>Acompa\u00f1amiento personal<\/strong><\/h3>\n\n\n\n<p>Desde el colegio se sistematizar\u00e1 un servicio de acompa\u00f1amiento personal personalizado para los alumnos que puedan tener dificultades para nosotros todo alumno es importante y se merece el tiempo y la atenci\u00f3n que sea necesario para su caso sin excepciones ya que para nosotros no son n\u00fameros son personas y merecen un trato cercano y personal. <\/p>\n<\/div>\n\n\n\n<div class=\"wp-block-column is-layout-flow wp-block-column-is-layout-flow\">\n<figure class=\"wp-block-image size-large is-resized\"><img loading=\"lazy\" decoding=\"async\" width=\"1024\" height=\"1024\" src=\"https:\/\/lasallecadiz.es\/vina\/wp-content\/uploads\/sites\/4\/2024\/11\/1-1024x1024.png\" alt=\"\" class=\"wp-image-16059\" style=\"width:253px;height:auto\" srcset=\"https:\/\/lasallecadiz.es\/vina\/wp-content\/uploads\/sites\/4\/2024\/11\/1-1024x1024.png 1024w, https:\/\/lasallecadiz.es\/vina\/wp-content\/uploads\/sites\/4\/2024\/11\/1-300x300.png 300w, https:\/\/lasallecadiz.es\/vina\/wp-content\/uploads\/sites\/4\/2024\/11\/1-150x150.png 150w, https:\/\/lasallecadiz.es\/vina\/wp-content\/uploads\/sites\/4\/2024\/11\/1-768x768.png 768w, https:\/\/lasallecadiz.es\/vina\/wp-content\/uploads\/sites\/4\/2024\/11\/1-600x600.png 600w, https:\/\/lasallecadiz.es\/vina\/wp-content\/uploads\/sites\/4\/2024\/11\/1.png 1080w\" sizes=\"(max-width: 1024px) 100vw, 1024px\" \/><\/figure>\n<\/div>\n<\/div>\n\n\n\n<div class=\"wp-block-columns is-layout-flex wp-container-core-columns-is-layout-9d6595d7 wp-block-columns-is-layout-flex\">\n<div class=\"wp-block-column is-layout-flow wp-block-column-is-layout-flow\">\n<div class=\"wp-block-columns is-layout-flex wp-container-core-columns-is-layout-9d6595d7 wp-block-columns-is-layout-flex\">\n<div class=\"wp-block-column is-layout-flow wp-block-column-is-layout-flow\">\n<figure class=\"wp-block-image size-large\"><img loading=\"lazy\" decoding=\"async\" width=\"1024\" height=\"576\" src=\"https:\/\/lasallecadiz.es\/vina\/wp-content\/uploads\/sites\/4\/2025\/01\/graciasprofe-1024x576.jpg\" alt=\"\" class=\"wp-image-16495\" srcset=\"https:\/\/lasallecadiz.es\/vina\/wp-content\/uploads\/sites\/4\/2025\/01\/graciasprofe-1024x576.jpg 1024w, https:\/\/lasallecadiz.es\/vina\/wp-content\/uploads\/sites\/4\/2025\/01\/graciasprofe-300x169.jpg 300w, https:\/\/lasallecadiz.es\/vina\/wp-content\/uploads\/sites\/4\/2025\/01\/graciasprofe-768x432.jpg 768w, https:\/\/lasallecadiz.es\/vina\/wp-content\/uploads\/sites\/4\/2025\/01\/graciasprofe-1536x864.jpg 1536w, https:\/\/lasallecadiz.es\/vina\/wp-content\/uploads\/sites\/4\/2025\/01\/graciasprofe.jpg 1599w\" sizes=\"(max-width: 1024px) 100vw, 1024px\" \/><\/figure>\n<\/div>\n\n\n\n<div class=\"wp-block-column is-layout-flow wp-block-column-is-layout-flow\">\n<h3 class=\"wp-block-heading\"><strong>Cercan\u00eda, confianza y solidaridad<\/strong><\/h3>\n\n\n\n<p>Es crucial que el alumno se sienta en familia rodeado de un profesorado c\u00e1lido, cercano y atento junto a unos compa\u00f1eros que reflejan los valores que predicamos en nuestro centro La Salle Vi\u00f1a solidaridad y respeto mutuo pleno.<\/p>\n\n\n\n<p>La acci\u00f3n tutorial de la etapa de Secundaria tendr\u00e1 como eje prioritario la educaci\u00f3n y queremos que los alumnos conozcan el mundo que los rodea y que reflexionen sobre su posici\u00f3n.<\/p>\n<\/div>\n<\/div>\n<\/div>\n<\/div>\n\n\n<div class=\"wp-block-image\">\n<figure class=\"aligncenter size-large\"><img loading=\"lazy\" decoding=\"async\" width=\"1024\" height=\"497\" src=\"https:\/\/lasallecadiz.es\/vina\/wp-content\/uploads\/sites\/4\/2025\/05\/Captura-de-pantalla-2025-05-14-115819-1024x497.png\" alt=\"\" class=\"wp-image-16726\" srcset=\"https:\/\/lasallecadiz.es\/vina\/wp-content\/uploads\/sites\/4\/2025\/05\/Captura-de-pantalla-2025-05-14-115819-1024x497.png 1024w, https:\/\/lasallecadiz.es\/vina\/wp-content\/uploads\/sites\/4\/2025\/05\/Captura-de-pantalla-2025-05-14-115819-300x146.png 300w, https:\/\/lasallecadiz.es\/vina\/wp-content\/uploads\/sites\/4\/2025\/05\/Captura-de-pantalla-2025-05-14-115819-768x373.png 768w, https:\/\/lasallecadiz.es\/vina\/wp-content\/uploads\/sites\/4\/2025\/05\/Captura-de-pantalla-2025-05-14-115819.png 1417w\" sizes=\"(max-width: 1024px) 100vw, 1024px\" \/><\/figure>\n<\/div>","protected":false},"excerpt":{"rendered":"<p>Educaci\u00f3n Secundaria Obligatoria Nuestro objetivo en esta etapa es hacer que nuestros alumnos sean personas integras y comprometidas no solo con los estudios sino con la sociedad y su entorno. Creamos en ellos h\u00e1bitos de estudio y de trabajo a la par que les preparamos para su incorporaci\u00f3n a estudios posteriores y para su inserci\u00f3n &#8230; <a title=\"Educaci\u00f3n Secundaria Obligatoria\" class=\"read-more\" href=\"https:\/\/lasallecadiz.es\/vina\/educacion-secundaria-obligatoria\/\" aria-label=\"Leer m\u00e1s sobre Educaci\u00f3n Secundaria Obligatoria\">Leer m\u00e1s<\/a><\/p>\n","protected":false},"author":123482,"featured_media":0,"parent":0,"menu_order":0,"comment_status":"closed","ping_status":"closed","template":"","meta":{"_eb_attr":"","footnotes":""},"class_list":["post-250","page","type-page","status-publish"],"_links":{"self":[{"href":"https:\/\/lasallecadiz.es\/vina\/wp-json\/wp\/v2\/pages\/250","targetHints":{"allow":["GET"]}}],"collection":[{"href":"https:\/\/lasallecadiz.es\/vina\/wp-json\/wp\/v2\/pages"}],"about":[{"href":"https:\/\/lasallecadiz.es\/vina\/wp-json\/wp\/v2\/types\/page"}],"author":[{"embeddable":true,"href":"https:\/\/lasallecadiz.es\/vina\/wp-json\/wp\/v2\/users\/123482"}],"replies":[{"embeddable":true,"href":"https:\/\/lasallecadiz.es\/vina\/wp-json\/wp\/v2\/comments?post=250"}],"version-history":[{"count":40,"href":"https:\/\/lasallecadiz.es\/vina\/wp-json\/wp\/v2\/pages\/250\/revisions"}],"predecessor-version":[{"id":16727,"href":"https:\/\/lasallecadiz.es\/vina\/wp-json\/wp\/v2\/pages\/250\/revisions\/16727"}],"wp:attachment":[{"href":"https:\/\/lasallecadiz.es\/vina\/wp-json\/wp\/v2\/media?parent=250"}],"curies":[{"name":"wp","href":"https:\/\/api.w.org\/{rel}","templated":true}]}}