{"id":260,"date":"2017-01-30T18:26:11","date_gmt":"2017-01-30T18:26:11","guid":{"rendered":"https:\/\/lasallecadiz.es\/prueba1\/?page_id=260"},"modified":"2026-01-22T08:34:32","modified_gmt":"2026-01-22T08:34:32","slug":"oferta-bachillerato","status":"publish","type":"page","link":"https:\/\/lasallecadiz.es\/vina\/oferta-bachillerato\/","title":{"rendered":"Bachillerato"},"content":{"rendered":"<div class=\"wp-block-image is-style-rounded\">\n<figure class=\"aligncenter size-large\"><img fetchpriority=\"high\" decoding=\"async\" width=\"1639\" height=\"410\" src=\"https:\/\/lasallecadiz.es\/vina\/wp-content\/uploads\/sites\/4\/2025\/04\/Diseno-sin-titulo-28-1-edited.png\" alt=\"\" class=\"wp-image-16601\" srcset=\"https:\/\/lasallecadiz.es\/vina\/wp-content\/uploads\/sites\/4\/2025\/04\/Diseno-sin-titulo-28-1-edited.png 1639w, https:\/\/lasallecadiz.es\/vina\/wp-content\/uploads\/sites\/4\/2025\/04\/Diseno-sin-titulo-28-1-edited-300x75.png 300w, https:\/\/lasallecadiz.es\/vina\/wp-content\/uploads\/sites\/4\/2025\/04\/Diseno-sin-titulo-28-1-edited-1024x256.png 1024w, https:\/\/lasallecadiz.es\/vina\/wp-content\/uploads\/sites\/4\/2025\/04\/Diseno-sin-titulo-28-1-edited-768x192.png 768w, https:\/\/lasallecadiz.es\/vina\/wp-content\/uploads\/sites\/4\/2025\/04\/Diseno-sin-titulo-28-1-edited-1536x384.png 1536w\" sizes=\"(max-width: 1639px) 100vw, 1639px\" \/><\/figure>\n<\/div>\n\n\n<p class=\"has-text-align-left\">La etapa del <strong>bachillerato<\/strong> esta compuesta por cursos acad\u00e9micos, entre los 16 y los 18 a\u00f1os es una ense\u00f1anza elegida por los propios alumnos motivo el cual es un motivante directo de nuestra creencia en la participaci\u00f3n activa de los j\u00f3venes, los cuales son los aut\u00e9nticos protagonistas de su formaci\u00f3n.<\/p>\n\n\n\n<p>Es debido a ello que formamos a nuestros alumnos de manera <strong>plena<\/strong> dando gran importancia al trabajo, al esfuerzo y a la convivencia entre los alumnos y el profesorado. Nuestro objetivo es conseguir otorgarles una una buena preparaci\u00f3n y orientaci\u00f3n para la vida y para las ense\u00f1anzas superiores, el acceso a ciclos formativos y el acceso a la Universidad. Esta la etapa de bachillerato contamos con un <strong>concierto singular<\/strong> lo que se traduce a un presupuesto aportado por parte de la junta de andaluc\u00eda del 80% asumiendo el resto del coste la familia.<\/p>\n\n\n\n<div class=\"wp-block-columns is-layout-flex wp-container-core-columns-is-layout-9d6595d7 wp-block-columns-is-layout-flex\">\n<div class=\"wp-block-column is-layout-flow wp-block-column-is-layout-flow\">\n<h2 class=\"wp-block-heading has-text-align-center\"><strong>El alumno centro del proceso de aprendizaje<\/strong><\/h2>\n\n\n\n<p>La escuela de La Salle cree fervientemente que el centro del proceso de aprendizaje solo puede ser el alumno. El es la piedra angular de todo el espacio educativo. Los educadores y la comunidad educativa mentorizan, acompa\u00f1an y facilitan el proceso de aprendizaje.<\/p>\n<\/div>\n\n\n\n<div class=\"wp-block-column is-layout-flow wp-block-column-is-layout-flow\">\n<figure class=\"wp-block-image size-large\"><img decoding=\"async\" width=\"1024\" height=\"768\" src=\"https:\/\/lasallecadiz.es\/vina\/wp-content\/uploads\/sites\/4\/2025\/05\/Imagen-de-WhatsApp-2025-05-21-a-las-13.55.04_a439f5d5-1024x768.jpg\" alt=\"\" class=\"wp-image-16834\" srcset=\"https:\/\/lasallecadiz.es\/vina\/wp-content\/uploads\/sites\/4\/2025\/05\/Imagen-de-WhatsApp-2025-05-21-a-las-13.55.04_a439f5d5-1024x768.jpg 1024w, https:\/\/lasallecadiz.es\/vina\/wp-content\/uploads\/sites\/4\/2025\/05\/Imagen-de-WhatsApp-2025-05-21-a-las-13.55.04_a439f5d5-300x225.jpg 300w, https:\/\/lasallecadiz.es\/vina\/wp-content\/uploads\/sites\/4\/2025\/05\/Imagen-de-WhatsApp-2025-05-21-a-las-13.55.04_a439f5d5-768x576.jpg 768w, https:\/\/lasallecadiz.es\/vina\/wp-content\/uploads\/sites\/4\/2025\/05\/Imagen-de-WhatsApp-2025-05-21-a-las-13.55.04_a439f5d5-1536x1152.jpg 1536w, https:\/\/lasallecadiz.es\/vina\/wp-content\/uploads\/sites\/4\/2025\/05\/Imagen-de-WhatsApp-2025-05-21-a-las-13.55.04_a439f5d5.jpg 1600w\" sizes=\"(max-width: 1024px) 100vw, 1024px\" \/><\/figure>\n<\/div>\n\n\n\n<div class=\"wp-block-column is-layout-flow wp-block-column-is-layout-flow\">\n<h2 class=\"wp-block-heading has-text-align-center\"><strong>Cultura del esfuerzo<\/strong><\/h2>\n\n\n\n<p>Es crucial para nosotros motivar a nuestros alumnos hacia el \u00e9xito, es por ello que a lo largo de la etapa educativa predicamos la cultura del esfuerzo, dedicaci\u00f3n y compromiso.<\/p>\n\n\n\n<p>Creemos que esto es necesario ya que para alcanzar sus objetivos es crucial que exista un sacrificio y una voluntad de alcanzar sus metas.<\/p>\n<\/div>\n<\/div>\n\n\n\n<div class=\"wp-block-columns is-layout-flex wp-container-core-columns-is-layout-9d6595d7 wp-block-columns-is-layout-flex\">\n<div class=\"wp-block-column is-layout-flow wp-block-column-is-layout-flow\">\n<div class=\"wp-block-columns is-layout-flex wp-container-core-columns-is-layout-9d6595d7 wp-block-columns-is-layout-flex\">\n<div class=\"wp-block-column is-layout-flow wp-block-column-is-layout-flow\">\n<figure class=\"wp-block-image size-large\"><img decoding=\"async\" width=\"1024\" height=\"682\" src=\"https:\/\/lasallecadiz.es\/vina\/wp-content\/uploads\/sites\/4\/2025\/05\/Imagen-de-WhatsApp-2025-05-21-a-las-13.51.36_90510c35-1024x682.jpg\" alt=\"\" class=\"wp-image-16835\" srcset=\"https:\/\/lasallecadiz.es\/vina\/wp-content\/uploads\/sites\/4\/2025\/05\/Imagen-de-WhatsApp-2025-05-21-a-las-13.51.36_90510c35-1024x682.jpg 1024w, https:\/\/lasallecadiz.es\/vina\/wp-content\/uploads\/sites\/4\/2025\/05\/Imagen-de-WhatsApp-2025-05-21-a-las-13.51.36_90510c35-300x200.jpg 300w, https:\/\/lasallecadiz.es\/vina\/wp-content\/uploads\/sites\/4\/2025\/05\/Imagen-de-WhatsApp-2025-05-21-a-las-13.51.36_90510c35-768x512.jpg 768w, https:\/\/lasallecadiz.es\/vina\/wp-content\/uploads\/sites\/4\/2025\/05\/Imagen-de-WhatsApp-2025-05-21-a-las-13.51.36_90510c35-1536x1023.jpg 1536w, https:\/\/lasallecadiz.es\/vina\/wp-content\/uploads\/sites\/4\/2025\/05\/Imagen-de-WhatsApp-2025-05-21-a-las-13.51.36_90510c35-1200x800.jpg 1200w, https:\/\/lasallecadiz.es\/vina\/wp-content\/uploads\/sites\/4\/2025\/05\/Imagen-de-WhatsApp-2025-05-21-a-las-13.51.36_90510c35.jpg 1599w\" sizes=\"(max-width: 1024px) 100vw, 1024px\" \/><\/figure>\n<\/div>\n\n\n\n<div class=\"wp-block-column is-layout-flow wp-block-column-is-layout-flow\">\n<h2 class=\"wp-block-heading has-text-align-center\"><strong>Acompa\u00f1amiento personal<\/strong><\/h2>\n\n\n\n<p>La labor educativa no puede ser referida, solo y exclusivamente, como una tarea meramente conceptual ya que para nosotros la misi\u00f3n educativa va m\u00e1s all\u00e1.<\/p>\n\n\n\n<p>La escuela, la labor de un educador, de un pedagogo, es la de acompa\u00f1ar el proceso de crecimiento personal de la vida de un joven, un adolescente o un ni\u00f1o.<\/p>\n<\/div>\n\n\n\n<div class=\"wp-block-column is-layout-flow wp-block-column-is-layout-flow\">\n<figure class=\"wp-block-image size-large\"><img loading=\"lazy\" decoding=\"async\" width=\"1024\" height=\"682\" src=\"https:\/\/lasallecadiz.es\/vina\/wp-content\/uploads\/sites\/4\/2025\/05\/Imagen-de-WhatsApp-2025-05-21-a-las-13.52.00_9d113c88-1024x682.jpg\" alt=\"\" class=\"wp-image-16836\" srcset=\"https:\/\/lasallecadiz.es\/vina\/wp-content\/uploads\/sites\/4\/2025\/05\/Imagen-de-WhatsApp-2025-05-21-a-las-13.52.00_9d113c88-1024x682.jpg 1024w, https:\/\/lasallecadiz.es\/vina\/wp-content\/uploads\/sites\/4\/2025\/05\/Imagen-de-WhatsApp-2025-05-21-a-las-13.52.00_9d113c88-300x200.jpg 300w, https:\/\/lasallecadiz.es\/vina\/wp-content\/uploads\/sites\/4\/2025\/05\/Imagen-de-WhatsApp-2025-05-21-a-las-13.52.00_9d113c88-768x512.jpg 768w, https:\/\/lasallecadiz.es\/vina\/wp-content\/uploads\/sites\/4\/2025\/05\/Imagen-de-WhatsApp-2025-05-21-a-las-13.52.00_9d113c88-1536x1023.jpg 1536w, https:\/\/lasallecadiz.es\/vina\/wp-content\/uploads\/sites\/4\/2025\/05\/Imagen-de-WhatsApp-2025-05-21-a-las-13.52.00_9d113c88-1200x800.jpg 1200w, https:\/\/lasallecadiz.es\/vina\/wp-content\/uploads\/sites\/4\/2025\/05\/Imagen-de-WhatsApp-2025-05-21-a-las-13.52.00_9d113c88.jpg 1599w\" sizes=\"(max-width: 1024px) 100vw, 1024px\" \/><\/figure>\n<\/div>\n<\/div>\n<\/div>\n<\/div>\n\n\n\n<div class=\"wp-block-columns is-layout-flex wp-container-core-columns-is-layout-9d6595d7 wp-block-columns-is-layout-flex\">\n<div class=\"wp-block-column is-layout-flow wp-block-column-is-layout-flow\">\n<h2 class=\"wp-block-heading has-text-align-center\"><strong>Contexto educativo de proximidad y confianza<\/strong><\/h2>\n\n\n\n<p>El alumno debe sentirse en la escuela como en su casa, es decir en un ambiente de confianza y afecto.<\/p>\n\n\n\n<p>El aprendizaje y el crecimiento&nbsp; personal requieren de un contexto de confianza y proximidad entre todos los agentes que participan en el proceso educativo: familia, educadores y&nbsp; alumnos\u2026.<\/p>\n<\/div>\n\n\n\n<div class=\"wp-block-column is-layout-flow wp-block-column-is-layout-flow\">\n<figure class=\"wp-block-image size-large\"><img loading=\"lazy\" decoding=\"async\" width=\"1024\" height=\"768\" src=\"https:\/\/lasallecadiz.es\/vina\/wp-content\/uploads\/sites\/4\/2025\/05\/Imagen-de-WhatsApp-2025-05-21-a-las-13.54.06_a3294f42-1024x768.jpg\" alt=\"\" class=\"wp-image-16838\" srcset=\"https:\/\/lasallecadiz.es\/vina\/wp-content\/uploads\/sites\/4\/2025\/05\/Imagen-de-WhatsApp-2025-05-21-a-las-13.54.06_a3294f42-1024x768.jpg 1024w, https:\/\/lasallecadiz.es\/vina\/wp-content\/uploads\/sites\/4\/2025\/05\/Imagen-de-WhatsApp-2025-05-21-a-las-13.54.06_a3294f42-300x225.jpg 300w, https:\/\/lasallecadiz.es\/vina\/wp-content\/uploads\/sites\/4\/2025\/05\/Imagen-de-WhatsApp-2025-05-21-a-las-13.54.06_a3294f42-768x576.jpg 768w, https:\/\/lasallecadiz.es\/vina\/wp-content\/uploads\/sites\/4\/2025\/05\/Imagen-de-WhatsApp-2025-05-21-a-las-13.54.06_a3294f42-1536x1152.jpg 1536w, https:\/\/lasallecadiz.es\/vina\/wp-content\/uploads\/sites\/4\/2025\/05\/Imagen-de-WhatsApp-2025-05-21-a-las-13.54.06_a3294f42.jpg 1600w\" sizes=\"(max-width: 1024px) 100vw, 1024px\" \/><\/figure>\n<\/div>\n\n\n\n<div class=\"wp-block-column is-layout-flow wp-block-column-is-layout-flow\">\n<h2 class=\"wp-block-heading has-text-align-center\"><strong>Mentorizaci\u00f3n<\/strong><\/h2>\n\n\n\n<p>La labor tutorial y acompa\u00f1amiento se ver\u00e1 enriquecida con la labor de mentorizaci\u00f3n.&nbsp;La visi\u00f3n integral del alumno requiere acompa\u00f1ar su proceso de crecimiento y, c\u00f3mo no, su proceso de discernimiento vocacional<strong>.<\/strong><\/p>\n\n\n\n<p>En coordinaci\u00f3n el centro liderado por el equipo de orientaci\u00f3n y tutores, articular\u00e1 experiencias para que los alumnos disciernan con m\u00e1s claridad cu\u00e1les son el elenco de posibilidades en su futuro vital y profesional.<\/p>\n<\/div>\n<\/div>\n\n\n<div class=\"wp-block-image\">\n<figure class=\"aligncenter size-large\"><img loading=\"lazy\" decoding=\"async\" width=\"1024\" height=\"250\" src=\"https:\/\/lasallecadiz.es\/vina\/wp-content\/uploads\/sites\/4\/2025\/05\/Captura-de-pantalla-2025-05-14-115211-1024x250.png\" alt=\"\" class=\"wp-image-16722\" srcset=\"https:\/\/lasallecadiz.es\/vina\/wp-content\/uploads\/sites\/4\/2025\/05\/Captura-de-pantalla-2025-05-14-115211-1024x250.png 1024w, https:\/\/lasallecadiz.es\/vina\/wp-content\/uploads\/sites\/4\/2025\/05\/Captura-de-pantalla-2025-05-14-115211-300x73.png 300w, https:\/\/lasallecadiz.es\/vina\/wp-content\/uploads\/sites\/4\/2025\/05\/Captura-de-pantalla-2025-05-14-115211-768x187.png 768w, https:\/\/lasallecadiz.es\/vina\/wp-content\/uploads\/sites\/4\/2025\/05\/Captura-de-pantalla-2025-05-14-115211.png 1345w\" sizes=\"(max-width: 1024px) 100vw, 1024px\" \/><\/figure>\n<\/div>\n\n\n<h2 class=\"wp-block-heading has-text-align-center\"><strong>Bachilleratos:<\/strong><\/h2>\n\n\n\n<div class=\"wp-block-columns is-layout-flex wp-container-core-columns-is-layout-9d6595d7 wp-block-columns-is-layout-flex\">\n<div class=\"wp-block-column is-layout-flow wp-block-column-is-layout-flow\"><div class=\"wp-block-image\">\n<figure class=\"aligncenter size-full is-resized\"><img loading=\"lazy\" decoding=\"async\" width=\"456\" height=\"636\" src=\"https:\/\/lasallecadiz.es\/vina\/wp-content\/uploads\/sites\/4\/2025\/05\/Captura-de-pantalla-2025-05-14-122710.png\" alt=\"\" class=\"wp-image-16736\" style=\"width:503px;height:auto\" srcset=\"https:\/\/lasallecadiz.es\/vina\/wp-content\/uploads\/sites\/4\/2025\/05\/Captura-de-pantalla-2025-05-14-122710.png 456w, https:\/\/lasallecadiz.es\/vina\/wp-content\/uploads\/sites\/4\/2025\/05\/Captura-de-pantalla-2025-05-14-122710-215x300.png 215w\" sizes=\"(max-width: 456px) 100vw, 456px\" \/><\/figure>\n<\/div>\n\n<div class=\"wp-block-image\">\n<figure class=\"aligncenter size-full is-resized\"><img loading=\"lazy\" decoding=\"async\" width=\"455\" height=\"638\" src=\"https:\/\/lasallecadiz.es\/vina\/wp-content\/uploads\/sites\/4\/2025\/05\/Captura-de-pantalla-2025-05-14-122723.png\" alt=\"\" class=\"wp-image-16737\" style=\"width:535px;height:auto\" srcset=\"https:\/\/lasallecadiz.es\/vina\/wp-content\/uploads\/sites\/4\/2025\/05\/Captura-de-pantalla-2025-05-14-122723.png 455w, https:\/\/lasallecadiz.es\/vina\/wp-content\/uploads\/sites\/4\/2025\/05\/Captura-de-pantalla-2025-05-14-122723-214x300.png 214w\" sizes=\"(max-width: 455px) 100vw, 455px\" \/><\/figure>\n<\/div><\/div>\n\n\n\n<div class=\"wp-block-column is-layout-flow wp-block-column-is-layout-flow\"><div class=\"wp-block-image\">\n<figure class=\"aligncenter size-full is-resized\"><img loading=\"lazy\" decoding=\"async\" width=\"448\" height=\"637\" src=\"https:\/\/lasallecadiz.es\/vina\/wp-content\/uploads\/sites\/4\/2025\/05\/Captura-de-pantalla-2025-05-14-122750.png\" alt=\"\" class=\"wp-image-16738\" style=\"width:509px;height:auto\" srcset=\"https:\/\/lasallecadiz.es\/vina\/wp-content\/uploads\/sites\/4\/2025\/05\/Captura-de-pantalla-2025-05-14-122750.png 448w, https:\/\/lasallecadiz.es\/vina\/wp-content\/uploads\/sites\/4\/2025\/05\/Captura-de-pantalla-2025-05-14-122750-211x300.png 211w\" sizes=\"(max-width: 448px) 100vw, 448px\" \/><\/figure>\n<\/div>\n\n<div class=\"wp-block-image\">\n<figure class=\"aligncenter size-full is-resized\"><img loading=\"lazy\" decoding=\"async\" width=\"454\" height=\"637\" src=\"https:\/\/lasallecadiz.es\/vina\/wp-content\/uploads\/sites\/4\/2025\/05\/Captura-de-pantalla-2025-05-14-122737.png\" alt=\"\" class=\"wp-image-16739\" style=\"width:535px;height:auto\" srcset=\"https:\/\/lasallecadiz.es\/vina\/wp-content\/uploads\/sites\/4\/2025\/05\/Captura-de-pantalla-2025-05-14-122737.png 454w, https:\/\/lasallecadiz.es\/vina\/wp-content\/uploads\/sites\/4\/2025\/05\/Captura-de-pantalla-2025-05-14-122737-214x300.png 214w\" sizes=\"(max-width: 454px) 100vw, 454px\" \/><\/figure>\n<\/div><\/div>\n<\/div>\n\n\n\n<p><\/p>\n","protected":false},"excerpt":{"rendered":"<p>La etapa del bachillerato esta compuesta por cursos acad\u00e9micos, entre los 16 y los 18 a\u00f1os es una ense\u00f1anza elegida por los propios alumnos motivo el cual es un motivante directo de nuestra creencia en la participaci\u00f3n activa de los j\u00f3venes, los cuales son los aut\u00e9nticos protagonistas de su formaci\u00f3n. Es debido a ello que &#8230; <a title=\"Bachillerato\" class=\"read-more\" href=\"https:\/\/lasallecadiz.es\/vina\/oferta-bachillerato\/\" aria-label=\"Leer m\u00e1s sobre Bachillerato\">Leer m\u00e1s<\/a><\/p>\n","protected":false},"author":123482,"featured_media":0,"parent":0,"menu_order":0,"comment_status":"closed","ping_status":"closed","template":"","meta":{"_eb_attr":"","footnotes":""},"class_list":["post-260","page","type-page","status-publish"],"_links":{"self":[{"href":"https:\/\/lasallecadiz.es\/vina\/wp-json\/wp\/v2\/pages\/260","targetHints":{"allow":["GET"]}}],"collection":[{"href":"https:\/\/lasallecadiz.es\/vina\/wp-json\/wp\/v2\/pages"}],"about":[{"href":"https:\/\/lasallecadiz.es\/vina\/wp-json\/wp\/v2\/types\/page"}],"author":[{"embeddable":true,"href":"https:\/\/lasallecadiz.es\/vina\/wp-json\/wp\/v2\/users\/123482"}],"replies":[{"embeddable":true,"href":"https:\/\/lasallecadiz.es\/vina\/wp-json\/wp\/v2\/comments?post=260"}],"version-history":[{"count":40,"href":"https:\/\/lasallecadiz.es\/vina\/wp-json\/wp\/v2\/pages\/260\/revisions"}],"predecessor-version":[{"id":16841,"href":"https:\/\/lasallecadiz.es\/vina\/wp-json\/wp\/v2\/pages\/260\/revisions\/16841"}],"wp:attachment":[{"href":"https:\/\/lasallecadiz.es\/vina\/wp-json\/wp\/v2\/media?parent=260"}],"curies":[{"name":"wp","href":"https:\/\/api.w.org\/{rel}","templated":true}]}}