{"id":6269,"date":"2020-11-18T19:10:43","date_gmt":"2020-11-18T19:10:43","guid":{"rendered":"https:\/\/lasallecadiz.es\/prueba1\/?page_id=6269"},"modified":"2026-01-22T08:34:32","modified_gmt":"2026-01-22T08:34:32","slug":"bienvenida","status":"publish","type":"page","link":"https:\/\/lasallecadiz.es\/vina\/bienvenida\/","title":{"rendered":"Bienvenida"},"content":{"rendered":"\n<h2 class=\"wp-block-heading\">Bienvenido\/a a nuestro Colegio<\/h2>\n\n\n\n<p>Estimado amigo\/a<\/p>\n\n\n\n<p>Al entrar en nuestra web puedes encontrar nuestra primera carta de presentaci\u00f3n y por eso te doy las gracias por haberte asomado a ella.<\/p>\n\n\n\n<p>Nuestro colegio, La Salle Vi\u00f1a, est\u00e1 presente en C\u00e1diz desde 1892 y junto al colegio de La Salle Mirandilla donde est\u00e1n las etapas educativas dedicadas a los m\u00e1s peque\u00f1os y peque\u00f1as, seguimos actualizando una tradici\u00f3n educativa impregnada por el carisma de San Juan Bautista de La Salle.<\/p>\n\n\n\n<p>En nuestro colegio podr\u00e1s encontrar ante todo personas: chicos y chicas que comparten su camino de formaci\u00f3n durante estas etapas privilegiadas de la adolescencia y primera juventud. Pero tambi\u00e9n descubrir\u00e1s profesionales que cada d\u00eda renovamos nuestra vocaci\u00f3n de estar al lado de estos j\u00f3venes para su formaci\u00f3n acad\u00e9mica y, de forma especial, para su crecimiento en la conciencia personal y social, en la solidaridad y en el compromiso por las personas m\u00e1s vulnerables.<\/p>\n\n\n\n<p>Nuestro colegio es acogida incondicional, formaci\u00f3n para la vida, presencia inspirada en el Evangelio, familia que camina unida, innovaci\u00f3n pedag\u00f3gica que se adapta a los tiempos, pasi\u00f3n por la educaci\u00f3n. Es un proyecto vivo que se enraiza en la educaci\u00f3n desde el Evangelio y la evangelizaci\u00f3n desde la Educaci\u00f3n.<\/p>\n\n\n\n<p>Bienvenida. Bienvenido. Sirva esto como invitaci\u00f3n a que vengas a conocernos en persona.<\/p>\n\n\n\n<p>Un abrazo fraternal,<\/p>\n\n\n\n<p><strong>Montserrat \u00c1lvarez Oliva<\/strong><\/p>\n\n\n\n<p><strong>Directora de La Salle Vi\u00f1a.<\/strong><\/p>\n","protected":false},"excerpt":{"rendered":"<p>Bienvenido\/a a nuestro Colegio Estimado amigo\/a Al entrar en nuestra web puedes encontrar nuestra primera carta de presentaci\u00f3n y por eso te doy las gracias por haberte asomado a ella. Nuestro colegio, La Salle Vi\u00f1a, est\u00e1 presente en C\u00e1diz desde 1892 y junto al colegio de La Salle Mirandilla donde est\u00e1n las etapas educativas dedicadas &#8230; <a title=\"Bienvenida\" class=\"read-more\" href=\"https:\/\/lasallecadiz.es\/vina\/bienvenida\/\" aria-label=\"Leer m\u00e1s sobre Bienvenida\">Leer m\u00e1s<\/a><\/p>\n","protected":false},"author":123482,"featured_media":0,"parent":0,"menu_order":0,"comment_status":"closed","ping_status":"closed","template":"","meta":{"_eb_attr":"","footnotes":""},"class_list":["post-6269","page","type-page","status-publish"],"_links":{"self":[{"href":"https:\/\/lasallecadiz.es\/vina\/wp-json\/wp\/v2\/pages\/6269","targetHints":{"allow":["GET"]}}],"collection":[{"href":"https:\/\/lasallecadiz.es\/vina\/wp-json\/wp\/v2\/pages"}],"about":[{"href":"https:\/\/lasallecadiz.es\/vina\/wp-json\/wp\/v2\/types\/page"}],"author":[{"embeddable":true,"href":"https:\/\/lasallecadiz.es\/vina\/wp-json\/wp\/v2\/users\/123482"}],"replies":[{"embeddable":true,"href":"https:\/\/lasallecadiz.es\/vina\/wp-json\/wp\/v2\/comments?post=6269"}],"version-history":[{"count":5,"href":"https:\/\/lasallecadiz.es\/vina\/wp-json\/wp\/v2\/pages\/6269\/revisions"}],"predecessor-version":[{"id":16631,"href":"https:\/\/lasallecadiz.es\/vina\/wp-json\/wp\/v2\/pages\/6269\/revisions\/16631"}],"wp:attachment":[{"href":"https:\/\/lasallecadiz.es\/vina\/wp-json\/wp\/v2\/media?parent=6269"}],"curies":[{"name":"wp","href":"https:\/\/api.w.org\/{rel}","templated":true}]}}