{"id":6320,"date":"2020-11-18T22:26:37","date_gmt":"2020-11-18T22:26:37","guid":{"rendered":"https:\/\/lasallecadiz.es\/prueba1\/?page_id=6320"},"modified":"2026-01-22T08:34:33","modified_gmt":"2026-01-22T08:34:33","slug":"salle-joven","status":"publish","type":"page","link":"https:\/\/lasallecadiz.es\/vina\/salle-joven\/","title":{"rendered":"Salle Joven"},"content":{"rendered":"\n<h2 class=\"wp-block-heading\"><strong>Grupos para j\u00f3venes<\/strong><\/h2>\n\n\n\n<p>Muchos de nuestros ni\u00f1os y j\u00f3venes, deciden continuar su maduraci\u00f3n en la fe, en comunidad, a trav\u00e9s de la participaci\u00f3n en los grupos Salle Joven. El Movimiento Juvenil Salle Joven se convierte en un marco fundamental para que, gracias a la generosidad de los catequistas, nuestros alumnos, desde 5\u00ba EPO hasta la etapa universitaria, reciban una formaci\u00f3n adecuada a su edad, y puedan participar en los diversos encuentros que desde el Sector Andaluc\u00eda de La Salle se organizan durante el curso en verano. Asimismo, los miembros de Salle Joven pueden recibir el sacramento de la confirmaci\u00f3n a lo largo de este proceso de maduraci\u00f3n de la fe.<\/p>\n\n\n\n<figure class=\"wp-block-image size-large is-resized\"><img fetchpriority=\"high\" decoding=\"async\" width=\"1024\" height=\"576\" src=\"https:\/\/lasallecadiz.es\/vina\/wp-content\/uploads\/sites\/4\/2025\/05\/Imagen-de-WhatsApp-2025-05-14-a-las-10.29.37_6d10770c-1024x576.jpg\" alt=\"\" class=\"wp-image-16805\" style=\"width:1100px;height:auto\" srcset=\"https:\/\/lasallecadiz.es\/vina\/wp-content\/uploads\/sites\/4\/2025\/05\/Imagen-de-WhatsApp-2025-05-14-a-las-10.29.37_6d10770c-1024x576.jpg 1024w, https:\/\/lasallecadiz.es\/vina\/wp-content\/uploads\/sites\/4\/2025\/05\/Imagen-de-WhatsApp-2025-05-14-a-las-10.29.37_6d10770c-300x169.jpg 300w, https:\/\/lasallecadiz.es\/vina\/wp-content\/uploads\/sites\/4\/2025\/05\/Imagen-de-WhatsApp-2025-05-14-a-las-10.29.37_6d10770c-768x432.jpg 768w, https:\/\/lasallecadiz.es\/vina\/wp-content\/uploads\/sites\/4\/2025\/05\/Imagen-de-WhatsApp-2025-05-14-a-las-10.29.37_6d10770c-1536x864.jpg 1536w, https:\/\/lasallecadiz.es\/vina\/wp-content\/uploads\/sites\/4\/2025\/05\/Imagen-de-WhatsApp-2025-05-14-a-las-10.29.37_6d10770c.jpg 1600w\" sizes=\"(max-width: 1024px) 100vw, 1024px\" \/><\/figure>\n\n\n\n<p>Desde Salle Joven de C\u00e1diz, pretendemos provocar distintas experiencias vitales de fe en nuestros catec\u00famenos, por ello organizamos y programamos con dedicaci\u00f3n y cuidado las distintas catequesis, en las que incluimos la oraci\u00f3n y la Adoraci\u00f3n al Sant\u00edsimo como momentos especiales de interiorizaci\u00f3n. A lo largo del curso, organizamos y participamos en distintas campa\u00f1as de ayuda a los m\u00e1s necesitados, como la campa\u00f1a de Navidad, la operaci\u00f3n potito, la gran recogida de alimentos , el desayuno solidario, la cena del hambre, campa\u00f1as de ayuda&#8230; etc.<\/p>\n\n\n\n<figure class=\"wp-block-image size-large is-resized\"><img decoding=\"async\" width=\"1024\" height=\"577\" src=\"https:\/\/lasallecadiz.es\/vina\/wp-content\/uploads\/sites\/4\/2025\/05\/Imagen-de-WhatsApp-2025-05-14-a-las-10.26.21_7c4f2c98-1024x577.jpg\" alt=\"\" class=\"wp-image-16804\" style=\"width:1100px;height:auto\" srcset=\"https:\/\/lasallecadiz.es\/vina\/wp-content\/uploads\/sites\/4\/2025\/05\/Imagen-de-WhatsApp-2025-05-14-a-las-10.26.21_7c4f2c98-1024x577.jpg 1024w, https:\/\/lasallecadiz.es\/vina\/wp-content\/uploads\/sites\/4\/2025\/05\/Imagen-de-WhatsApp-2025-05-14-a-las-10.26.21_7c4f2c98-300x169.jpg 300w, https:\/\/lasallecadiz.es\/vina\/wp-content\/uploads\/sites\/4\/2025\/05\/Imagen-de-WhatsApp-2025-05-14-a-las-10.26.21_7c4f2c98-768x433.jpg 768w, https:\/\/lasallecadiz.es\/vina\/wp-content\/uploads\/sites\/4\/2025\/05\/Imagen-de-WhatsApp-2025-05-14-a-las-10.26.21_7c4f2c98-1536x866.jpg 1536w, https:\/\/lasallecadiz.es\/vina\/wp-content\/uploads\/sites\/4\/2025\/05\/Imagen-de-WhatsApp-2025-05-14-a-las-10.26.21_7c4f2c98.jpg 1600w\" sizes=\"(max-width: 1024px) 100vw, 1024px\" \/><\/figure>\n\n\n\n<p>Asimismo, colaboramos en campa\u00f1as de la Iglesia diocesana y universal como Domund, Infancia Misionera, Manos Unidas, etc. Consideramos fundamental la experiencia de acercamiento a nuestros hermanos m\u00e1s necesitados, a los preferidos del Se\u00f1or (Papa Francisco, 13-XII-2014) por ello se promueve el voluntariado desde el movimiento Salle Joven. Tambi\u00e9n se ofrece a nuestros antiguos alumnos la posibilidad de tener una experiencia de voluntariado por medio del Voluntariado Internacional Juvenil (VIJ) en colaboraci\u00f3n con obras La Salle por todo el mundo.<\/p>\n","protected":false},"excerpt":{"rendered":"<p>Grupos para j\u00f3venes Muchos de nuestros ni\u00f1os y j\u00f3venes, deciden continuar su maduraci\u00f3n en la fe, en comunidad, a trav\u00e9s de la participaci\u00f3n en los grupos Salle Joven. El Movimiento Juvenil Salle Joven se convierte en un marco fundamental para que, gracias a la generosidad de los catequistas, nuestros alumnos, desde 5\u00ba EPO hasta la &#8230; <a title=\"Salle Joven\" class=\"read-more\" href=\"https:\/\/lasallecadiz.es\/vina\/salle-joven\/\" aria-label=\"Leer m\u00e1s sobre Salle Joven\">Leer m\u00e1s<\/a><\/p>\n","protected":false},"author":123482,"featured_media":0,"parent":0,"menu_order":0,"comment_status":"closed","ping_status":"closed","template":"","meta":{"_eb_attr":"","footnotes":""},"class_list":["post-6320","page","type-page","status-publish"],"_links":{"self":[{"href":"https:\/\/lasallecadiz.es\/vina\/wp-json\/wp\/v2\/pages\/6320","targetHints":{"allow":["GET"]}}],"collection":[{"href":"https:\/\/lasallecadiz.es\/vina\/wp-json\/wp\/v2\/pages"}],"about":[{"href":"https:\/\/lasallecadiz.es\/vina\/wp-json\/wp\/v2\/types\/page"}],"author":[{"embeddable":true,"href":"https:\/\/lasallecadiz.es\/vina\/wp-json\/wp\/v2\/users\/123482"}],"replies":[{"embeddable":true,"href":"https:\/\/lasallecadiz.es\/vina\/wp-json\/wp\/v2\/comments?post=6320"}],"version-history":[{"count":6,"href":"https:\/\/lasallecadiz.es\/vina\/wp-json\/wp\/v2\/pages\/6320\/revisions"}],"predecessor-version":[{"id":16807,"href":"https:\/\/lasallecadiz.es\/vina\/wp-json\/wp\/v2\/pages\/6320\/revisions\/16807"}],"wp:attachment":[{"href":"https:\/\/lasallecadiz.es\/vina\/wp-json\/wp\/v2\/media?parent=6320"}],"curies":[{"name":"wp","href":"https:\/\/api.w.org\/{rel}","templated":true}]}}