{"id":6694,"date":"2020-11-23T22:04:48","date_gmt":"2020-11-23T22:04:48","guid":{"rendered":"https:\/\/lasallecadiz.es\/prueba1\/?page_id=6694"},"modified":"2026-01-22T08:34:32","modified_gmt":"2026-01-22T08:34:32","slug":"administracion","status":"publish","type":"page","link":"https:\/\/lasallecadiz.es\/vina\/administracion\/","title":{"rendered":"Administraci\u00f3n"},"content":{"rendered":"\t\t<div data-elementor-type=\"wp-page\" data-elementor-id=\"6694\" class=\"elementor elementor-6694\">\n\t\t\t\t<div class=\"elementor-element elementor-element-6e71cde e-flex e-con-boxed e-con e-parent\" data-id=\"6e71cde\" data-element_type=\"container\" data-e-type=\"container\">\n\t\t\t\t\t<div class=\"e-con-inner\">\n\t\t\t\t<div class=\"elementor-element elementor-element-9e1177a elementor-widget elementor-widget-spacer\" data-id=\"9e1177a\" data-element_type=\"widget\" data-e-type=\"widget\" data-widget_type=\"spacer.default\">\n\t\t\t\t<div class=\"elementor-widget-container\">\n\t\t\t\t\t\t\t<div class=\"elementor-spacer\">\n\t\t\t<div class=\"elementor-spacer-inner\"><\/div>\n\t\t<\/div>\n\t\t\t\t\t\t<\/div>\n\t\t\t\t<\/div>\n\t\t\t\t\t<\/div>\n\t\t\t\t<\/div>\n\t\t<div class=\"elementor-element elementor-element-56e8af4 e-flex e-con-boxed e-con e-parent\" data-id=\"56e8af4\" data-element_type=\"container\" data-e-type=\"container\">\n\t\t\t\t\t<div class=\"e-con-inner\">\n\t\t\t\t<div class=\"elementor-element elementor-element-c50fa21 e-n-tabs-mobile elementor-widget elementor-widget-n-tabs\" data-id=\"c50fa21\" data-element_type=\"widget\" data-e-type=\"widget\" data-settings=\"{&quot;horizontal_scroll&quot;:&quot;disable&quot;}\" data-widget_type=\"nested-tabs.default\">\n\t\t\t\t<div class=\"elementor-widget-container\">\n\t\t\t\t\t\t\t<div class=\"e-n-tabs\" data-widget-number=\"206633505\" aria-label=\"Pesta\u00f1as. Abre elementos con Intro o Espacio, ci\u00e9rralos con Escape y navega con las fechas.\">\n\t\t\t<div class=\"e-n-tabs-heading\" role=\"tablist\">\n\t\t\t\t\t<button id=\"e-n-tab-title-2066335051\" data-tab-title-id=\"e-n-tab-title-2066335051\" class=\"e-n-tab-title\" aria-selected=\"true\" data-tab-index=\"1\" role=\"tab\" tabindex=\"0\" aria-controls=\"e-n-tab-content-2066335051\" style=\"--n-tabs-title-order: 1;\">\n\t\t\t\t\t\t<span class=\"e-n-tab-title-text\">\n\t\t\t\t\ud83d\udc69\u200d\ud83d\udcbc Conoce a nuestra Administradora del Centro \ud83d\udc69\u200d\ud83d\udcbc\t\t\t<\/span>\n\t\t<\/button>\n\t\t\t\t<button id=\"e-n-tab-title-2066335052\" data-tab-title-id=\"e-n-tab-title-2066335052\" class=\"e-n-tab-title\" aria-selected=\"false\" data-tab-index=\"2\" role=\"tab\" tabindex=\"-1\" aria-controls=\"e-n-tab-content-2066335052\" style=\"--n-tabs-title-order: 2;\">\n\t\t\t\t\t\t<span class=\"e-n-tab-title-text\">\n\t\t\t\t\ud83d\udccc \u00bfQui\u00e9n es nuestra Administradora?\t\t\t<\/span>\n\t\t<\/button>\n\t\t\t\t<button id=\"e-n-tab-title-2066335053\" data-tab-title-id=\"e-n-tab-title-2066335053\" class=\"e-n-tab-title\" aria-selected=\"false\" data-tab-index=\"3\" role=\"tab\" tabindex=\"-1\" aria-controls=\"e-n-tab-content-2066335053\" style=\"--n-tabs-title-order: 3;\">\n\t\t\t\t\t\t<span class=\"e-n-tab-title-text\">\n\t\t\t\t\ud83d\udcbc Sus funciones incluyen:\t\t\t<\/span>\n\t\t<\/button>\n\t\t\t\t<button id=\"e-n-tab-title-2066335054\" data-tab-title-id=\"e-n-tab-title-2066335054\" class=\"e-n-tab-title\" aria-selected=\"false\" data-tab-index=\"4\" role=\"tab\" tabindex=\"-1\" aria-controls=\"e-n-tab-content-2066335054\" style=\"--n-tabs-title-order: 4;\">\n\t\t\t\t\t\t<span class=\"e-n-tab-title-text\">\n\t\t\t\tContacta\t\t\t<\/span>\n\t\t<\/button>\n\t\t\t\t\t<\/div>\n\t\t\t<div class=\"e-n-tabs-content\">\n\t\t\t\t<div id=\"e-n-tab-content-2066335051\" role=\"tabpanel\" aria-labelledby=\"e-n-tab-title-2066335051\" data-tab-index=\"1\" style=\"--n-tabs-title-order: 1;\" class=\"e-active elementor-element elementor-element-beed265 e-con-full e-flex e-con e-child\" data-id=\"beed265\" data-element_type=\"container\" data-e-type=\"container\">\n\t\t<div class=\"elementor-element elementor-element-e5cfe65 e-flex e-con-boxed e-con e-child\" data-id=\"e5cfe65\" data-element_type=\"container\" data-e-type=\"container\">\n\t\t\t\t\t<div class=\"e-con-inner\">\n\t\t<div class=\"elementor-element elementor-element-8d0bb53 e-con-full e-flex e-con e-child\" data-id=\"8d0bb53\" data-element_type=\"container\" data-e-type=\"container\">\n\t\t\t\t<div class=\"elementor-element elementor-element-5ddc326 elementor-widget elementor-widget-text-editor\" data-id=\"5ddc326\" data-element_type=\"widget\" data-e-type=\"widget\" data-widget_type=\"text-editor.default\">\n\t\t\t\t<div class=\"elementor-widget-container\">\n\t\t\t\t\t\t\t\t\t<h3 data-pm-slice=\"1 1 []\">En nuestro colegio, la gesti\u00f3n y el buen funcionamiento de todas las \u00e1reas es clave para garantizar un ambiente educativo de calidad. Detr\u00e1s de esta gran tarea se encuentra nuestra Administradora del Centro, una figura fundamental que trabaja d\u00eda a d\u00eda con compromiso y dedicaci\u00f3n. La funci\u00f3n de administraci\u00f3n est\u00e1 compartida por los Centros La Salle C\u00e1diz (Mirandilla y Vi\u00f1a)<\/h3>\t\t\t\t\t\t\t\t<\/div>\n\t\t\t\t<\/div>\n\t\t\t\t<\/div>\n\t\t\t\t\t<\/div>\n\t\t\t\t<\/div>\n\t\t\t\t<\/div>\n\t\t<div id=\"e-n-tab-content-2066335052\" role=\"tabpanel\" aria-labelledby=\"e-n-tab-title-2066335052\" data-tab-index=\"2\" style=\"--n-tabs-title-order: 2;\" class=\" elementor-element elementor-element-185246c e-con-full e-flex e-con e-child\" data-id=\"185246c\" data-element_type=\"container\" data-e-type=\"container\">\n\t\t<div class=\"elementor-element elementor-element-9827a83 e-con-full e-flex e-con e-child\" data-id=\"9827a83\" data-element_type=\"container\" data-e-type=\"container\">\n\t\t\t\t<div class=\"elementor-element elementor-element-96d894c elementor-widget__width-initial elementor-widget elementor-widget-text-editor\" data-id=\"96d894c\" data-element_type=\"widget\" data-e-type=\"widget\" data-widget_type=\"text-editor.default\">\n\t\t\t\t<div class=\"elementor-widget-container\">\n\t\t\t\t\t\t\t\t\t<h3 data-pm-slice=\"1 1 []\">Nuestra Administradora, Raquel Mateo,\u00a0 es la persona encargada de coordinar y supervisar el correcto funcionamiento de la administraci\u00f3n del colegio. Su labor abarca desde la gesti\u00f3n econ\u00f3mica de recursos y la organizaci\u00f3n de actividades hasta la atenci\u00f3n a familias y personal docente .<\/h3><h3 data-pm-slice=\"1 1 []\"><img fetchpriority=\"high\" decoding=\"async\" class=\"wp-image-16460 size-medium aligncenter\" src=\"https:\/\/lasallecadiz.es\/vina\/wp-content\/uploads\/sites\/4\/2025\/04\/Imagen-de-WhatsApp-2024-09-05-a-las-12.41.24_387e4ed3-e1743616759673-300x295.jpg\" alt=\"\" width=\"300\" height=\"295\" srcset=\"https:\/\/lasallecadiz.es\/vina\/wp-content\/uploads\/sites\/4\/2025\/04\/Imagen-de-WhatsApp-2024-09-05-a-las-12.41.24_387e4ed3-e1743616759673-300x295.jpg 300w, https:\/\/lasallecadiz.es\/vina\/wp-content\/uploads\/sites\/4\/2025\/04\/Imagen-de-WhatsApp-2024-09-05-a-las-12.41.24_387e4ed3-e1743616759673-768x755.jpg 768w, https:\/\/lasallecadiz.es\/vina\/wp-content\/uploads\/sites\/4\/2025\/04\/Imagen-de-WhatsApp-2024-09-05-a-las-12.41.24_387e4ed3-e1743616759673.jpg 895w\" sizes=\"(max-width: 300px) 100vw, 300px\" \/><\/h3>\t\t\t\t\t\t\t\t<\/div>\n\t\t\t\t<\/div>\n\t\t\t\t<\/div>\n\t\t\t\t<\/div>\n\t\t<div id=\"e-n-tab-content-2066335053\" role=\"tabpanel\" aria-labelledby=\"e-n-tab-title-2066335053\" data-tab-index=\"3\" style=\"--n-tabs-title-order: 3;\" class=\" elementor-element elementor-element-7c8797b e-con-full e-flex e-con e-child\" data-id=\"7c8797b\" data-element_type=\"container\" data-e-type=\"container\">\n\t\t<div class=\"elementor-element elementor-element-c3d14a3 e-flex e-con-boxed e-con e-child\" data-id=\"c3d14a3\" data-element_type=\"container\" data-e-type=\"container\">\n\t\t\t\t\t<div class=\"e-con-inner\">\n\t\t\t\t<div class=\"elementor-element elementor-element-18ce8f0 elementor-widget elementor-widget-text-editor\" data-id=\"18ce8f0\" data-element_type=\"widget\" data-e-type=\"widget\" data-widget_type=\"text-editor.default\">\n\t\t\t\t<div class=\"elementor-widget-container\">\n\t\t\t\t\t\t\t\t\t<h3 data-pm-slice=\"1 3 []\">&nbsp;<\/h3>\n<ul data-spread=\"false\">\n<li>\n<h3>Supervisar la gesti\u00f3n administrativa y financiera del colegio.<\/h3>\n<\/li>\n<li>\n<h3>Coordinar los recursos materiales y humanos para el correcto funcionamiento del centro.<\/h3>\n<\/li>\n<li>\n<h3>Atender a estudiantes, familias y personal docente en asuntos financieros y de uniformidad..<\/h3>\n<\/li>\n<li>\n<h3>Asegurar el mantenimiento y mejora de las infraestructuras del colegio.<\/h3>\n<\/li>\n<li>\n<h3>Apoyar en la planificaci\u00f3n y ejecuci\u00f3n de proyectos institucionales.<\/h3>\n<\/li>\n<\/ul>\t\t\t\t\t\t\t\t<\/div>\n\t\t\t\t<\/div>\n\t\t\t\t\t<\/div>\n\t\t\t\t<\/div>\n\t\t\t\t<\/div>\n\t\t<div id=\"e-n-tab-content-2066335054\" role=\"tabpanel\" aria-labelledby=\"e-n-tab-title-2066335054\" data-tab-index=\"4\" style=\"--n-tabs-title-order: 4;\" class=\" elementor-element elementor-element-3fa8b2e e-flex e-con-boxed e-con e-child\" data-id=\"3fa8b2e\" data-element_type=\"container\" data-e-type=\"container\">\n\t\t\t\t\t<div class=\"e-con-inner\">\n\t\t<div class=\"elementor-element elementor-element-5fd47c3 e-con-full e-flex e-con e-child\" data-id=\"5fd47c3\" data-element_type=\"container\" data-e-type=\"container\">\n\t\t\t\t<div class=\"elementor-element elementor-element-42ac9ff elementor-widget elementor-widget-n-accordion\" data-id=\"42ac9ff\" data-element_type=\"widget\" data-e-type=\"widget\" data-settings=\"{&quot;default_state&quot;:&quot;expanded&quot;,&quot;max_items_expended&quot;:&quot;one&quot;,&quot;n_accordion_animation_duration&quot;:{&quot;unit&quot;:&quot;ms&quot;,&quot;size&quot;:400,&quot;sizes&quot;:[]}}\" data-widget_type=\"nested-accordion.default\">\n\t\t\t\t<div class=\"elementor-widget-container\">\n\t\t\t\t\t\t\t<div class=\"e-n-accordion\" aria-label=\"Accordion. Open links with Enter or Space, close with Escape, and navigate with Arrow Keys\">\n\t\t\t\t\t\t<details id=\"e-n-accordion-item-6990\" class=\"e-n-accordion-item\" open>\n\t\t\t\t<summary class=\"e-n-accordion-item-title\" data-accordion-index=\"1\" tabindex=\"0\" aria-expanded=\"true\" aria-controls=\"e-n-accordion-item-6990\" >\n\t\t\t\t\t<span class='e-n-accordion-item-title-header'><div class=\"e-n-accordion-item-title-text\"> HORARIO <\/div><\/span>\n\t\t\t\t\t\t\t<span class='e-n-accordion-item-title-icon'>\n\t\t\t<span class='e-opened' ><svg aria-hidden=\"true\" class=\"e-font-icon-svg e-fas-minus\" viewBox=\"0 0 448 512\" xmlns=\"http:\/\/www.w3.org\/2000\/svg\"><path d=\"M416 208H32c-17.67 0-32 14.33-32 32v32c0 17.67 14.33 32 32 32h384c17.67 0 32-14.33 32-32v-32c0-17.67-14.33-32-32-32z\"><\/path><\/svg><\/span>\n\t\t\t<span class='e-closed'><svg aria-hidden=\"true\" class=\"e-font-icon-svg e-fas-plus\" viewBox=\"0 0 448 512\" xmlns=\"http:\/\/www.w3.org\/2000\/svg\"><path d=\"M416 208H272V64c0-17.67-14.33-32-32-32h-32c-17.67 0-32 14.33-32 32v144H32c-17.67 0-32 14.33-32 32v32c0 17.67 14.33 32 32 32h144v144c0 17.67 14.33 32 32 32h32c17.67 0 32-14.33 32-32V304h144c17.67 0 32-14.33 32-32v-32c0-17.67-14.33-32-32-32z\"><\/path><\/svg><\/span>\n\t\t<\/span>\n\n\t\t\t\t\t\t<\/summary>\n\t\t\t\t<div role=\"region\" aria-labelledby=\"e-n-accordion-item-6990\" class=\"elementor-element elementor-element-733626e e-con-full e-flex e-con e-child\" data-id=\"733626e\" data-element_type=\"container\" data-e-type=\"container\">\n\t\t<div role=\"region\" aria-labelledby=\"e-n-accordion-item-6990\" class=\"elementor-element elementor-element-8716860 e-flex e-con-boxed e-con e-child\" data-id=\"8716860\" data-element_type=\"container\" data-e-type=\"container\">\n\t\t\t\t\t<div class=\"e-con-inner\">\n\t\t\t\t<div class=\"elementor-element elementor-element-3ff6bb5 elementor-widget elementor-widget-text-editor\" data-id=\"3ff6bb5\" data-element_type=\"widget\" data-e-type=\"widget\" data-widget_type=\"text-editor.default\">\n\t\t\t\t<div class=\"elementor-widget-container\">\n\t\t\t\t\t\t\t\t\t<h3><em><strong>Lunes, Martes y Jueves 8:00h a 14:30h<\/strong><\/em><\/h3><h3><em><strong>Mi\u00e9rcoles de 8:00h a 11:15h<\/strong><\/em><\/h3><h3><em><strong>Viernes de 8:00h a 8:45h<\/strong><\/em><\/h3>\t\t\t\t\t\t\t\t<\/div>\n\t\t\t\t<\/div>\n\t\t\t\t\t<\/div>\n\t\t\t\t<\/div>\n\t\t\t\t<\/div>\n\t\t\t\t\t<\/details>\n\t\t\t\t\t\t<details id=\"e-n-accordion-item-6991\" class=\"e-n-accordion-item\" >\n\t\t\t\t<summary class=\"e-n-accordion-item-title\" data-accordion-index=\"2\" tabindex=\"-1\" aria-expanded=\"false\" aria-controls=\"e-n-accordion-item-6991\" >\n\t\t\t\t\t<span class='e-n-accordion-item-title-header'><div class=\"e-n-accordion-item-title-text\"> TEL\u00c9FONO <\/div><\/span>\n\t\t\t\t\t\t\t<span class='e-n-accordion-item-title-icon'>\n\t\t\t<span class='e-opened' ><svg aria-hidden=\"true\" class=\"e-font-icon-svg e-fas-minus\" viewBox=\"0 0 448 512\" xmlns=\"http:\/\/www.w3.org\/2000\/svg\"><path d=\"M416 208H32c-17.67 0-32 14.33-32 32v32c0 17.67 14.33 32 32 32h384c17.67 0 32-14.33 32-32v-32c0-17.67-14.33-32-32-32z\"><\/path><\/svg><\/span>\n\t\t\t<span class='e-closed'><svg aria-hidden=\"true\" class=\"e-font-icon-svg e-fas-plus\" viewBox=\"0 0 448 512\" xmlns=\"http:\/\/www.w3.org\/2000\/svg\"><path d=\"M416 208H272V64c0-17.67-14.33-32-32-32h-32c-17.67 0-32 14.33-32 32v144H32c-17.67 0-32 14.33-32 32v32c0 17.67 14.33 32 32 32h144v144c0 17.67 14.33 32 32 32h32c17.67 0 32-14.33 32-32V304h144c17.67 0 32-14.33 32-32v-32c0-17.67-14.33-32-32-32z\"><\/path><\/svg><\/span>\n\t\t<\/span>\n\n\t\t\t\t\t\t<\/summary>\n\t\t\t\t<div role=\"region\" aria-labelledby=\"e-n-accordion-item-6991\" class=\"elementor-element elementor-element-73629a8 e-con-full e-flex e-con e-child\" data-id=\"73629a8\" data-element_type=\"container\" data-e-type=\"container\">\n\t\t<div role=\"region\" aria-labelledby=\"e-n-accordion-item-6991\" class=\"elementor-element elementor-element-211efd6 e-flex e-con-boxed e-con e-child\" data-id=\"211efd6\" data-element_type=\"container\" data-e-type=\"container\">\n\t\t\t\t\t<div class=\"e-con-inner\">\n\t\t\t\t<div class=\"elementor-element elementor-element-5b7865a elementor-widget elementor-widget-text-editor\" data-id=\"5b7865a\" data-element_type=\"widget\" data-e-type=\"widget\" data-widget_type=\"text-editor.default\">\n\t\t\t\t<div class=\"elementor-widget-container\">\n\t\t\t\t\t\t\t\t\t<h1>956-212-065<\/h1>\t\t\t\t\t\t\t\t<\/div>\n\t\t\t\t<\/div>\n\t\t\t\t\t<\/div>\n\t\t\t\t<\/div>\n\t\t\t\t<\/div>\n\t\t\t\t\t<\/details>\n\t\t\t\t\t\t<details id=\"e-n-accordion-item-6992\" class=\"e-n-accordion-item\" >\n\t\t\t\t<summary class=\"e-n-accordion-item-title\" data-accordion-index=\"3\" tabindex=\"-1\" aria-expanded=\"false\" aria-controls=\"e-n-accordion-item-6992\" >\n\t\t\t\t\t<span class='e-n-accordion-item-title-header'><div class=\"e-n-accordion-item-title-text\"> EMAIL \/ CITA PREVIA (SOLICITA AL EMAIL) <\/div><\/span>\n\t\t\t\t\t\t\t<span class='e-n-accordion-item-title-icon'>\n\t\t\t<span class='e-opened' ><svg aria-hidden=\"true\" class=\"e-font-icon-svg e-fas-minus\" viewBox=\"0 0 448 512\" xmlns=\"http:\/\/www.w3.org\/2000\/svg\"><path d=\"M416 208H32c-17.67 0-32 14.33-32 32v32c0 17.67 14.33 32 32 32h384c17.67 0 32-14.33 32-32v-32c0-17.67-14.33-32-32-32z\"><\/path><\/svg><\/span>\n\t\t\t<span class='e-closed'><svg aria-hidden=\"true\" class=\"e-font-icon-svg e-fas-plus\" viewBox=\"0 0 448 512\" xmlns=\"http:\/\/www.w3.org\/2000\/svg\"><path d=\"M416 208H272V64c0-17.67-14.33-32-32-32h-32c-17.67 0-32 14.33-32 32v144H32c-17.67 0-32 14.33-32 32v32c0 17.67 14.33 32 32 32h144v144c0 17.67 14.33 32 32 32h32c17.67 0 32-14.33 32-32V304h144c17.67 0 32-14.33 32-32v-32c0-17.67-14.33-32-32-32z\"><\/path><\/svg><\/span>\n\t\t<\/span>\n\n\t\t\t\t\t\t<\/summary>\n\t\t\t\t<div role=\"region\" aria-labelledby=\"e-n-accordion-item-6992\" class=\"elementor-element elementor-element-ca43119 e-con-full e-flex e-con e-child\" data-id=\"ca43119\" data-element_type=\"container\" data-e-type=\"container\">\n\t\t<div role=\"region\" aria-labelledby=\"e-n-accordion-item-6992\" class=\"elementor-element elementor-element-02d144f e-flex e-con-boxed e-con e-child\" data-id=\"02d144f\" data-element_type=\"container\" data-e-type=\"container\">\n\t\t\t\t\t<div class=\"e-con-inner\">\n\t\t\t\t<div class=\"elementor-element elementor-element-7907424 elementor-widget elementor-widget-text-editor\" data-id=\"7907424\" data-element_type=\"widget\" data-e-type=\"widget\" data-widget_type=\"text-editor.default\">\n\t\t\t\t<div class=\"elementor-widget-container\">\n\t\t\t\t\t\t\t\t\t<h1><strong>admcadiz@lasalleandalucia.net<\/strong><\/h1>\t\t\t\t\t\t\t\t<\/div>\n\t\t\t\t<\/div>\n\t\t\t\t\t<\/div>\n\t\t\t\t<\/div>\n\t\t\t\t<\/div>\n\t\t\t\t\t<\/details>\n\t\t\t\t\t<\/div>\n\t\t\t\t\t\t<\/div>\n\t\t\t\t<\/div>\n\t\t\t\t<\/div>\n\t\t\t\t\t<\/div>\n\t\t\t\t<\/div>\n\t\t\t\t\t<\/div>\n\t\t<\/div>\n\t\t\t\t\t\t<\/div>\n\t\t\t\t<\/div>\n\t\t\t\t<div class=\"elementor-element elementor-element-d29c061 elementor-widget-divider--view-line elementor-widget elementor-widget-divider\" data-id=\"d29c061\" data-element_type=\"widget\" data-e-type=\"widget\" data-widget_type=\"divider.default\">\n\t\t\t\t<div class=\"elementor-widget-container\">\n\t\t\t\t\t\t\t<div class=\"elementor-divider\">\n\t\t\t<span class=\"elementor-divider-separator\">\n\t\t\t\t\t\t<\/span>\n\t\t<\/div>\n\t\t\t\t\t\t<\/div>\n\t\t\t\t<\/div>\n\t\t\t\t<div class=\"elementor-element elementor-element-e26258f elementor-widget-divider--view-line elementor-widget elementor-widget-divider\" data-id=\"e26258f\" data-element_type=\"widget\" data-e-type=\"widget\" data-widget_type=\"divider.default\">\n\t\t\t\t<div class=\"elementor-widget-container\">\n\t\t\t\t\t\t\t<div class=\"elementor-divider\">\n\t\t\t<span class=\"elementor-divider-separator\">\n\t\t\t\t\t\t<\/span>\n\t\t<\/div>\n\t\t\t\t\t\t<\/div>\n\t\t\t\t<\/div>\n\t\t\t\t\t<\/div>\n\t\t\t\t<\/div>\n\t\t\t\t<\/div>\n\t\t","protected":false},"excerpt":{"rendered":"<p>\ud83d\udc69\u200d\ud83d\udcbc Conoce a nuestra Administradora del Centro \ud83d\udc69\u200d\ud83d\udcbc \ud83d\udccc \u00bfQui\u00e9n es nuestra Administradora? \ud83d\udcbc Sus funciones incluyen: Contacta En nuestro colegio, la gesti\u00f3n y el buen funcionamiento de todas las \u00e1reas es clave para garantizar un ambiente educativo de calidad. Detr\u00e1s de esta gran tarea se encuentra nuestra Administradora del Centro, una figura fundamental que &#8230; <a title=\"Administraci\u00f3n\" class=\"read-more\" href=\"https:\/\/lasallecadiz.es\/vina\/administracion\/\" aria-label=\"Leer m\u00e1s sobre Administraci\u00f3n\">Leer m\u00e1s<\/a><\/p>\n","protected":false},"author":123482,"featured_media":0,"parent":0,"menu_order":0,"comment_status":"closed","ping_status":"closed","template":"","meta":{"_eb_attr":"","footnotes":""},"class_list":["post-6694","page","type-page","status-publish"],"_links":{"self":[{"href":"https:\/\/lasallecadiz.es\/vina\/wp-json\/wp\/v2\/pages\/6694","targetHints":{"allow":["GET"]}}],"collection":[{"href":"https:\/\/lasallecadiz.es\/vina\/wp-json\/wp\/v2\/pages"}],"about":[{"href":"https:\/\/lasallecadiz.es\/vina\/wp-json\/wp\/v2\/types\/page"}],"author":[{"embeddable":true,"href":"https:\/\/lasallecadiz.es\/vina\/wp-json\/wp\/v2\/users\/123482"}],"replies":[{"embeddable":true,"href":"https:\/\/lasallecadiz.es\/vina\/wp-json\/wp\/v2\/comments?post=6694"}],"version-history":[{"count":17,"href":"https:\/\/lasallecadiz.es\/vina\/wp-json\/wp\/v2\/pages\/6694\/revisions"}],"predecessor-version":[{"id":16470,"href":"https:\/\/lasallecadiz.es\/vina\/wp-json\/wp\/v2\/pages\/6694\/revisions\/16470"}],"wp:attachment":[{"href":"https:\/\/lasallecadiz.es\/vina\/wp-json\/wp\/v2\/media?parent=6694"}],"curies":[{"name":"wp","href":"https:\/\/api.w.org\/{rel}","templated":true}]}}