{"id":7188,"date":"2021-02-28T18:55:14","date_gmt":"2021-02-28T18:55:14","guid":{"rendered":"https:\/\/lasallecadiz.es\/prueba1\/?page_id=7188"},"modified":"2026-01-22T08:34:33","modified_gmt":"2026-01-22T08:34:33","slug":"orientacion","status":"publish","type":"page","link":"https:\/\/lasallecadiz.es\/vina\/orientacion\/","title":{"rendered":"Orientaci\u00f3n"},"content":{"rendered":"\t\t<div data-elementor-type=\"wp-page\" data-elementor-id=\"7188\" class=\"elementor elementor-7188\">\n\t\t\t\t<div class=\"elementor-element elementor-element-6ece0d8e e-flex e-con-boxed e-con e-parent\" data-id=\"6ece0d8e\" data-element_type=\"container\" data-e-type=\"container\">\n\t\t\t\t\t<div class=\"e-con-inner\">\n\t\t\t\t<div class=\"elementor-element elementor-element-5200a397 elementor-widget elementor-widget-text-editor\" data-id=\"5200a397\" data-element_type=\"widget\" data-e-type=\"widget\" data-widget_type=\"text-editor.default\">\n\t\t\t\t<div class=\"elementor-widget-container\">\n\t\t\t\t\t\t\t\t\t\n<div class=\"wp-block-essential-blocks-advanced-tabs alignwide  root-eb-advanced-tabs-xac0e\">\n<div class=\"eb-parent-wrapper eb-parent-eb-advanced-tabs-xac0e \">\n<div class=\"eb-advanced-tabs-xac0e eb-advanced-tabs-wrapper horizontal\" data-min-height=\"true\">\n<div class=\"eb-tabs-nav\">\n<ul class=\"tabTitles\" data-tabs-ul-id=\"eb-advanced-tabs-xac0e\">\n<li class=\"active\" data-title-tab-id=\"1\" data-title-custom-id=\"\">\n<h6 class=\"tab-title-text\">FUNCIONES<\/h6>\n<\/li>\n<li class=\"inactive\" data-title-tab-id=\"2\" data-title-custom-id=\"\"><i class=\"fas fa-home tabIcon\"><\/i>\n<h6 class=\"tab-title-text\">ACAD\u00c9MICA Y PROFESIONAL<\/h6>\n<\/li>\n<li class=\"inactive\" data-title-tab-id=\"3\" data-title-custom-id=\"\"><i class=\"fas fa-home tabIcon\"><\/i>\n<h6 class=\"tab-title-text\">CUESTIONARIOS<\/h6>\n<\/li>\n<li class=\"inactive\" data-title-tab-id=\"4\"><i class=\"fas fa-home tabIcon\"><\/i>\n<h6 class=\"tab-title-text\">CONTACTO<\/h6>\n<\/li>\n<\/ul>\n<\/div>\n<div class=\"eb-tabs-contents\">\n<div class=\"eb-tab-wrapper\" data-tab-id=\"1\" data-tab-parent-id=\"eb-advanced-tabs-xac0e\">\n<div class=\"eb-tab-inner\">\n<h2 class=\"wp-block-heading\"><strong>Funciones del Orientador escolar y sus tareas<\/strong><\/h2>\n\n<p>\u00a0<\/p>\n\n<p>A continuaci\u00f3n, queremos exponer las\u00a0funciones del orientador escolar\u00a0que deber\u00e1n llevar a cabo dentro de un colegio o un centro de ense\u00f1anza.<\/p>\n\n<ul class=\"wp-block-list\">\n<li>Como lo mencionamos anteriormente, tiene la labor de asesorar al alumnado, a los\u00a0tutores\u00a0y a las familias, con el fin de mejorar las calidades educativas del lugar y las relaciones interpersonales.<\/li>\n\n<li>Deber\u00e1 identificar todas las\u00a0necesidades educativas\u00a0del alumno y hac\u00e9rselas saber para que conozca su realidad acad\u00e9mica. Adem\u00e1s, en caso de tener alg\u00fan\u00a0requerimiento educativo especial, tendr\u00e1 que aconsejar al alumno y a sus familiares de los pasos que deber\u00e1n seguir a lo largo de la vida estudiantil.<\/li>\n\n<li>Colaborar\u00e1 con los profesores y con la familia en la prevenci\u00f3n y detecci\u00f3n de cualquier tipo de dificultad de aprendizaje que pueda tener el alumnado. El fin de ello es poder ejercer la\u00a0acci\u00f3n tutorial\u00a0completamente personalizada e independiente al resto de los compa\u00f1eros.<\/li>\n\n<li>Har\u00e1 un seguimiento en caso de que el alumno requiera un aprendizaje distinto al resto, asegurando su continuidad educativa en todas las \u00e1reas, ciclos y etapas que conforman al\u00a0sistema educativo.<\/li>\n\n<li><em>Otra de las\u00a0funciones del orientador escolar\u00a0es brindar la asesor\u00eda\u00a0psicopedag\u00f3gica\u00a0al profesorado y \u00f3rganos del gobierno de la instituci\u00f3n para que estos puedan aplicar las herramientas educativas apropiadas<\/em>.<\/li>\n\n<li>Asesorar\u00e1n al profesorado y a los miembros del Consejo Escolar en la elaboraci\u00f3n, desarrollo y evaluaci\u00f3n del\u00a0Plan de Atenci\u00f3n a la Diversidad, el cual debe estar presente en todos los colegios.<\/li>\n\n<li>Colaborar en procesos innovadores, de investigaci\u00f3n y experimentaci\u00f3n que pueda poner en marcha el centro de\u00a0secundaria.<\/li>\n<\/ul>\n\n<p>\u00a0<\/p>\n\n<h2 class=\"wp-block-heading\"><strong>Hablemos un poco m\u00e1s a profundidad de los retos que competen a las funciones del orientador escolar<\/strong><\/h2>\n\n<p>\u00a0<\/p>\n\n<p>Ciertamente, cumplir con las\u00a0funciones del orientador escolar\u00a0no es tan sencillo como puede parecer ya que es necesario tener un gran conocimiento y un gran nivel de empat\u00eda con los muchachos para entenderlos y guiarlos de una buena manera a la consecuci\u00f3n de sus metas y a conocerse a s\u00ed mismos. Por eso queremos hablarte sobre algunos retos que se presenta cuando se ejerce este puesto tan importante.<\/p>\n\n<ul class=\"wp-block-list\">\n<li>\u00a0<strong>Definir las necesidades de orientaci\u00f3n en los j\u00f3venes<\/strong><\/li>\n<\/ul>\n\n<p>\u00a0<\/p>\n\n<p>Cuando se definen las necesidades de los\u00a0estudiantes\u00a0de\u00a0secundaria\u00a0o de una persona en nivel universitario se puede apuntar hacia un objetivo realista, como tambi\u00e9n se permite desarrollar canales, contenidos y los agentes que intervendr\u00e1n en el proceso para el\u00a0aprendizaje.<\/p>\n\n<p>Hay que mencionar que es muy importante saber describir y reflexionar en los\u00a0conocimientos\u00a0y las habilidades que los j\u00f3venes pueden necesitar para manejar de forma eficaz sus carreras en el futuro. Aunque, como es de entender, todo responder\u00e1 a las\u00a0funciones del orientador escolar y los objetivos definidos en cada una de las etapas de estudio (esto quiere decir, lo que se desea que el alumno pueda lograr en cada nivel educativo, sea inicial, primaria, secundaria, bachillerato o en la universidad).<\/p>\n\n<p>\u00a0<\/p>\n\n<ul class=\"wp-block-list\">\n<li>\u00a0<strong>Adaptar la orientaci\u00f3n en cuanto a los tiempos es parte de las funciones del orientador escolar<\/strong><\/li>\n<\/ul>\n\n<p>\u00a0<\/p>\n\n<p><em>Las\u00a0funciones y las tareas del orientador escolar\u00a0pueden cambiar dependiendo del contexto acad\u00e9mico, social y laboral, los cuales se transforman de manera constante<\/em>. Esto significa que el docente orientador\u00a0tiene un gran reto ante s\u00ed, y es el de saber responder a estos factores cambiantes al momento de guiar a otro.<\/p>\n\n<p>A decir verdad, se educa a los muchachos en cuanto a los\u00a0conocimientos\u00a0de lo que es el mundo profesional hoy. Sin embargo, cuando estos lleguen a alcanzar el mercado, lo m\u00e1s probable es que el contexto sea muy distinto y se tendr\u00e1n que desarrollar en un futuro laboral completamente diferente al actual.<\/p>\n\n<p>Es por esta raz\u00f3n que el reto y las\u00a0funciones del orientador escolar\u00a0ocupan el poder tomar conciencia de dicha situaci\u00f3n y crear espacios donde se permita analizar el impacto de las nuevas formas, como tambi\u00e9n de los nuevos modelos profesionales de trabajo en un futuro cercano. De esta manera se puede ayudar a guiar c\u00f3mo se debe trasladar todo este movimiento al campo de trabajo de la\u00a0orientaci\u00f3n acad\u00e9mica.<\/p>\n\n<ul class=\"wp-block-list\">\n<li><strong>\u00a0Involucrar a la comunidad de la instituci\u00f3n en las actividades de orientaci\u00f3n<\/strong><\/li>\n<\/ul>\n\n<p>\u00a0<\/p>\n\n<p>Antes mencion\u00e1bamos que este profesional debe colaborar con sus colegas de la instituci\u00f3n y con los familiares para brindar un servicio de\u00a0tutor\u00eda\u00a0completo en cada \u00e1rea de la vida de los j\u00f3venes. Suena como algo bastante sencillo sobre el papel, aunque, a decir verdad, que se cumpla esto entre las\u00a0funciones del orientador escolar\u00a0es todo un reto.<\/p>\n\n<p>Por tal motivo es ideal que se pueda incrementar el conocimiento y el uso de las\u00a0herramientas de orientaci\u00f3n\u00a0entre todo el alumnado y los profesores, puesto que si se quiere que este proceso sea algo estrat\u00e9gico no solo debe ser responsabilidad de un departamento aislado. Por el contrario<em>, la orientaci\u00f3n tiene que ser el centro del\u00a0proyecto educativo\u00a0en cualquier centro educativo moderno y, por ende, deber\u00e1n actuar todos los participantes del mismo.<\/em><\/p>\n\n<p>\u00a0<\/p>\n\n<div class=\"wp-block-essential-blocks-button  root-eb-button-qmrdy\">\n<div class=\"eb-parent-wrapper eb-parent-eb-button-qmrdy \">\n<div class=\"eb-button-wrapper eb-button-alignment eb-button-qmrdy\">\n<div class=\"eb-button\">\n<div class=\"eb-button-inner-wrapper \"><a class=\"eb-button-anchor \" href=\"https:\/\/lasallecadiz.sallenet.org\/course\/view.php?id=1171\" rel=\"noopener\">ACCEDE AL CURSO DE ORIENTACI\u00d3N EN SALLENET<\/a><\/div>\n<\/div>\n<\/div>\n<\/div>\n<\/div>\n<\/div>\n<\/div>\n\n<div class=\"eb-tab-wrapper\" data-tab-id=\"2\" data-tab-parent-id=\"eb-advanced-tabs-xac0e\">\n<div class=\"eb-tab-inner\">\n<div class=\"wp-block-essential-blocks-button  root-eb-button-j9g1h\">\n<div class=\"eb-parent-wrapper eb-parent-eb-button-j9g1h \">\n<div class=\"eb-button-wrapper eb-button-alignment eb-button-j9g1h\">\n<div class=\"eb-button\">\n<div class=\"eb-button-inner-wrapper \"><a class=\"eb-button-anchor \" href=\"https:\/\/lasallecadiz.sallenet.org\/login\/index.php\" rel=\"noopener\">Accede al curso en Sallenet<\/a><\/div>\n<\/div>\n<\/div>\n<\/div>\n<\/div>\n<\/div>\n<\/div>\n\n<div class=\"eb-tab-wrapper\" data-tab-id=\"3\" data-tab-parent-id=\"eb-advanced-tabs-xac0e\">\n<div class=\"eb-tab-inner\">\n<div class=\"wp-block-essential-blocks-button  root-eb-button-0lgwp\">\n<div class=\"eb-parent-wrapper eb-parent-eb-button-0lgwp \">\n<div class=\"eb-button-wrapper eb-button-alignment eb-button-0lgwp\">\n<div class=\"eb-button\">\n<div class=\"eb-button-inner-wrapper \"><a href=\"https:\/\/docs.google.com\/forms\/d\/e\/1FAIpQLSfrweVuL9mEFdQLBYT2MlVJkIFb-LHnQq_oEsNiRI-f0QZYJg\/viewform\">CUESTIONARIO DE ALUMNADO NUEVO ACCESO<\/a><\/div>\n<\/div>\n<\/div>\n<\/div>\n<\/div>\n<\/div>\n<\/div>\n\n<div class=\"eb-tab-wrapper\" data-tab-id=\"4\" data-tab-parent-id=\"eb-advanced-tabs-xac0e\">\n<div class=\"eb-tab-inner\">\n<div class=\"wp-block-columns is-layout-flex wp-container-core-columns-is-layout-9d6595d7 wp-block-columns-is-layout-flex\">\n<div class=\"wp-block-column is-layout-flow wp-block-column-is-layout-flow\" style=\"flex-basis: 100%;\">\n<p class=\"has-text-align-center\"><strong>SONIA AGUZA CARRASCAL<\/strong><\/p>\n<div class=\"wp-block-image\">\n<figure class=\"aligncenter size-large is-resized\"><img fetchpriority=\"high\" decoding=\"async\" width=\"1024\" height=\"1024\" class=\"wp-image-16569\" style=\"width: 131px; height: auto;\" src=\"https:\/\/lasallecadiz.es\/vina\/wp-content\/uploads\/sites\/4\/2025\/04\/Diseno-sin-titulo-25-1024x1024.png\" alt=\"\" srcset=\"https:\/\/lasallecadiz.es\/vina\/wp-content\/uploads\/sites\/4\/2025\/04\/Diseno-sin-titulo-25-1024x1024.png 1024w, https:\/\/lasallecadiz.es\/vina\/wp-content\/uploads\/sites\/4\/2025\/04\/Diseno-sin-titulo-25-300x300.png 300w, https:\/\/lasallecadiz.es\/vina\/wp-content\/uploads\/sites\/4\/2025\/04\/Diseno-sin-titulo-25-150x150.png 150w, https:\/\/lasallecadiz.es\/vina\/wp-content\/uploads\/sites\/4\/2025\/04\/Diseno-sin-titulo-25-768x768.png 768w, https:\/\/lasallecadiz.es\/vina\/wp-content\/uploads\/sites\/4\/2025\/04\/Diseno-sin-titulo-25-600x600.png 600w, https:\/\/lasallecadiz.es\/vina\/wp-content\/uploads\/sites\/4\/2025\/04\/Diseno-sin-titulo-25.png 1080w\" sizes=\"(max-width: 1024px) 100vw, 1024px\" \/><\/figure>\n<\/div>\n<p class=\"has-text-align-center\">orientacionvina@lasallecadiz.es<\/p>\n\n<p class=\"has-text-align-center\">956-212-065<\/p>\n<\/div>\n<\/div>\n\n<p>\u00a0<\/p>\n\n<p>\u00a0<\/p>\n<\/div>\n<\/div>\n<\/div>\n<\/div>\n<\/div>\n<\/div>\n\n<p>\u00a0<\/p>\n\t\t\t\t\t\t\t\t<\/div>\n\t\t\t\t<\/div>\n\t\t\t\t\t<\/div>\n\t\t\t\t<\/div>\n\t\t\t\t<\/div>\n\t\t","protected":false},"excerpt":{"rendered":"<p>\u00a0<\/p>\n","protected":false},"author":123482,"featured_media":0,"parent":0,"menu_order":0,"comment_status":"closed","ping_status":"closed","template":"","meta":{"_eb_attr":"","footnotes":""},"class_list":["post-7188","page","type-page","status-publish"],"_links":{"self":[{"href":"https:\/\/lasallecadiz.es\/vina\/wp-json\/wp\/v2\/pages\/7188","targetHints":{"allow":["GET"]}}],"collection":[{"href":"https:\/\/lasallecadiz.es\/vina\/wp-json\/wp\/v2\/pages"}],"about":[{"href":"https:\/\/lasallecadiz.es\/vina\/wp-json\/wp\/v2\/types\/page"}],"author":[{"embeddable":true,"href":"https:\/\/lasallecadiz.es\/vina\/wp-json\/wp\/v2\/users\/123482"}],"replies":[{"embeddable":true,"href":"https:\/\/lasallecadiz.es\/vina\/wp-json\/wp\/v2\/comments?post=7188"}],"version-history":[{"count":13,"href":"https:\/\/lasallecadiz.es\/vina\/wp-json\/wp\/v2\/pages\/7188\/revisions"}],"predecessor-version":[{"id":16984,"href":"https:\/\/lasallecadiz.es\/vina\/wp-json\/wp\/v2\/pages\/7188\/revisions\/16984"}],"wp:attachment":[{"href":"https:\/\/lasallecadiz.es\/vina\/wp-json\/wp\/v2\/media?parent=7188"}],"curies":[{"name":"wp","href":"https:\/\/api.w.org\/{rel}","templated":true}]}}