{"id":732,"date":"2025-03-25T12:52:25","date_gmt":"2025-03-25T12:52:25","guid":{"rendered":"https:\/\/lasallecadiz.es\/prueba1\/?page_id=732"},"modified":"2026-01-22T08:34:33","modified_gmt":"2026-01-22T08:34:33","slug":"propuesta-de-titulos-bachillerato","status":"publish","type":"page","link":"https:\/\/lasallecadiz.es\/vina\/propuesta-de-titulos-bachillerato\/","title":{"rendered":"Propuesta de T\u00edtulos: Bachillerato"},"content":{"rendered":"<div id=\"post-138\" class=\"post-138 page type-page status-publish hentry\">\n<h2 class=\"entry-title\" style=\"text-align: center;\">T\u00edtulos de Bachillerato<\/h2>\n<p style=\"text-align: center;\"><img fetchpriority=\"high\" decoding=\"async\" class=\"aligncenter wp-image-788\" src=\"https:\/\/lasallecadiz.es\/prueba1\/wp-content\/uploads\/sites\/4\/2017\/02\/graduacion.jpg\" alt=\"\" width=\"512\" height=\"256\" srcset=\"https:\/\/lasallecadiz.es\/vina\/wp-content\/uploads\/sites\/4\/2017\/02\/graduacion.jpg 660w, https:\/\/lasallecadiz.es\/vina\/wp-content\/uploads\/sites\/4\/2017\/02\/graduacion-300x150.jpg 300w\" sizes=\"(max-width: 512px) 100vw, 512px\" \/><\/p>\n<div class=\"entry-content\">\n<p style=\"text-align: left;\">Para solicitar tu t\u00edtulo de <strong>Bachillerato\u00a0<\/strong>(<strong>L.O.G.S.E.<\/strong>\u00a0,\u00a0<strong>L.O.E. o L.O.M.C.E.<\/strong>)<b> <\/b>deber\u00e1s entregarnos la siguiente documentaci\u00f3n:<\/p>\n<ol style=\"text-align: left;\">\n<li>Solicitud de t\u00edtulo rellena.<\/li>\n<li><strong>Tres<\/strong> <strong>fotocopias<\/strong> del DNI (ambas caras en el mismo folio y sin cortar el folio).<\/li>\n<li><strong>Tres fotocopias<\/strong> de familia numerosa y\/o minusval\u00eda del alumno\/a compulsada o firmadas digitalmente por el organismo competente.<\/li>\n<li><strong>Original + dos copias del <span style=\"color: #008000;\">ejemplar para la administraci\u00f3n<\/span><\/strong> &#8211; Tasa 046 pagada.<\/li>\n<\/ol>\n<p style=\"text-align: left;\">A trav\u00e9s de esta p\u00e1gina podr\u00e1s realizar todos los tr\u00e1mites previos. S\u00f3lo te quedar\u00e1 hacernos llegar la documentaci\u00f3n personalmente<strong> al buz\u00f3n del colegio en un sobre indicando:<\/strong><\/p>\n<ul>\n<li style=\"text-align: left;\"><strong>Nombre del alumno<\/strong><\/li>\n<li style=\"text-align: left;\"><strong>Asunto \u00abT\u00edtulo de Bachillerato\u00bb<\/strong><\/li>\n<\/ul>\n<p style=\"text-align: left;\">O a trav\u00e9s de <strong>correo postal<\/strong> (Certificado).<\/p>\n<p style=\"text-align: left;\">Aqu\u00ed te detallamos todos los pasos:<\/p>\n<hr \/>\n<h4 style=\"text-align: left;\"><img decoding=\"async\" class=\"size-full wp-image-571 alignleft\" src=\"https:\/\/lasallecadiz.es\/prueba1\/wp-content\/uploads\/sites\/4\/2017\/01\/icono-salle.png\" alt=\"\" width=\"18\" height=\"20\" \/><\/h4>\n<h4 style=\"text-align: left;\">Solicitud del t\u00edtulo:<\/h4>\n<p style=\"text-align: left;\">1. \u00a0Desc\u00e1rgate la solicitud correspondiente a tu t\u00edtulo \u00a0documento en PDF:<\/p>\n<ul style=\"text-align: left;\">\n<li><a href=\"https:\/\/lasallecadiz.es\/prueba1\/wp-content\/uploads\/sites\/4\/2017\/02\/Solicitudtitulo.pdf\">Solicitud T\u00edtulo de Bachillerato.<\/a><\/li>\n<\/ul>\n<p style=\"text-align: left;\">Rell\u00e9nala y no olvides <strong>firmarla<\/strong>.<\/p>\n<hr \/>\n<h4 style=\"text-align: left;\"><img decoding=\"async\" class=\"size-full wp-image-571 alignleft\" src=\"https:\/\/lasallecadiz.es\/prueba1\/wp-content\/uploads\/sites\/4\/2017\/01\/icono-salle.png\" alt=\"\" width=\"18\" height=\"20\" \/>Precios de los t\u00edtulos y bonificaciones (2022):<\/h4>\n<p style=\"text-align: left;\">Precio de los t\u00edtulos de Bachillerato para el a\u00f1o 2024:<\/p>\n<ul style=\"text-align: left;\">\n<li>T\u00edtulo de Bachillerato: <strong>56,07 \u20ac<\/strong>.<\/li>\n<\/ul>\n<p style=\"text-align: left;\">Existen <strong>bonificaciones y exenciones<\/strong> a estos precios. <a href=\"https:\/\/drive.google.com\/file\/d\/0B_BE-oRBPTNWc084R0dRM215RVE\/view?usp=sharing\" target=\"_blank\" rel=\"noopener noreferrer\">Consulta todas las bonificaciones aqu\u00ed.<\/a><\/p>\n<p style=\"text-align: left;\">La bonificaci\u00f3n m\u00e1s com\u00fan es por pertenecer a <strong>Familia Numerosa de Categor\u00eda General<\/strong>. Se abona el <strong>50%<\/strong>:<\/p>\n<ul style=\"text-align: left;\">\n<li>T\u00edtulo de Bachillerato (FN General): <strong>28,03 \u20ac<\/strong>.<\/li>\n<\/ul>\n<p style=\"text-align: left;\">Las <strong>Familias Numerosas de Categor\u00eda Especial<\/strong> tienen una bonificaci\u00f3n del <strong>100%<\/strong>, no tienen que pagar nada.<\/p>\n<p style=\"text-align: left;\">Si tienes derecho a bonificaci\u00f3n, tienes que aportar la documentaci\u00f3n que lo acredita (normalmente, t\u00edtulo de Familia Numerosa). \u00a1<strong>Importante que est\u00e9 en vigor<\/strong>, que no haya caducado!<\/p>\n<hr \/>\n<h4 style=\"text-align: left;\"><img decoding=\"async\" class=\"size-full wp-image-571 alignleft\" src=\"https:\/\/lasallecadiz.es\/prueba1\/wp-content\/uploads\/sites\/4\/2017\/01\/icono-salle.png\" alt=\"\" width=\"18\" height=\"20\" \/>Pago de las tasas \u2013 Modelo 046:<\/h4>\n<p style=\"text-align: left;\">En el siguiente enlace, puedes rellenar e imprimir el documento para el abono de las tasas. Si tienes <strong>Certificado Digital<\/strong>, tambi\u00e9n podr\u00e1s pagarlo telem\u00e1ticamente.<\/p>\n<p style=\"text-align: left;\"><a href=\"http:\/\/www.juntadeandalucia.es\/economiayhacienda\/apl\/surweb\/modelos\/modelo046\/046.jsp\" target=\"_blank\" rel=\"noopener noreferrer\">Modelo 046 \u2013 Tasas para solicitud de t\u00edtulo.<\/a><\/p>\n<p style=\"text-align: left;\">Para rellenarlo s\u00f3lo tienes que cumplimentar <strong>2 apartados<\/strong>. Te aconsejamos usar el <strong>Tabulador<\/strong> para pasar de un campo al siguiente. As\u00ed se cargar\u00e1n mejor los campos desplegables.<\/p>\n<p style=\"text-align: left;\"><strong>1. Obligado al Pago<\/strong>:<br \/>\n\u00c9se eres t\u00fa. Cumplimenta todos tus datos.<\/p>\n<p style=\"text-align: left;\"><img decoding=\"async\" class=\"aligncenter size-full wp-image-774\" src=\"https:\/\/lasallecadiz.es\/prueba1\/wp-content\/uploads\/sites\/4\/2017\/02\/046-Obligado-al-Pago-1.jpg\" alt=\"\" width=\"740\" height=\"423\" srcset=\"https:\/\/lasallecadiz.es\/vina\/wp-content\/uploads\/sites\/4\/2017\/02\/046-Obligado-al-Pago-1.jpg 740w, https:\/\/lasallecadiz.es\/vina\/wp-content\/uploads\/sites\/4\/2017\/02\/046-Obligado-al-Pago-1-300x171.jpg 300w\" sizes=\"(max-width: 740px) 100vw, 740px\" \/><\/p>\n<p style=\"text-align: left;\"><strong>2. Datos Generales:<\/strong><\/p>\n<p style=\"text-align: left;\"><img loading=\"lazy\" decoding=\"async\" class=\"aligncenter wp-image-775 size-full\" src=\"https:\/\/lasallecadiz.es\/prueba1\/wp-content\/uploads\/sites\/4\/2017\/02\/046-datos-generales-recortado.jpg\" width=\"1083\" height=\"276\" srcset=\"https:\/\/lasallecadiz.es\/vina\/wp-content\/uploads\/sites\/4\/2017\/02\/046-datos-generales-recortado.jpg 1083w, https:\/\/lasallecadiz.es\/vina\/wp-content\/uploads\/sites\/4\/2017\/02\/046-datos-generales-recortado-300x76.jpg 300w, https:\/\/lasallecadiz.es\/vina\/wp-content\/uploads\/sites\/4\/2017\/02\/046-datos-generales-recortado-768x196.jpg 768w, https:\/\/lasallecadiz.es\/vina\/wp-content\/uploads\/sites\/4\/2017\/02\/046-datos-generales-recortado-1024x261.jpg 1024w\" sizes=\"(max-width: 1083px) 100vw, 1083px\" \/><\/p>\n<ul style=\"text-align: left;\">\n<li>Marca \u201c<strong>Autoliquidaci\u00f3n<\/strong>\u201c.<\/li>\n<li>En el siguiente cuadro de texto, escribe: \u201c<strong>Expedici\u00f3n T\u00edtulo de Bachillerato\u00a0<\/strong>y su modalidad correspondiente.<\/li>\n<li><strong>Fecha de devengo<\/strong>: pon la fecha actual, la del d\u00eda que lo rellenes.<\/li>\n<li><strong>Precio<\/strong>: pon el precio correspondiente. Usa la coma (<strong>,<\/strong>) como separador decimal. Procura no equivocarte, arreglarlo despu\u00e9s de pagarlo es complicado.<\/li>\n<li><strong>C\u00f3digo Territorial<\/strong>: Escribe <strong>ED1179<\/strong>, dale al <strong>Tabulador<\/strong> y en Denominaci\u00f3n debe aparecer: \u201c<strong>I.E.S. Cornelio Balbo<\/strong>\u201c.<\/li>\n<li><strong>Concepto de pago<\/strong>: Escribe <strong>0026<\/strong>, dale al <strong>Tabulador<\/strong> y en Denominaci\u00f3n debe aparecer: <strong>\u201cPor Servicios Acad\u00e9micos\u00bb.<\/strong><\/li>\n<li>Una vez relleno, pulsa el bot\u00f3n <strong>VALIDAR<\/strong> (arriba a la derecha).<\/li>\n<\/ul>\n<p style=\"text-align: left;\"><img loading=\"lazy\" decoding=\"async\" class=\"aligncenter size-full wp-image-776\" src=\"https:\/\/lasallecadiz.es\/prueba1\/wp-content\/uploads\/sites\/4\/2017\/02\/046-validar-se\u00f1alado.jpg\" alt=\"\" width=\"774\" height=\"162\" srcset=\"https:\/\/lasallecadiz.es\/vina\/wp-content\/uploads\/sites\/4\/2017\/02\/046-validar-se\u00f1alado.jpg 774w, https:\/\/lasallecadiz.es\/vina\/wp-content\/uploads\/sites\/4\/2017\/02\/046-validar-se\u00f1alado-300x63.jpg 300w, https:\/\/lasallecadiz.es\/vina\/wp-content\/uploads\/sites\/4\/2017\/02\/046-validar-se\u00f1alado-768x161.jpg 768w\" sizes=\"(max-width: 774px) 100vw, 774px\" \/><\/p>\n<p style=\"text-align: left;\">S\u00f3lo te queda darle al bot\u00f3n \u201c<strong>Imprimir<\/strong>\u201c, FIRMARLO y pagarlo en cualquier banco de esta <a href=\"http:\/\/www.juntadeandalucia.es\/agenciatributariadeandalucia\/ov\/marcos\/entidades_credito_y_ahorro.htm\" target=\"_blank\" rel=\"noopener noreferrer\">lista de entidades colaboradoras<\/a>. Est\u00e1n los bancos m\u00e1s comunes.<\/p>\n<p style=\"text-align: left;\"><img loading=\"lazy\" decoding=\"async\" class=\"aligncenter size-full wp-image-777\" src=\"https:\/\/lasallecadiz.es\/prueba1\/wp-content\/uploads\/sites\/4\/2017\/02\/046-resultado-liquidacion-recortado.jpg\" alt=\"\" width=\"817\" height=\"195\" srcset=\"https:\/\/lasallecadiz.es\/vina\/wp-content\/uploads\/sites\/4\/2017\/02\/046-resultado-liquidacion-recortado.jpg 817w, https:\/\/lasallecadiz.es\/vina\/wp-content\/uploads\/sites\/4\/2017\/02\/046-resultado-liquidacion-recortado-300x72.jpg 300w, https:\/\/lasallecadiz.es\/vina\/wp-content\/uploads\/sites\/4\/2017\/02\/046-resultado-liquidacion-recortado-768x183.jpg 768w\" sizes=\"(max-width: 817px) 100vw, 817px\" \/><\/p>\n<p style=\"text-align: left;\">Si tienes <strong>Certificado Digital<\/strong>, usa la opci\u00f3n \u201c<strong>Pago Telem\u00e1tico<\/strong>\u201c.<\/p>\n<hr \/>\n<h4 style=\"text-align: left;\"><img decoding=\"async\" class=\"size-full wp-image-571 alignleft\" src=\"https:\/\/lasallecadiz.es\/prueba1\/wp-content\/uploads\/sites\/4\/2017\/01\/icono-salle.png\" alt=\"\" width=\"18\" height=\"20\" \/>\u00a0Presentaci\u00f3n de la documentaci\u00f3n:<\/h4>\n<p><u>DOCUMENTACI\u00d3N A APORTAR EN LA SECRETAR\u00cdA DEL CENTRO HASTA EL 30 DE JUNIO en el buz\u00f3n de la entrada: Depositar toda la documentaci\u00f3n que se especifica en un sobre tama\u00f1o cuartilla indicando:<\/u><\/p>\n<ul>\n<li style=\"text-align: left;\"><strong>Nombre del alumno<\/strong><\/li>\n<li style=\"text-align: left;\"><strong>Asunto \u00abT\u00edtulo de Bachillerato\u00bb<\/strong><\/li>\n<\/ul>\n<p style=\"text-align: left;\">O a trav\u00e9s de <strong>correo postal<\/strong> (Certificado).<\/p>\n<p style=\"text-align: center;\"><strong>Documentaci\u00f3n que requiere el tr\u00e1mite:<\/strong><\/p>\n<ol style=\"text-align: left;\">\n<li>Solicitud de t\u00edtulo rellena.<\/li>\n<li><strong>Tres<\/strong> <strong>fotocopias<\/strong> del DNI (ambas caras en el mismo folio y sin cortar el folio).<\/li>\n<li><strong>Tres fotocopias<\/strong> de familia numerosa y\/o minusval\u00eda del alumno\/a compulsada o firmadas digitalmente por el organismo competente.<\/li>\n<li><strong>Original + dos copias del <span style=\"color: #008000;\">ejemplar para la administraci\u00f3n<\/span><\/strong> &#8211; Tasa 046 pagada.<\/li>\n<\/ol>\n<hr \/>\n<h4 style=\"text-align: left;\"><img decoding=\"async\" class=\"size-full wp-image-571 alignleft\" src=\"https:\/\/lasallecadiz.es\/prueba1\/wp-content\/uploads\/sites\/4\/2017\/01\/icono-salle.png\" alt=\"\" width=\"18\" height=\"20\" \/><\/h4>\n<h4 style=\"text-align: left;\">Notificaci\u00f3n de recepci\u00f3n del t\u00edtulo:<\/h4>\n<p style=\"text-align: left;\">Desde la p\u00e1gina web del \u00a0I.E.S. Cornelio Balbo notifican la recepci\u00f3n de los t\u00edtulos, pulsa <a href=\"http:\/\/www.iescorneliobalbo.com\/index.php?option=com_content&amp;view=category&amp;layout=blog&amp;id=281&amp;Itemid=340\">aqu\u00ed<\/a> para ir directamente y comprobar si ya est\u00e1 o no disponible en la secretar\u00eda del centro.<\/p>\n<hr \/>\n<p style=\"text-align: left;\">Y cualquier duda, no ten\u00e9is m\u00e1s que consultarnos <img decoding=\"async\" class=\"wp-smiley\" src=\"http:\/\/www.iesmarenostrum.org\/secretaria\/wp-includes\/images\/smilies\/simple-smile.png\" alt=\":-)\" \/><\/p>\n<h4 style=\"text-align: left;\"><img decoding=\"async\" class=\"size-full wp-image-571 alignleft\" src=\"https:\/\/lasallecadiz.es\/prueba1\/wp-content\/uploads\/sites\/4\/2017\/01\/icono-salle.png\" alt=\"\" width=\"18\" height=\"20\" \/><\/h4>\n<h3 style=\"text-align: left;\"><strong>Aviso sobre informaci\u00f3n administrativa<\/strong><\/h3>\n<div style=\"text-align: left;\"><em>La informaci\u00f3n administrativa que se suministra por este medio tiene car\u00e1cter exclusivamente ilustrativo y no originar\u00e1 derechos ni expectativas de derecho ni podr\u00e1 lesionar directa o indirectamente derechos o intereses de los solicitantes, de los interesados, de terceras personas o de la Administraci\u00f3n [Decreto 204\/1995, de 29 de agosto, por el que se establecen medidas organizativas para los servicios administrativos de atenci\u00f3n directa a los ciudadanos; y Decreto 183\/2003, de 24 de junio, por el que se regula la informaci\u00f3n y atenci\u00f3n al ciudadano y la tramitaci\u00f3n de procedimientos administrativos por medios electr\u00f3nicos (Internet)]. No nos hacemos responsables de un posible error u omisi\u00f3n en la informaci\u00f3n suministrada. S\u00f3lo el texto de las disposiciones legales que se publiquen en el Bolet\u00edn Oficial de la Junta de Andaluc\u00eda y tablones de anuncios de las dependencias administrativas tendr\u00e1n la consideraci\u00f3n de aut\u00e9ntico.<\/em><\/div>\n<\/div>\n<\/div>\n","protected":false},"excerpt":{"rendered":"<p>T\u00edtulos de Bachillerato Para solicitar tu t\u00edtulo de Bachillerato\u00a0(L.O.G.S.E.\u00a0,\u00a0L.O.E. o L.O.M.C.E.) deber\u00e1s entregarnos la siguiente documentaci\u00f3n: Solicitud de t\u00edtulo rellena. Tres fotocopias del DNI (ambas caras en el mismo folio y sin cortar el folio). Tres fotocopias de familia numerosa y\/o minusval\u00eda del alumno\/a compulsada o firmadas digitalmente por el organismo competente. Original + dos &#8230; <a title=\"Propuesta de T\u00edtulos: Bachillerato\" class=\"read-more\" href=\"https:\/\/lasallecadiz.es\/vina\/propuesta-de-titulos-bachillerato\/\" aria-label=\"Leer m\u00e1s sobre Propuesta de T\u00edtulos: Bachillerato\">Leer m\u00e1s<\/a><\/p>\n","protected":false},"author":123482,"featured_media":0,"parent":0,"menu_order":0,"comment_status":"closed","ping_status":"closed","template":"","meta":{"_eb_attr":"","footnotes":""},"class_list":["post-732","page","type-page","status-publish"],"_links":{"self":[{"href":"https:\/\/lasallecadiz.es\/vina\/wp-json\/wp\/v2\/pages\/732","targetHints":{"allow":["GET"]}}],"collection":[{"href":"https:\/\/lasallecadiz.es\/vina\/wp-json\/wp\/v2\/pages"}],"about":[{"href":"https:\/\/lasallecadiz.es\/vina\/wp-json\/wp\/v2\/types\/page"}],"author":[{"embeddable":true,"href":"https:\/\/lasallecadiz.es\/vina\/wp-json\/wp\/v2\/users\/123482"}],"replies":[{"embeddable":true,"href":"https:\/\/lasallecadiz.es\/vina\/wp-json\/wp\/v2\/comments?post=732"}],"version-history":[{"count":5,"href":"https:\/\/lasallecadiz.es\/vina\/wp-json\/wp\/v2\/pages\/732\/revisions"}],"predecessor-version":[{"id":11459,"href":"https:\/\/lasallecadiz.es\/vina\/wp-json\/wp\/v2\/pages\/732\/revisions\/11459"}],"wp:attachment":[{"href":"https:\/\/lasallecadiz.es\/vina\/wp-json\/wp\/v2\/media?parent=732"}],"curies":[{"name":"wp","href":"https:\/\/api.w.org\/{rel}","templated":true}]}}