{"id":8716,"date":"2025-03-25T12:52:37","date_gmt":"2025-03-25T12:52:37","guid":{"rendered":"https:\/\/lasallecadiz.es\/prueba1\/?page_id=8716"},"modified":"2026-01-22T08:34:32","modified_gmt":"2026-01-22T08:34:32","slug":"quien-puede-solicitarla-beca-6000","status":"publish","type":"page","link":"https:\/\/lasallecadiz.es\/vina\/quien-puede-solicitarla-beca-6000\/","title":{"rendered":"\u00bfQui\u00e9n puede solicitarla? \u2013 Beca 6000"},"content":{"rendered":"\n<p>Esta Beca est\u00e1 dirigida para el alumnado perteneciente a familias con rentas modestas que termina la ense\u00f1anza obligatoria, con objeto de que pueda continuar sus estudios de bachillerato o formaci\u00f3n profesional de grado medio, compensando la ausencia de ingresos por no estar realizando ninguna actividad laboral.<\/p>\n\n\n\n<p>Por tanto s\u00f3lo el alumnado que se encuentre matriculado en las etapas abajo definidas podr\u00e1n obtener la beca tanto si est\u00e1n matriculado en el primer o segundo curso: <\/p>\n\n\n\n<div class=\"wp-block-columns is-layout-flex wp-container-core-columns-is-layout-9d6595d7 wp-block-columns-is-layout-flex\">\n<div class=\"wp-block-column is-layout-flow wp-block-column-is-layout-flow\">\n<div class=\"wp-block-image\"><figure class=\"aligncenter size-medium\"><img fetchpriority=\"high\" decoding=\"async\" width=\"300\" height=\"300\" src=\"https:\/\/lasallecadiz.es\/prueba1\/wp-content\/uploads\/sites\/4\/2021\/09\/Bachilleratos-300x300.png\" alt=\"\" class=\"wp-image-8374\" srcset=\"https:\/\/lasallecadiz.es\/vina\/wp-content\/uploads\/sites\/4\/2021\/09\/Bachilleratos-300x300.png 300w, https:\/\/lasallecadiz.es\/vina\/wp-content\/uploads\/sites\/4\/2021\/09\/Bachilleratos-150x150.png 150w, https:\/\/lasallecadiz.es\/vina\/wp-content\/uploads\/sites\/4\/2021\/09\/Bachilleratos.png 500w\" sizes=\"(max-width: 300px) 100vw, 300px\" \/><\/figure><\/div>\n<\/div>\n\n\n\n<div class=\"wp-block-column is-layout-flow wp-block-column-is-layout-flow\"><\/div>\n\n\n\n<div class=\"wp-block-column is-layout-flow wp-block-column-is-layout-flow\">\n<div class=\"wp-block-image\"><figure class=\"aligncenter size-medium\"><img decoding=\"async\" width=\"300\" height=\"300\" src=\"https:\/\/lasallecadiz.es\/prueba1\/wp-content\/uploads\/sites\/4\/2021\/12\/Botones-Web-1-300x300.png\" alt=\"\" class=\"wp-image-8718\" srcset=\"https:\/\/lasallecadiz.es\/vina\/wp-content\/uploads\/sites\/4\/2021\/12\/Botones-Web-1-300x300.png 300w, https:\/\/lasallecadiz.es\/vina\/wp-content\/uploads\/sites\/4\/2021\/12\/Botones-Web-1-150x150.png 150w, https:\/\/lasallecadiz.es\/vina\/wp-content\/uploads\/sites\/4\/2021\/12\/Botones-Web-1.png 500w\" sizes=\"(max-width: 300px) 100vw, 300px\" \/><\/figure><\/div>\n<\/div>\n<\/div>\n\n\n\n<div class=\"wp-block-columns is-layout-flex wp-container-core-columns-is-layout-9d6595d7 wp-block-columns-is-layout-flex\">\n<div class=\"wp-block-column is-layout-flow wp-block-column-is-layout-flow\"><\/div>\n\n\n\n<div class=\"wp-block-column is-layout-flow wp-block-column-is-layout-flow\"><\/div>\n\n\n\n<div class=\"wp-block-column is-layout-flow wp-block-column-is-layout-flow\">\n<div class=\"wp-block-columns is-layout-flex wp-container-core-columns-is-layout-9d6595d7 wp-block-columns-is-layout-flex\">\n<div class=\"wp-block-column is-layout-flow wp-block-column-is-layout-flow\"><\/div>\n\n\n\n<div class=\"wp-block-column is-layout-flow wp-block-column-is-layout-flow\"><\/div>\n\n\n\n<div class=\"wp-block-column is-layout-flow wp-block-column-is-layout-flow\">\n<figure class=\"wp-block-image size-thumbnail\"><a href=\"https:\/\/lasallecadiz.es\/prueba1\/beca-6000\/\"><img decoding=\"async\" width=\"150\" height=\"150\" src=\"https:\/\/lasallecadiz.es\/prueba1\/wp-content\/uploads\/sites\/4\/2021\/09\/Botones-Web-4-150x150.png\" alt=\"\" class=\"wp-image-8379\" srcset=\"https:\/\/lasallecadiz.es\/vina\/wp-content\/uploads\/sites\/4\/2021\/09\/Botones-Web-4-150x150.png 150w, https:\/\/lasallecadiz.es\/vina\/wp-content\/uploads\/sites\/4\/2021\/09\/Botones-Web-4-300x300.png 300w, https:\/\/lasallecadiz.es\/vina\/wp-content\/uploads\/sites\/4\/2021\/09\/Botones-Web-4.png 500w\" sizes=\"(max-width: 150px) 100vw, 150px\" \/><\/a><\/figure>\n<\/div>\n<\/div>\n<\/div>\n<\/div>\n\n\n\n<p><\/p>\n","protected":false},"excerpt":{"rendered":"<p>Esta Beca est\u00e1 dirigida para el alumnado perteneciente a familias con rentas modestas que termina la ense\u00f1anza obligatoria, con objeto de que pueda continuar sus estudios de bachillerato o formaci\u00f3n profesional de grado medio, compensando la ausencia de ingresos por no estar realizando ninguna actividad laboral. Por tanto s\u00f3lo el alumnado que se encuentre matriculado &#8230; <a title=\"\u00bfQui\u00e9n puede solicitarla? \u2013 Beca 6000\" class=\"read-more\" href=\"https:\/\/lasallecadiz.es\/vina\/quien-puede-solicitarla-beca-6000\/\" aria-label=\"Leer m\u00e1s sobre \u00bfQui\u00e9n puede solicitarla? \u2013 Beca 6000\">Leer m\u00e1s<\/a><\/p>\n","protected":false},"author":123482,"featured_media":0,"parent":0,"menu_order":0,"comment_status":"closed","ping_status":"closed","template":"","meta":{"_eb_attr":"","footnotes":""},"class_list":["post-8716","page","type-page","status-publish"],"_links":{"self":[{"href":"https:\/\/lasallecadiz.es\/vina\/wp-json\/wp\/v2\/pages\/8716","targetHints":{"allow":["GET"]}}],"collection":[{"href":"https:\/\/lasallecadiz.es\/vina\/wp-json\/wp\/v2\/pages"}],"about":[{"href":"https:\/\/lasallecadiz.es\/vina\/wp-json\/wp\/v2\/types\/page"}],"author":[{"embeddable":true,"href":"https:\/\/lasallecadiz.es\/vina\/wp-json\/wp\/v2\/users\/123482"}],"replies":[{"embeddable":true,"href":"https:\/\/lasallecadiz.es\/vina\/wp-json\/wp\/v2\/comments?post=8716"}],"version-history":[{"count":2,"href":"https:\/\/lasallecadiz.es\/vina\/wp-json\/wp\/v2\/pages\/8716\/revisions"}],"predecessor-version":[{"id":8721,"href":"https:\/\/lasallecadiz.es\/vina\/wp-json\/wp\/v2\/pages\/8716\/revisions\/8721"}],"wp:attachment":[{"href":"https:\/\/lasallecadiz.es\/vina\/wp-json\/wp\/v2\/media?parent=8716"}],"curies":[{"name":"wp","href":"https:\/\/api.w.org\/{rel}","templated":true}]}}