{"id":8857,"date":"2025-03-25T12:52:37","date_gmt":"2025-03-25T12:52:37","guid":{"rendered":"https:\/\/lasallecadiz.es\/prueba1\/?page_id=8857"},"modified":"2026-01-22T08:34:32","modified_gmt":"2026-01-22T08:34:32","slug":"quien-puede-solicitarla-beca-adriano","status":"publish","type":"page","link":"https:\/\/lasallecadiz.es\/vina\/quien-puede-solicitarla-beca-adriano\/","title":{"rendered":"\u00bfQui\u00e9n puede solicitarla? \u2013 Beca Adriano"},"content":{"rendered":"\n<p>Es una beca que persigue facilitar la permanencia en el sistema educativo y atender las necesidades del alumnado que cumpliendo los requisitos econ\u00f3micos de la convocatoria de becas de car\u00e1cter general del Ministerio competentes en materia de educaci\u00f3n no supera los acad\u00e9micos. La Beca Adriano se encuentra dirigida al alumnado que curse en modalidad presencial&nbsp;<strong>segundo curso o superior<\/strong>&nbsp;en algunas de las siguientes ense\u00f1anzas oficiales en centros docentes no universitarios de Andaluc\u00eda:<\/p>\n\n\n\n<p>Por tanto s\u00f3lo el alumnado que se encuentre matriculado en las etapas abajo definidas podr\u00e1n obtener la beca si est\u00e1n matriculados en el  segundo curso:<\/p>\n\n\n\n<ul class=\"wp-block-list\"><li><strong>Bachillerato<\/strong> (que no repita, matriculado en curso completo y que haya suspendido exactamente DOS asignaturas en primero).<\/li><li><strong>CFGM <\/strong>(que no repita, matriculado en curso completo y haber superado entre el 80 y el 84,99% de las horas del curso anterior).<\/li><li><strong>CFGS<\/strong>\u00a0 (que no repita, matriculado en curso completo y haber superado entre el 80 y el 84,99% de las horas del curso anterior).<\/li><li><strong>Ense\u00f1anzas art\u00edsticas profesionales<\/strong> (que no repita, matriculado en curso completo y que haya suspendido exactamente DOS asignaturas en el curso anterior).<\/li><li><strong>Ense\u00f1anzas deportivas <\/strong>(que no repita, matriculado en curso completo y haber superado entre el 80 y el 84,99% de las horas del curso anterior).<\/li><li><strong>Ense\u00f1anzas art\u00edsticas superiores<\/strong> (estar matriculado de al menos 60 cr\u00e9ditos y haber aprobado entre el 80 y el 89,99% de los cr\u00e9ditos del curso anterior).<\/li><\/ul>\n\n\n\n<div class=\"wp-block-columns is-layout-flex wp-container-core-columns-is-layout-9d6595d7 wp-block-columns-is-layout-flex\">\n<div class=\"wp-block-column is-layout-flow wp-block-column-is-layout-flow\">\n<div class=\"wp-block-image\"><figure class=\"aligncenter size-medium\"><img fetchpriority=\"high\" decoding=\"async\" width=\"300\" height=\"300\" src=\"https:\/\/lasallecadiz.es\/prueba1\/wp-content\/uploads\/sites\/4\/2021\/09\/Bachilleratos-300x300.png\" alt=\"\" class=\"wp-image-8374\" srcset=\"https:\/\/lasallecadiz.es\/vina\/wp-content\/uploads\/sites\/4\/2021\/09\/Bachilleratos-300x300.png 300w, https:\/\/lasallecadiz.es\/vina\/wp-content\/uploads\/sites\/4\/2021\/09\/Bachilleratos-150x150.png 150w, https:\/\/lasallecadiz.es\/vina\/wp-content\/uploads\/sites\/4\/2021\/09\/Bachilleratos.png 500w\" sizes=\"(max-width: 300px) 100vw, 300px\" \/><\/figure><\/div>\n<\/div>\n\n\n\n<div class=\"wp-block-column is-layout-flow wp-block-column-is-layout-flow\">\n<div class=\"wp-block-image\"><figure class=\"aligncenter size-medium\"><img decoding=\"async\" width=\"300\" height=\"300\" src=\"https:\/\/lasallecadiz.es\/prueba1\/wp-content\/uploads\/sites\/4\/2021\/12\/2-2-300x300.png\" alt=\"\" class=\"wp-image-8885\" srcset=\"https:\/\/lasallecadiz.es\/vina\/wp-content\/uploads\/sites\/4\/2021\/12\/2-2-300x300.png 300w, https:\/\/lasallecadiz.es\/vina\/wp-content\/uploads\/sites\/4\/2021\/12\/2-2-150x150.png 150w, https:\/\/lasallecadiz.es\/vina\/wp-content\/uploads\/sites\/4\/2021\/12\/2-2.png 500w\" sizes=\"(max-width: 300px) 100vw, 300px\" \/><\/figure><\/div>\n<\/div>\n\n\n\n<div class=\"wp-block-column is-layout-flow wp-block-column-is-layout-flow\">\n<div class=\"wp-block-image\"><figure class=\"aligncenter size-medium\"><img decoding=\"async\" width=\"300\" height=\"300\" src=\"https:\/\/lasallecadiz.es\/prueba1\/wp-content\/uploads\/sites\/4\/2021\/12\/4-300x300.png\" alt=\"\" class=\"wp-image-8886\" srcset=\"https:\/\/lasallecadiz.es\/vina\/wp-content\/uploads\/sites\/4\/2021\/12\/4-300x300.png 300w, https:\/\/lasallecadiz.es\/vina\/wp-content\/uploads\/sites\/4\/2021\/12\/4-150x150.png 150w, https:\/\/lasallecadiz.es\/vina\/wp-content\/uploads\/sites\/4\/2021\/12\/4.png 500w\" sizes=\"(max-width: 300px) 100vw, 300px\" \/><\/figure><\/div>\n<\/div>\n<\/div>\n\n\n\n<div class=\"wp-block-columns is-layout-flex wp-container-core-columns-is-layout-9d6595d7 wp-block-columns-is-layout-flex\">\n<div class=\"wp-block-column is-layout-flow wp-block-column-is-layout-flow\"><\/div>\n\n\n\n<div class=\"wp-block-column is-layout-flow wp-block-column-is-layout-flow\">\n<div class=\"wp-block-image\"><figure class=\"aligncenter size-medium\"><img loading=\"lazy\" decoding=\"async\" width=\"300\" height=\"300\" src=\"https:\/\/lasallecadiz.es\/prueba1\/wp-content\/uploads\/sites\/4\/2021\/12\/3-300x300.png\" alt=\"\" class=\"wp-image-8887\" srcset=\"https:\/\/lasallecadiz.es\/vina\/wp-content\/uploads\/sites\/4\/2021\/12\/3-300x300.png 300w, https:\/\/lasallecadiz.es\/vina\/wp-content\/uploads\/sites\/4\/2021\/12\/3-150x150.png 150w, https:\/\/lasallecadiz.es\/vina\/wp-content\/uploads\/sites\/4\/2021\/12\/3.png 500w\" sizes=\"(max-width: 300px) 100vw, 300px\" \/><\/figure><\/div>\n<\/div>\n\n\n\n<div class=\"wp-block-column is-layout-flow wp-block-column-is-layout-flow\"><\/div>\n<\/div>\n\n\n\n<div class=\"wp-block-columns is-layout-flex wp-container-core-columns-is-layout-9d6595d7 wp-block-columns-is-layout-flex\">\n<div class=\"wp-block-column is-layout-flow wp-block-column-is-layout-flow\"><\/div>\n\n\n\n<div class=\"wp-block-column is-layout-flow wp-block-column-is-layout-flow\"><\/div>\n\n\n\n<div class=\"wp-block-column is-layout-flow wp-block-column-is-layout-flow\">\n<div class=\"wp-block-columns is-layout-flex wp-container-core-columns-is-layout-9d6595d7 wp-block-columns-is-layout-flex\">\n<div class=\"wp-block-column is-layout-flow wp-block-column-is-layout-flow\"><\/div>\n\n\n\n<div class=\"wp-block-column is-layout-flow wp-block-column-is-layout-flow\"><\/div>\n\n\n\n<div class=\"wp-block-column is-layout-flow wp-block-column-is-layout-flow\">\n<figure class=\"wp-block-image size-thumbnail is-resized\"><a href=\"https:\/\/lasallecadiz.es\/prueba1\/beca-adriano\/\"><img loading=\"lazy\" decoding=\"async\" src=\"https:\/\/lasallecadiz.es\/prueba1\/wp-content\/uploads\/sites\/4\/2021\/09\/Botones-Web-4-150x150.png\" alt=\"\" class=\"wp-image-8379\" width=\"76\" height=\"76\" srcset=\"https:\/\/lasallecadiz.es\/vina\/wp-content\/uploads\/sites\/4\/2021\/09\/Botones-Web-4-150x150.png 150w, https:\/\/lasallecadiz.es\/vina\/wp-content\/uploads\/sites\/4\/2021\/09\/Botones-Web-4-300x300.png 300w, https:\/\/lasallecadiz.es\/vina\/wp-content\/uploads\/sites\/4\/2021\/09\/Botones-Web-4.png 500w\" sizes=\"(max-width: 76px) 100vw, 76px\" \/><\/a><\/figure>\n<\/div>\n<\/div>\n<\/div>\n<\/div>\n\n\n\n<p><\/p>\n","protected":false},"excerpt":{"rendered":"<p>Es una beca que persigue facilitar la permanencia en el sistema educativo y atender las necesidades del alumnado que cumpliendo los requisitos econ\u00f3micos de la convocatoria de becas de car\u00e1cter general del Ministerio competentes en materia de educaci\u00f3n no supera los acad\u00e9micos. La Beca Adriano se encuentra dirigida al alumnado que curse en modalidad presencial&nbsp;segundo &#8230; <a title=\"\u00bfQui\u00e9n puede solicitarla? \u2013 Beca Adriano\" class=\"read-more\" href=\"https:\/\/lasallecadiz.es\/vina\/quien-puede-solicitarla-beca-adriano\/\" aria-label=\"Leer m\u00e1s sobre \u00bfQui\u00e9n puede solicitarla? \u2013 Beca Adriano\">Leer m\u00e1s<\/a><\/p>\n","protected":false},"author":123482,"featured_media":0,"parent":0,"menu_order":0,"comment_status":"closed","ping_status":"closed","template":"","meta":{"_eb_attr":"","footnotes":""},"class_list":["post-8857","page","type-page","status-publish"],"_links":{"self":[{"href":"https:\/\/lasallecadiz.es\/vina\/wp-json\/wp\/v2\/pages\/8857","targetHints":{"allow":["GET"]}}],"collection":[{"href":"https:\/\/lasallecadiz.es\/vina\/wp-json\/wp\/v2\/pages"}],"about":[{"href":"https:\/\/lasallecadiz.es\/vina\/wp-json\/wp\/v2\/types\/page"}],"author":[{"embeddable":true,"href":"https:\/\/lasallecadiz.es\/vina\/wp-json\/wp\/v2\/users\/123482"}],"replies":[{"embeddable":true,"href":"https:\/\/lasallecadiz.es\/vina\/wp-json\/wp\/v2\/comments?post=8857"}],"version-history":[{"count":5,"href":"https:\/\/lasallecadiz.es\/vina\/wp-json\/wp\/v2\/pages\/8857\/revisions"}],"predecessor-version":[{"id":8889,"href":"https:\/\/lasallecadiz.es\/vina\/wp-json\/wp\/v2\/pages\/8857\/revisions\/8889"}],"wp:attachment":[{"href":"https:\/\/lasallecadiz.es\/vina\/wp-json\/wp\/v2\/media?parent=8857"}],"curies":[{"name":"wp","href":"https:\/\/api.w.org\/{rel}","templated":true}]}}