{"id":8902,"date":"2025-03-25T12:52:31","date_gmt":"2025-03-25T12:52:31","guid":{"rendered":"https:\/\/lasallecadiz.es\/prueba1\/?page_id=8902"},"modified":"2026-01-22T08:34:32","modified_gmt":"2026-01-22T08:34:32","slug":"quien-puede-solicitarla-ayuda-al-transporte","status":"publish","type":"page","link":"https:\/\/lasallecadiz.es\/vina\/quien-puede-solicitarla-ayuda-al-transporte\/","title":{"rendered":"\u00bfQui\u00e9n puede solicitarla? \u2013 Ayuda al transporte"},"content":{"rendered":"\n<p>Estas ayudas est\u00e1n destinadas a:<\/p>\n\n\n\n<p><strong>Alumnado del segundo ciclo de educaci\u00f3n infantil, de educaci\u00f3n primaria, de\u00a0educaci\u00f3n secundaria obligatoria, \u00a0de \u00a0bachillerato \u00a0y \u00a0de formaci\u00f3n \u00a0profesional\u00a0inicial<\/strong>\u00a0de los centros docentes sostenidos con\u00a0fondos p\u00fablicos, que est\u00e9 obligado\u00a0a desplazarse fuera de su localidad de residencia, por inexistencia, en la misma,\u00a0de \u00a0la \u00a0etapa \u00a0educativa \u00a0correspondiente, \u00a0o \u00a0que \u00a0resida \u00a0en n\u00facleos dispersos \u00a0de\u00a0poblaci\u00f3n o en edificaciones diseminadas y no pueda hacer uso de ninguna de\u00a0las modalidades de organizaci\u00f3n y prestaci\u00f3n del servicio.<\/p>\n\n\n\n<p><strong>El alumnado de la modalidad de artes del Bachillerato y de ciclos formativos de&nbsp;Formaci\u00f3n &nbsp; Profesional &nbsp; Inicial<\/strong>&nbsp; &nbsp;que, &nbsp; por &nbsp; su &nbsp; especificidad &nbsp; y &nbsp; dificultad &nbsp; de&nbsp;generalizaci\u00f3n, se encuentren&nbsp;implantados en centros docentes sostenidos con&nbsp;fondos p\u00fablicos alejados de su localidad de residencia.<\/p>\n\n\n\n<p><strong>Excepcionalmente<\/strong>, se podr\u00e1n conceder ayudas individualizadas para&nbsp;<strong>colaborar&nbsp;en &nbsp;los &nbsp;gastos &nbsp;de &nbsp;transporte<\/strong>&nbsp; del &nbsp;alumnado &nbsp;beneficiario &nbsp;del &nbsp;servicio &nbsp;entre&nbsp;su&nbsp;domicilio &nbsp;y &nbsp;la &nbsp;parada &nbsp;establecida &nbsp;de &nbsp;la &nbsp;ruta &nbsp;escolar &nbsp;m\u00e1s &nbsp;cercana &nbsp;a &nbsp;dicho&nbsp;domicilio,&nbsp;<strong>cuando el desplazamiento sea &nbsp;superior a dos kil\u00f3metros.<\/strong><\/p>\n\n\n\n<div class=\"wp-block-columns is-layout-flex wp-container-core-columns-is-layout-9d6595d7 wp-block-columns-is-layout-flex\">\n<div class=\"wp-block-column is-layout-flow wp-block-column-is-layout-flow\">\n<div class=\"wp-block-image\"><figure class=\"aligncenter size-medium\"><img fetchpriority=\"high\" decoding=\"async\" width=\"300\" height=\"300\" src=\"https:\/\/lasallecadiz.es\/prueba1\/wp-content\/uploads\/sites\/4\/2021\/09\/Infantil-300x300.png\" alt=\"\" class=\"wp-image-8377\" srcset=\"https:\/\/lasallecadiz.es\/vina\/wp-content\/uploads\/sites\/4\/2021\/09\/Infantil-300x300.png 300w, https:\/\/lasallecadiz.es\/vina\/wp-content\/uploads\/sites\/4\/2021\/09\/Infantil-150x150.png 150w, https:\/\/lasallecadiz.es\/vina\/wp-content\/uploads\/sites\/4\/2021\/09\/Infantil.png 500w\" sizes=\"(max-width: 300px) 100vw, 300px\" \/><\/figure><\/div>\n<\/div>\n\n\n\n<div class=\"wp-block-column is-layout-flow wp-block-column-is-layout-flow\">\n<div class=\"wp-block-image\"><figure class=\"aligncenter size-medium\"><img decoding=\"async\" width=\"300\" height=\"300\" src=\"https:\/\/lasallecadiz.es\/prueba1\/wp-content\/uploads\/sites\/4\/2021\/09\/Primaria-300x300.png\" alt=\"\" class=\"wp-image-8378\" srcset=\"https:\/\/lasallecadiz.es\/vina\/wp-content\/uploads\/sites\/4\/2021\/09\/Primaria-300x300.png 300w, https:\/\/lasallecadiz.es\/vina\/wp-content\/uploads\/sites\/4\/2021\/09\/Primaria-150x150.png 150w, https:\/\/lasallecadiz.es\/vina\/wp-content\/uploads\/sites\/4\/2021\/09\/Primaria.png 500w\" sizes=\"(max-width: 300px) 100vw, 300px\" \/><\/figure><\/div>\n<\/div>\n\n\n\n<div class=\"wp-block-column is-layout-flow wp-block-column-is-layout-flow\">\n<div class=\"wp-block-image\"><figure class=\"aligncenter size-full\"><img decoding=\"async\" width=\"500\" height=\"500\" src=\"https:\/\/lasallecadiz.es\/prueba1\/wp-content\/uploads\/sites\/4\/2021\/09\/ESO.png\" alt=\"\" class=\"wp-image-8376\" srcset=\"https:\/\/lasallecadiz.es\/vina\/wp-content\/uploads\/sites\/4\/2021\/09\/ESO.png 500w, https:\/\/lasallecadiz.es\/vina\/wp-content\/uploads\/sites\/4\/2021\/09\/ESO-300x300.png 300w, https:\/\/lasallecadiz.es\/vina\/wp-content\/uploads\/sites\/4\/2021\/09\/ESO-150x150.png 150w\" sizes=\"(max-width: 500px) 100vw, 500px\" \/><\/figure><\/div>\n<\/div>\n<\/div>\n\n\n\n<div class=\"wp-block-columns is-layout-flex wp-container-core-columns-is-layout-9d6595d7 wp-block-columns-is-layout-flex\">\n<div class=\"wp-block-column is-layout-flow wp-block-column-is-layout-flow\">\n<div class=\"wp-block-image\"><figure class=\"aligncenter size-full\"><img loading=\"lazy\" decoding=\"async\" width=\"500\" height=\"500\" src=\"https:\/\/lasallecadiz.es\/prueba1\/wp-content\/uploads\/sites\/4\/2021\/09\/Bachilleratos.png\" alt=\"\" class=\"wp-image-8374\" srcset=\"https:\/\/lasallecadiz.es\/vina\/wp-content\/uploads\/sites\/4\/2021\/09\/Bachilleratos.png 500w, https:\/\/lasallecadiz.es\/vina\/wp-content\/uploads\/sites\/4\/2021\/09\/Bachilleratos-300x300.png 300w, https:\/\/lasallecadiz.es\/vina\/wp-content\/uploads\/sites\/4\/2021\/09\/Bachilleratos-150x150.png 150w\" sizes=\"(max-width: 500px) 100vw, 500px\" \/><\/figure><\/div>\n<\/div>\n\n\n\n<div class=\"wp-block-column is-layout-flow wp-block-column-is-layout-flow\">\n<div class=\"wp-block-image\"><figure class=\"aligncenter size-medium\"><img loading=\"lazy\" decoding=\"async\" width=\"300\" height=\"300\" src=\"https:\/\/lasallecadiz.es\/prueba1\/wp-content\/uploads\/sites\/4\/2021\/12\/2-2-300x300.png\" alt=\"\" class=\"wp-image-8885\" srcset=\"https:\/\/lasallecadiz.es\/vina\/wp-content\/uploads\/sites\/4\/2021\/12\/2-2-300x300.png 300w, https:\/\/lasallecadiz.es\/vina\/wp-content\/uploads\/sites\/4\/2021\/12\/2-2-150x150.png 150w, https:\/\/lasallecadiz.es\/vina\/wp-content\/uploads\/sites\/4\/2021\/12\/2-2.png 500w\" sizes=\"(max-width: 300px) 100vw, 300px\" \/><\/figure><\/div>\n<\/div>\n\n\n\n<div class=\"wp-block-column is-layout-flow wp-block-column-is-layout-flow\"><\/div>\n<\/div>\n","protected":false},"excerpt":{"rendered":"<p>Estas ayudas est\u00e1n destinadas a: Alumnado del segundo ciclo de educaci\u00f3n infantil, de educaci\u00f3n primaria, de\u00a0educaci\u00f3n secundaria obligatoria, \u00a0de \u00a0bachillerato \u00a0y \u00a0de formaci\u00f3n \u00a0profesional\u00a0inicial\u00a0de los centros docentes sostenidos con\u00a0fondos p\u00fablicos, que est\u00e9 obligado\u00a0a desplazarse fuera de su localidad de residencia, por inexistencia, en la misma,\u00a0de \u00a0la \u00a0etapa \u00a0educativa \u00a0correspondiente, \u00a0o \u00a0que \u00a0resida \u00a0en n\u00facleos dispersos &#8230; <a title=\"\u00bfQui\u00e9n puede solicitarla? \u2013 Ayuda al transporte\" class=\"read-more\" href=\"https:\/\/lasallecadiz.es\/vina\/quien-puede-solicitarla-ayuda-al-transporte\/\" aria-label=\"Leer m\u00e1s sobre \u00bfQui\u00e9n puede solicitarla? \u2013 Ayuda al transporte\">Leer m\u00e1s<\/a><\/p>\n","protected":false},"author":123482,"featured_media":0,"parent":0,"menu_order":0,"comment_status":"closed","ping_status":"closed","template":"","meta":{"_eb_attr":"","footnotes":""},"class_list":["post-8902","page","type-page","status-publish"],"_links":{"self":[{"href":"https:\/\/lasallecadiz.es\/vina\/wp-json\/wp\/v2\/pages\/8902","targetHints":{"allow":["GET"]}}],"collection":[{"href":"https:\/\/lasallecadiz.es\/vina\/wp-json\/wp\/v2\/pages"}],"about":[{"href":"https:\/\/lasallecadiz.es\/vina\/wp-json\/wp\/v2\/types\/page"}],"author":[{"embeddable":true,"href":"https:\/\/lasallecadiz.es\/vina\/wp-json\/wp\/v2\/users\/123482"}],"replies":[{"embeddable":true,"href":"https:\/\/lasallecadiz.es\/vina\/wp-json\/wp\/v2\/comments?post=8902"}],"version-history":[{"count":3,"href":"https:\/\/lasallecadiz.es\/vina\/wp-json\/wp\/v2\/pages\/8902\/revisions"}],"predecessor-version":[{"id":8909,"href":"https:\/\/lasallecadiz.es\/vina\/wp-json\/wp\/v2\/pages\/8902\/revisions\/8909"}],"wp:attachment":[{"href":"https:\/\/lasallecadiz.es\/vina\/wp-json\/wp\/v2\/media?parent=8902"}],"curies":[{"name":"wp","href":"https:\/\/api.w.org\/{rel}","templated":true}]}}